{"id":5197,"date":"2022-04-29T02:57:41","date_gmt":"2022-04-29T02:57:41","guid":{"rendered":"https:\/\/kajkantenvrango.se\/find-us\/"},"modified":"2025-11-10T08:41:04","modified_gmt":"2025-11-10T08:41:04","slug":"getting-here","status":"publish","type":"page","link":"https:\/\/kajkantenvrango.se\/en\/getting-here\/","title":{"rendered":"Find Us"},"content":{"rendered":"\t\t<div data-elementor-type=\"wp-page\" data-elementor-id=\"5197\" class=\"elementor elementor-5197 elementor-82\" data-elementor-post-type=\"page\">\n\t\t\t\t\t\t<section class=\"elementor-section elementor-top-section elementor-element elementor-element-550c306 elementor-section-full_width elementor-section-height-default elementor-section-height-default\" data-id=\"550c306\" data-element_type=\"section\" data-e-type=\"section\">\n\t\t\t\t\t\t<div class=\"elementor-container elementor-column-gap-no\">\n\t\t\t\t\t<div class=\"elementor-column elementor-col-100 elementor-top-column elementor-element elementor-element-77d1bef\" data-id=\"77d1bef\" data-element_type=\"column\" data-e-type=\"column\">\n\t\t\t<div class=\"elementor-widget-wrap elementor-element-populated\">\n\t\t\t\t\t\t<div class=\"elementor-element elementor-element-bee56e8 elementor-align-left elementor-widget elementor-widget-pages-banner\" data-id=\"bee56e8\" data-element_type=\"widget\" data-e-type=\"widget\" data-widget_type=\"pages-banner.default\">\n\t\t\t\t<div class=\"elementor-widget-container\">\n\t\t\t\t\t\r\n\t\t\t\t<div class=\"banner-header section-padding valign bg-img bg-fixed\" data-overlay-dark=\"4\" data-background=\"http:\/\/kajkantenvrango.se\/wp-content\/uploads\/2024\/04\/bat-vrango.jpg\">\r\n\t\t\t\t\t<div class=\"container\">\r\n\t\t\t\t<div class=\"row\">\r\n\t\t\t\t\t<div class=\"col-md-12 caption mt-90\">\r\n\t\t\t\t\t\t\t\t\t\t\t\t<h5>KAJKANTEN VR\u00c5NG\u00d6<\/h5>\r\n\t\t\t\t\t\t\t\t\t\t\t\t\t\t\t\t\t\t<h1>GETTING HERE<\/h1>\r\n\t\t\t\t\t\t\t\t\t\t\t<\/div>\r\n\t\t\t\t<\/div>\r\n\t\t\t<\/div>\r\n\t\t<\/div>\r\n\r\n\t\t\t\t\t<\/div>\n\t\t\t\t<\/div>\n\t\t\t\t\t<\/div>\n\t\t<\/div>\n\t\t\t\t\t<\/div>\n\t\t<\/section>\n\t\t<div class=\"elementor-element elementor-element-abc95db e-flex e-con-boxed e-con e-parent\" data-id=\"abc95db\" data-element_type=\"container\" data-e-type=\"container\">\n\t\t\t\t\t<div class=\"e-con-inner\">\n\t\t\t\t<div class=\"elementor-element elementor-element-3199cff elementor-widget elementor-widget-heading\" data-id=\"3199cff\" data-element_type=\"widget\" data-e-type=\"widget\" data-widget_type=\"heading.default\">\n\t\t\t\t<div class=\"elementor-widget-container\">\n\t\t\t\t\t<h2 class=\"elementor-heading-title elementor-size-default\">Take the ferry to Vr\u00e5ng\u00f6<\/h2>\t\t\t\t<\/div>\n\t\t\t\t<\/div>\n\t\t\t\t<div class=\"elementor-element elementor-element-b5b15b1 elementor-widget elementor-widget-heading\" data-id=\"b5b15b1\" data-element_type=\"widget\" data-e-type=\"widget\" data-widget_type=\"heading.default\">\n\t\t\t\t<div class=\"elementor-widget-container\">\n\t\t\t\t\t<h2 class=\"elementor-heading-title elementor-size-default\">Ferry service from Saltholmen to Vr\u00e5ng\u00f6 all year round<\/h2>\t\t\t\t<\/div>\n\t\t\t\t<\/div>\n\t\t\t\t<div class=\"elementor-element elementor-element-16598d9 elementor-widget elementor-widget-text-editor\" data-id=\"16598d9\" data-element_type=\"widget\" data-e-type=\"widget\" data-widget_type=\"text-editor.default\">\n\t\t\t\t<div class=\"elementor-widget-container\">\n\t\t\t\t\t\t\t\t\t<p>Vr\u00e5ng\u00f6 is a car-free island in the southern Gothenburg archipelago, and we warmly recommend travelling here by public transport. It\u2019s easy, convenient, and an environmentally friendly choice. You can get to Saltholmen by tram 11 or bus 114. Tram and bus go from central Gothenburg to the ferry stop at Saltholmen, where you change to ferry. The ferries leave almost every hour and the boat trip to Vr\u00e5ng\u00f6 takes about 30 minutes. The ticket for public transport is also valid for the ferry. Plan your journey using V\u00e4sttrafik&#8217;s To Go app, the journey planner. If you come by car, there is long-term parking at L\u00e5ngedrag, a 15-minute walk from the ferry stop. A tip is to unload luggage and passengers at the ferry terminal and then return to the car park and take a walk back or jump on tram line 11 the last bit.<\/p>\t\t\t\t\t\t\t\t<\/div>\n\t\t\t\t<\/div>\n\t\t\t\t\t<\/div>\n\t\t\t\t<\/div>\n\t\t<div class=\"elementor-element elementor-element-02bfc1c cross-box-section e-flex e-con-boxed e-con e-parent\" data-id=\"02bfc1c\" data-element_type=\"container\" data-e-type=\"container\">\n\t\t\t\t\t<div class=\"e-con-inner\">\n\t\t<div class=\"elementor-element elementor-element-d5a1409 e-con-full ct-text-container e-flex e-con e-child\" data-id=\"d5a1409\" data-element_type=\"container\" data-e-type=\"container\" data-settings=\"{&quot;background_background&quot;:&quot;classic&quot;}\">\n\t\t\t\t<div class=\"elementor-element elementor-element-12a2fe0 elementor-widget elementor-widget-heading\" data-id=\"12a2fe0\" data-element_type=\"widget\" data-e-type=\"widget\" data-widget_type=\"heading.default\">\n\t\t\t\t<div class=\"elementor-widget-container\">\n\t\t\t\t\t<h4 class=\"elementor-heading-title elementor-size-default\">Travel to Vr\u00e5ng\u00f6 <\/h4>\t\t\t\t<\/div>\n\t\t\t\t<\/div>\n\t\t\t\t<div class=\"elementor-element elementor-element-3a0b70a elementor-widget elementor-widget-text-editor\" data-id=\"3a0b70a\" data-element_type=\"widget\" data-e-type=\"widget\" data-widget_type=\"text-editor.default\">\n\t\t\t\t<div class=\"elementor-widget-container\">\n\t\t\t\t\t\t\t\t\t<p><span style=\"vertical-align: inherit;\"><span style=\"vertical-align: inherit;\"><span style=\"vertical-align: inherit;\"><span style=\"vertical-align: inherit;\">Vr\u00e5ng\u00f6 is a car-free island in the southern Gothenburg archipelago, and we warmly recommend travelling here by public transport. It\u2019s easy, convenient, and an environmentally friendly choice. You get here by ferry from Saltholmen. The ferries leave many times every day, all year round. Plan your journey with the help of V\u00e4sttrafik&#8217;s journey planner. If you are traveling from central Gothenburg, take a tram or bus to Saltholmen. If you come by car, there is long-term parking at L\u00e5ngedrag, a 15-minute walk from the ferry stop at Saltholmen. <\/span><\/span><\/span><\/span><\/p>\t\t\t\t\t\t\t\t<\/div>\n\t\t\t\t<\/div>\n\t\t\t\t<div class=\"elementor-element elementor-element-ca7a7dd elementor-widget elementor-widget-button\" data-id=\"ca7a7dd\" data-element_type=\"widget\" data-e-type=\"widget\" data-widget_type=\"button.default\">\n\t\t\t\t<div class=\"elementor-widget-container\">\n\t\t\t\t\t\t\t\t\t<div class=\"elementor-button-wrapper\">\n\t\t\t\t\t<a class=\"elementor-button elementor-button-link elementor-size-sm\" href=\"https:\/\/www.vasttrafik.se\/reseplanering\/Reseplaneraren\/\">\n\t\t\t\t\t\t<span class=\"elementor-button-content-wrapper\">\n\t\t\t\t\t\t\t\t\t<span class=\"elementor-button-text\">JOURNEY PLANNER<\/span>\n\t\t\t\t\t<\/span>\n\t\t\t\t\t<\/a>\n\t\t\t\t<\/div>\n\t\t\t\t\t\t\t\t<\/div>\n\t\t\t\t<\/div>\n\t\t\t\t<\/div>\n\t\t<div class=\"elementor-element elementor-element-34b2c51 e-con-full e-flex e-con e-child\" data-id=\"34b2c51\" data-element_type=\"container\" data-e-type=\"container\">\n\t\t\t\t<div class=\"elementor-element elementor-element-d111c94 elementor-widget elementor-widget-google_maps\" data-id=\"d111c94\" data-element_type=\"widget\" data-e-type=\"widget\" data-widget_type=\"google_maps.default\">\n\t\t\t\t<div class=\"elementor-widget-container\">\n\t\t\t\t\t\t\t<div class=\"elementor-custom-embed\">\n\t\t\t<iframe loading=\"lazy\"\n\t\t\t\t\tsrc=\"https:\/\/maps.google.com\/maps?q=Kajkanten%20Vr%C3%A5ng%C3%B6%2C%20info%28a%29kajkantenvrango.se%2C%20Vr%C3%A5ng%C3%B6%20hamnv%C3%A4g%2C%20Vr%C3%A5ng%C3%B6&#038;t=m&#038;z=12&#038;output=embed&#038;iwloc=near\"\n\t\t\t\t\ttitle=\"Kajkanten Vr\u00e5ng\u00f6, info(a)kajkantenvrango.se, Vr\u00e5ng\u00f6 hamnv\u00e4g, Vr\u00e5ng\u00f6\"\n\t\t\t\t\taria-label=\"Kajkanten Vr\u00e5ng\u00f6, info(a)kajkantenvrango.se, Vr\u00e5ng\u00f6 hamnv\u00e4g, Vr\u00e5ng\u00f6\"\n\t\t\t><\/iframe>\n\t\t<\/div>\n\t\t\t\t\t\t<\/div>\n\t\t\t\t<\/div>\n\t\t\t\t<\/div>\n\t\t\t\t\t<\/div>\n\t\t\t\t<\/div>\n\t\t<div class=\"elementor-element elementor-element-95c94b7 cross-box-section e-flex e-con-boxed e-con e-parent\" data-id=\"95c94b7\" data-element_type=\"container\" data-e-type=\"container\">\n\t\t\t\t\t<div class=\"e-con-inner\">\n\t\t<div class=\"elementor-element elementor-element-127262e e-con-full e-flex e-con e-child\" data-id=\"127262e\" data-element_type=\"container\" data-e-type=\"container\">\n\t\t<div class=\"elementor-element elementor-element-d196307 e-con-full e-flex e-con e-child\" data-id=\"d196307\" data-element_type=\"container\" data-e-type=\"container\">\n\t\t\t\t<div class=\"elementor-element elementor-element-10c8eaa elementor-widget__width-inherit elementor-widget elementor-widget-image\" data-id=\"10c8eaa\" data-element_type=\"widget\" data-e-type=\"widget\" data-widget_type=\"image.default\">\n\t\t\t\t<div class=\"elementor-widget-container\">\n\t\t\t\t\t\t\t\t\t\t\t\t\t\t\t<img fetchpriority=\"high\" decoding=\"async\" width=\"1140\" height=\"760\" src=\"https:\/\/kajkantenvrango.se\/wp-content\/uploads\/2024\/10\/batutflykt.jpg\" class=\"attachment-full size-full wp-image-12602\" alt=\"\" srcset=\"https:\/\/kajkantenvrango.se\/wp-content\/uploads\/2024\/10\/batutflykt.jpg 1140w, https:\/\/kajkantenvrango.se\/wp-content\/uploads\/2024\/10\/batutflykt-300x200.jpg 300w, https:\/\/kajkantenvrango.se\/wp-content\/uploads\/2024\/10\/batutflykt-1024x683.jpg 1024w, https:\/\/kajkantenvrango.se\/wp-content\/uploads\/2024\/10\/batutflykt-768x512.jpg 768w\" sizes=\"(max-width: 1140px) 100vw, 1140px\" \/>\t\t\t\t\t\t\t\t\t\t\t\t\t\t\t<\/div>\n\t\t\t\t<\/div>\n\t\t\t\t<\/div>\n\t\t\t\t<\/div>\n\t\t<div class=\"elementor-element elementor-element-a2ac434 e-con-full ct-text-container e-flex e-con e-child\" data-id=\"a2ac434\" data-element_type=\"container\" data-e-type=\"container\" data-settings=\"{&quot;background_background&quot;:&quot;classic&quot;}\">\n\t\t\t\t<div class=\"elementor-element elementor-element-24f62a2 elementor-widget elementor-widget-heading\" data-id=\"24f62a2\" data-element_type=\"widget\" data-e-type=\"widget\" data-widget_type=\"heading.default\">\n\t\t\t\t<div class=\"elementor-widget-container\">\n\t\t\t\t\t<h4 class=\"elementor-heading-title elementor-size-default\">More about Vr\u00e5ng\u00f6<\/h4>\t\t\t\t<\/div>\n\t\t\t\t<\/div>\n\t\t\t\t<div class=\"elementor-element elementor-element-0528409 elementor-widget elementor-widget-text-editor\" data-id=\"0528409\" data-element_type=\"widget\" data-e-type=\"widget\" data-widget_type=\"text-editor.default\">\n\t\t\t\t<div class=\"elementor-widget-container\">\n\t\t\t\t\t\t\t\t\t<p style=\"font-weight: 400;\">When you get off the ferry at Vr\u00e5ng\u00f6, it&#8217;s a 15-minute walk across the island to Kajkanten&#8217;s hotel and ha sauna raft. The hotel is located in the fishing harbor on the other side of the island.<\/p>\t\t\t\t\t\t\t\t<\/div>\n\t\t\t\t<\/div>\n\t\t\t\t<div class=\"elementor-element elementor-element-bc5c0eb elementor-widget elementor-widget-button\" data-id=\"bc5c0eb\" data-element_type=\"widget\" data-e-type=\"widget\" data-widget_type=\"button.default\">\n\t\t\t\t<div class=\"elementor-widget-container\">\n\t\t\t\t\t\t\t\t\t<div class=\"elementor-button-wrapper\">\n\t\t\t\t\t<a class=\"elementor-button elementor-button-link elementor-size-sm\" href=\"https:\/\/kajkantenvrango.se\/en\/vrango\/\">\n\t\t\t\t\t\t<span class=\"elementor-button-content-wrapper\">\n\t\t\t\t\t\t\t\t\t<span class=\"elementor-button-text\">READ MORE<\/span>\n\t\t\t\t\t<\/span>\n\t\t\t\t\t<\/a>\n\t\t\t\t<\/div>\n\t\t\t\t\t\t\t\t<\/div>\n\t\t\t\t<\/div>\n\t\t\t\t<\/div>\n\t\t\t\t\t<\/div>\n\t\t\t\t<\/div>\n\t\t<div class=\"elementor-element elementor-element-4580f69a e-flex e-con-boxed e-con e-parent\" data-id=\"4580f69a\" data-element_type=\"container\" data-e-type=\"container\">\n\t\t\t\t\t<div class=\"e-con-inner\">\n\t\t\t\t<div class=\"elementor-element elementor-element-226e1523 elementor-widget elementor-widget-heading\" data-id=\"226e1523\" data-element_type=\"widget\" data-e-type=\"widget\" data-widget_type=\"heading.default\">\n\t\t\t\t<div class=\"elementor-widget-container\">\n\t\t\t\t\t<h3 class=\"elementor-heading-title elementor-size-default\">Subscribe to our newsletter<\/h3>\t\t\t\t<\/div>\n\t\t\t\t<\/div>\n\t\t\t\t<div class=\"elementor-element elementor-element-76fa0344 elementor-widget elementor-widget-text-editor\" data-id=\"76fa0344\" data-element_type=\"widget\" data-e-type=\"widget\" data-widget_type=\"text-editor.default\">\n\t\t\t\t<div class=\"elementor-widget-container\">\n\t\t\t\t\t\t\t\t\t<p>Offer and inspiration from Kajkanten. Fill in your email address and send. <\/p>\n\t\t\t\t\t\t\t\t<\/div>\n\t\t\t\t<\/div>\n\t\t\t\t<div class=\"elementor-element elementor-element-766ebde7 elementor-button-align-end elementor-mobile-button-align-center elementor-widget elementor-widget-form\" data-id=\"766ebde7\" data-element_type=\"widget\" data-e-type=\"widget\" data-settings=\"{&quot;button_width&quot;:&quot;40&quot;,&quot;step_next_label&quot;:&quot;Next&quot;,&quot;step_previous_label&quot;:&quot;Previous&quot;,&quot;step_type&quot;:&quot;number_text&quot;,&quot;step_icon_shape&quot;:&quot;circle&quot;}\" data-widget_type=\"form.default\">\n\t\t\t\t<div class=\"elementor-widget-container\">\n\t\t\t\t\t\t\t<form class=\"elementor-form\" method=\"post\" name=\"Newsletter\">\n\t\t\t<input type=\"hidden\" name=\"post_id\" value=\"5197\"\/>\n\t\t\t<input type=\"hidden\" name=\"form_id\" value=\"766ebde7\"\/>\n\t\t\t<input type=\"hidden\" name=\"referer_title\" value=\"Find Us - kajkantenvrango\" \/>\n\n\t\t\t\t\t\t\t<input type=\"hidden\" name=\"queried_id\" value=\"5197\"\/>\n\t\t\t\n\t\t\t<div class=\"elementor-form-fields-wrapper elementor-labels-\">\n\t\t\t\t\t\t\t\t<div class=\"elementor-field-type-email elementor-field-group elementor-column elementor-field-group-email elementor-col-60 elementor-sm-100 elementor-field-required\">\n\t\t\t\t\t\t\t\t\t\t\t\t<label for=\"form-field-email\" class=\"elementor-field-label elementor-screen-only\">\n\t\t\t\t\t\t\t\tEmail\t\t\t\t\t\t\t<\/label>\n\t\t\t\t\t\t\t\t\t\t\t\t\t\t<input size=\"1\" type=\"email\" name=\"form_fields[email]\" id=\"form-field-email\" class=\"elementor-field elementor-size-md  elementor-field-textual\" placeholder=\"Din e-post\" required=\"required\" aria-required=\"true\">\n\t\t\t\t\t\t\t\t\t\t\t<\/div>\n\t\t\t\t\t\t\t\t<div class=\"elementor-field-group elementor-column elementor-field-type-submit elementor-col-40 e-form__buttons\">\n\t\t\t\t\t<button class=\"elementor-button elementor-size-md\" type=\"submit\">\n\t\t\t\t\t\t<span class=\"elementor-button-content-wrapper\">\n\t\t\t\t\t\t\t\t\t\t\t\t\t\t\t\t\t\t\t\t\t\t<span class=\"elementor-button-text\">Send<\/span>\n\t\t\t\t\t\t\t\t\t\t\t\t\t<\/span>\n\t\t\t\t\t<\/button>\n\t\t\t\t<\/div>\n\t\t\t<\/div>\n\t\t<\/form>\n\t\t\t\t\t\t<\/div>\n\t\t\t\t<\/div>\n\t\t\t\t<div class=\"elementor-element elementor-element-70326df elementor-widget elementor-widget-spacer\" data-id=\"70326df\" data-element_type=\"widget\" data-e-type=\"widget\" data-widget_type=\"spacer.default\">\n\t\t\t\t<div class=\"elementor-widget-container\">\n\t\t\t\t\t\t\t<div class=\"elementor-spacer\">\n\t\t\t<div class=\"elementor-spacer-inner\"><\/div>\n\t\t<\/div>\n\t\t\t\t\t\t<\/div>\n\t\t\t\t<\/div>\n\t\t\t\t\t<\/div>\n\t\t\t\t<\/div>\n\t\t\t\t<\/div>\n\t\t","protected":false},"excerpt":{"rendered":"<p>KAJKANTEN VR\u00c5NG\u00d6 GETTING HERE Take the ferry to Vr\u00e5ng\u00f6 Ferry service from Saltholmen to Vr\u00e5ng\u00f6 all year round Vr\u00e5ng\u00f6 is a car-free island in the southern Gothenburg archipelago, and we warmly recommend travelling here by public transport. It\u2019s easy, convenient, and an environmentally friendly choice. You can get to Saltholmen by tram 11 or bus [&hellip;]<\/p>\n","protected":false},"author":1,"featured_media":0,"parent":0,"menu_order":0,"comment_status":"closed","ping_status":"closed","template":"page-templates\/home.php","meta":{"inline_featured_image":false,"footnotes":""},"class_list":["post-5197","page","type-page","status-publish","hentry"],"yoast_head":"<!-- This site is optimized with the Yoast SEO plugin v25.8 - https:\/\/yoast.com\/wordpress\/plugins\/seo\/ -->\n<title>Find Us - kajkantenvrango<\/title>\n<meta name=\"description\" content=\"Take the ferryfrom Saltholmen in Gothenburg to Vr\u00e5ng\u00f6. You can reach Saltholmen by tram 11 or bus 114. Boats operate year-round..\" \/>\n<meta name=\"robots\" content=\"index, follow, max-snippet:-1, max-image-preview:large, max-video-preview:-1\" \/>\n<link rel=\"canonical\" href=\"https:\/\/kajkantenvrango.se\/en\/getting-here\/\" \/>\n<meta property=\"og:locale\" content=\"en_US\" \/>\n<meta property=\"og:type\" content=\"article\" \/>\n<meta property=\"og:title\" content=\"Find Us - kajkantenvrango\" \/>\n<meta property=\"og:description\" content=\"Take the ferryfrom Saltholmen in Gothenburg to Vr\u00e5ng\u00f6. You can reach Saltholmen by tram 11 or bus 114. Boats operate year-round..\" \/>\n<meta property=\"og:url\" content=\"https:\/\/kajkantenvrango.se\/en\/getting-here\/\" \/>\n<meta property=\"og:site_name\" content=\"kajkantenvrango\" \/>\n<meta property=\"article:modified_time\" content=\"2025-11-10T08:41:04+00:00\" \/>\n<meta property=\"og:image\" content=\"https:\/\/kajkantenvrango.se\/wp-content\/uploads\/2024\/10\/batutflykt.jpg\" \/>\n\t<meta property=\"og:image:width\" content=\"1140\" \/>\n\t<meta property=\"og:image:height\" content=\"760\" \/>\n\t<meta property=\"og:image:type\" content=\"image\/jpeg\" \/>\n<meta name=\"twitter:card\" content=\"summary_large_image\" \/>\n<meta name=\"twitter:label1\" content=\"Est. reading time\" \/>\n\t<meta name=\"twitter:data1\" content=\"2 minutes\" \/>\n<script type=\"application\/ld+json\" class=\"yoast-schema-graph\">{\"@context\":\"https:\/\/schema.org\",\"@graph\":[{\"@type\":\"WebPage\",\"@id\":\"https:\/\/kajkantenvrango.se\/en\/getting-here\/\",\"url\":\"https:\/\/kajkantenvrango.se\/en\/getting-here\/\",\"name\":\"Find Us - kajkantenvrango\",\"isPartOf\":{\"@id\":\"https:\/\/kajkantenvrango.se\/en\/#website\"},\"primaryImageOfPage\":{\"@id\":\"https:\/\/kajkantenvrango.se\/en\/getting-here\/#primaryimage\"},\"image\":{\"@id\":\"https:\/\/kajkantenvrango.se\/en\/getting-here\/#primaryimage\"},\"thumbnailUrl\":\"https:\/\/kajkantenvrango.se\/wp-content\/uploads\/2024\/10\/batutflykt.jpg\",\"datePublished\":\"2022-04-29T02:57:41+00:00\",\"dateModified\":\"2025-11-10T08:41:04+00:00\",\"description\":\"Take the ferryfrom Saltholmen in Gothenburg to Vr\u00e5ng\u00f6. You can reach Saltholmen by tram 11 or bus 114. Boats operate year-round..\",\"breadcrumb\":{\"@id\":\"https:\/\/kajkantenvrango.se\/en\/getting-here\/#breadcrumb\"},\"inLanguage\":\"en-US\",\"potentialAction\":[{\"@type\":\"ReadAction\",\"target\":[\"https:\/\/kajkantenvrango.se\/en\/getting-here\/\"]}]},{\"@type\":\"ImageObject\",\"inLanguage\":\"en-US\",\"@id\":\"https:\/\/kajkantenvrango.se\/en\/getting-here\/#primaryimage\",\"url\":\"https:\/\/kajkantenvrango.se\/wp-content\/uploads\/2024\/10\/batutflykt.jpg\",\"contentUrl\":\"https:\/\/kajkantenvrango.se\/wp-content\/uploads\/2024\/10\/batutflykt.jpg\"},{\"@type\":\"BreadcrumbList\",\"@id\":\"https:\/\/kajkantenvrango.se\/en\/getting-here\/#breadcrumb\",\"itemListElement\":[{\"@type\":\"ListItem\",\"position\":1,\"name\":\"Home\",\"item\":\"https:\/\/kajkantenvrango.se\/en\/\"},{\"@type\":\"ListItem\",\"position\":2,\"name\":\"Find Us\"}]},{\"@type\":\"WebSite\",\"@id\":\"https:\/\/kajkantenvrango.se\/en\/#website\",\"url\":\"https:\/\/kajkantenvrango.se\/en\/\",\"name\":\"kajkantenvrango\",\"description\":\"\",\"potentialAction\":[{\"@type\":\"SearchAction\",\"target\":{\"@type\":\"EntryPoint\",\"urlTemplate\":\"https:\/\/kajkantenvrango.se\/en\/?s={search_term_string}\"},\"query-input\":{\"@type\":\"PropertyValueSpecification\",\"valueRequired\":true,\"valueName\":\"search_term_string\"}}],\"inLanguage\":\"en-US\"}]}<\/script>\n<!-- \/ Yoast SEO plugin. -->","yoast_head_json":{"title":"Find Us - kajkantenvrango","description":"Take the ferryfrom Saltholmen in Gothenburg to Vr\u00e5ng\u00f6. You can reach Saltholmen by tram 11 or bus 114. Boats operate year-round..","robots":{"index":"index","follow":"follow","max-snippet":"max-snippet:-1","max-image-preview":"max-image-preview:large","max-video-preview":"max-video-preview:-1"},"canonical":"https:\/\/kajkantenvrango.se\/en\/getting-here\/","og_locale":"en_US","og_type":"article","og_title":"Find Us - kajkantenvrango","og_description":"Take the ferryfrom Saltholmen in Gothenburg to Vr\u00e5ng\u00f6. You can reach Saltholmen by tram 11 or bus 114. Boats operate year-round..","og_url":"https:\/\/kajkantenvrango.se\/en\/getting-here\/","og_site_name":"kajkantenvrango","article_modified_time":"2025-11-10T08:41:04+00:00","og_image":[{"width":1140,"height":760,"url":"https:\/\/kajkantenvrango.se\/wp-content\/uploads\/2024\/10\/batutflykt.jpg","type":"image\/jpeg"}],"twitter_card":"summary_large_image","twitter_misc":{"Est. reading time":"2 minutes"},"schema":{"@context":"https:\/\/schema.org","@graph":[{"@type":"WebPage","@id":"https:\/\/kajkantenvrango.se\/en\/getting-here\/","url":"https:\/\/kajkantenvrango.se\/en\/getting-here\/","name":"Find Us - kajkantenvrango","isPartOf":{"@id":"https:\/\/kajkantenvrango.se\/en\/#website"},"primaryImageOfPage":{"@id":"https:\/\/kajkantenvrango.se\/en\/getting-here\/#primaryimage"},"image":{"@id":"https:\/\/kajkantenvrango.se\/en\/getting-here\/#primaryimage"},"thumbnailUrl":"https:\/\/kajkantenvrango.se\/wp-content\/uploads\/2024\/10\/batutflykt.jpg","datePublished":"2022-04-29T02:57:41+00:00","dateModified":"2025-11-10T08:41:04+00:00","description":"Take the ferryfrom Saltholmen in Gothenburg to Vr\u00e5ng\u00f6. You can reach Saltholmen by tram 11 or bus 114. Boats operate year-round..","breadcrumb":{"@id":"https:\/\/kajkantenvrango.se\/en\/getting-here\/#breadcrumb"},"inLanguage":"en-US","potentialAction":[{"@type":"ReadAction","target":["https:\/\/kajkantenvrango.se\/en\/getting-here\/"]}]},{"@type":"ImageObject","inLanguage":"en-US","@id":"https:\/\/kajkantenvrango.se\/en\/getting-here\/#primaryimage","url":"https:\/\/kajkantenvrango.se\/wp-content\/uploads\/2024\/10\/batutflykt.jpg","contentUrl":"https:\/\/kajkantenvrango.se\/wp-content\/uploads\/2024\/10\/batutflykt.jpg"},{"@type":"BreadcrumbList","@id":"https:\/\/kajkantenvrango.se\/en\/getting-here\/#breadcrumb","itemListElement":[{"@type":"ListItem","position":1,"name":"Home","item":"https:\/\/kajkantenvrango.se\/en\/"},{"@type":"ListItem","position":2,"name":"Find Us"}]},{"@type":"WebSite","@id":"https:\/\/kajkantenvrango.se\/en\/#website","url":"https:\/\/kajkantenvrango.se\/en\/","name":"kajkantenvrango","description":"","potentialAction":[{"@type":"SearchAction","target":{"@type":"EntryPoint","urlTemplate":"https:\/\/kajkantenvrango.se\/en\/?s={search_term_string}"},"query-input":{"@type":"PropertyValueSpecification","valueRequired":true,"valueName":"search_term_string"}}],"inLanguage":"en-US"}]}},"_links":{"self":[{"href":"https:\/\/kajkantenvrango.se\/en\/wp-json\/wp\/v2\/pages\/5197","targetHints":{"allow":["GET"]}}],"collection":[{"href":"https:\/\/kajkantenvrango.se\/en\/wp-json\/wp\/v2\/pages"}],"about":[{"href":"https:\/\/kajkantenvrango.se\/en\/wp-json\/wp\/v2\/types\/page"}],"author":[{"embeddable":true,"href":"https:\/\/kajkantenvrango.se\/en\/wp-json\/wp\/v2\/users\/1"}],"replies":[{"embeddable":true,"href":"https:\/\/kajkantenvrango.se\/en\/wp-json\/wp\/v2\/comments?post=5197"}],"version-history":[{"count":40,"href":"https:\/\/kajkantenvrango.se\/en\/wp-json\/wp\/v2\/pages\/5197\/revisions"}],"predecessor-version":[{"id":25072,"href":"https:\/\/kajkantenvrango.se\/en\/wp-json\/wp\/v2\/pages\/5197\/revisions\/25072"}],"wp:attachment":[{"href":"https:\/\/kajkantenvrango.se\/en\/wp-json\/wp\/v2\/media?parent=5197"}],"curies":[{"name":"wp","href":"https:\/\/api.w.org\/{rel}","templated":true}]}}