{"id":27930,"date":"2023-03-21T09:25:47","date_gmt":"2023-03-21T09:25:47","guid":{"rendered":"https:\/\/kajkantenvrango.se\/juni\/"},"modified":"2026-01-17T13:48:59","modified_gmt":"2026-01-17T13:48:59","slug":"june","status":"publish","type":"page","link":"https:\/\/kajkantenvrango.se\/en\/june\/","title":{"rendered":"June"},"content":{"rendered":"\t\t<div data-elementor-type=\"wp-page\" data-elementor-id=\"27930\" class=\"elementor elementor-27930 elementor-26481\" data-elementor-post-type=\"page\">\n\t\t\t\t\t\t<section class=\"elementor-section elementor-top-section elementor-element elementor-element-39a9355 elementor-section-full_width elementor-section-height-default elementor-section-height-default\" data-id=\"39a9355\" data-element_type=\"section\" data-e-type=\"section\">\n\t\t\t\t\t\t<div class=\"elementor-container elementor-column-gap-no\">\n\t\t\t\t\t<div class=\"elementor-column elementor-col-100 elementor-top-column elementor-element elementor-element-93e3f7c\" data-id=\"93e3f7c\" data-element_type=\"column\" data-e-type=\"column\">\n\t\t\t<div class=\"elementor-widget-wrap elementor-element-populated\">\n\t\t\t\t\t\t<div class=\"elementor-element elementor-element-960ecca elementor-align-left elementor-widget elementor-widget-pages-banner\" data-id=\"960ecca\" data-element_type=\"widget\" data-e-type=\"widget\" data-widget_type=\"pages-banner.default\">\n\t\t\t\t<div class=\"elementor-widget-container\">\n\t\t\t\t\t\r\n\t\t\t\t<div class=\"banner-header section-padding valign bg-img bg-fixed\" data-overlay-dark=\"4\" data-background=\"https:\/\/kajkantenvrango.se\/wp-content\/uploads\/2025\/11\/midsommar-vrango-fest.jpg\">\r\n\t\t\t\t\t<div class=\"container\">\r\n\t\t\t\t<div class=\"row\">\r\n\t\t\t\t\t<div class=\"col-md-12 caption mt-90\">\r\n\t\t\t\t\t\t\t\t\t\t\t\t<h5>Kajkanten Vr\u00e5ng\u00f6<\/h5>\r\n\t\t\t\t\t\t\t\t\t\t\t\t\t\t\t\t\t\t<h1>JUNE<\/h1>\r\n\t\t\t\t\t\t\t\t\t\t\t<\/div>\r\n\t\t\t\t<\/div>\r\n\t\t\t<\/div>\r\n\t\t<\/div>\r\n\r\n\t\t\t\t\t<\/div>\n\t\t\t\t<\/div>\n\t\t\t\t<div class=\"elementor-element elementor-element-3deeef0 elementor-widget elementor-widget-spacer\" data-id=\"3deeef0\" data-element_type=\"widget\" data-e-type=\"widget\" data-widget_type=\"spacer.default\">\n\t\t\t\t<div class=\"elementor-widget-container\">\n\t\t\t\t\t\t\t<div class=\"elementor-spacer\">\n\t\t\t<div class=\"elementor-spacer-inner\"><\/div>\n\t\t<\/div>\n\t\t\t\t\t\t<\/div>\n\t\t\t\t<\/div>\n\t\t\t\t\t<\/div>\n\t\t<\/div>\n\t\t\t\t\t<\/div>\n\t\t<\/section>\n\t\t<div class=\"elementor-element elementor-element-2d00953 e-flex e-con-boxed e-con e-parent\" data-id=\"2d00953\" data-element_type=\"container\" data-e-type=\"container\">\n\t\t\t\t\t<div class=\"e-con-inner\">\n\t\t\t\t<div class=\"elementor-element elementor-element-7b834ee elementor-widget elementor-widget-heading\" data-id=\"7b834ee\" data-element_type=\"widget\" data-e-type=\"widget\" data-widget_type=\"heading.default\">\n\t\t\t\t<div class=\"elementor-widget-container\">\n\t\t\t\t\t<h2 class=\"elementor-heading-title elementor-size-default\">June on Vr\u00e5ng\u00f6 <\/h2>\t\t\t\t<\/div>\n\t\t\t\t<\/div>\n\t\t\t\t\t<\/div>\n\t\t\t\t<\/div>\n\t\t<div class=\"elementor-element elementor-element-e81ccc9 e-flex e-con-boxed e-con e-parent\" data-id=\"e81ccc9\" data-element_type=\"container\" data-e-type=\"container\">\n\t\t\t\t\t<div class=\"e-con-inner\">\n\t\t\t\t<div class=\"elementor-element elementor-element-9b21876 elementor-widget elementor-widget-heading\" data-id=\"9b21876\" data-element_type=\"widget\" data-e-type=\"widget\" data-widget_type=\"heading.default\">\n\t\t\t\t<div class=\"elementor-widget-container\">\n\t\t\t\t\t<h2 class=\"elementor-heading-title elementor-size-default\">Midsummer \u2013 and finally, summer is here.<\/h2>\t\t\t\t<\/div>\n\t\t\t\t<\/div>\n\t\t\t\t<div class=\"elementor-element elementor-element-0b1e088 elementor-widget elementor-widget-text-editor\" data-id=\"0b1e088\" data-element_type=\"widget\" data-e-type=\"widget\" data-widget_type=\"text-editor.default\">\n\t\t\t\t<div class=\"elementor-widget-container\">\n\t\t\t\t\t\t\t\t\t<p data-start=\"100\" data-end=\"438\">Summer holidays have arrived, vacation time is just around the corner, and the island fills with happy visitors, boat life, and eager swimmers.<br data-start=\"247\" data-end=\"250\" \/>In the guest harbor, boats bob closely together, flags snap in the breeze, and the days stretch out as if they never want to end \u2013 with bright, warm evenings lingering late into the night.<\/p><p data-start=\"440\" data-end=\"802\">Our kayaks are ready for new sea adventures, perfect for those who want to paddle out toward the uninhabited islands of the outer archipelago. If you prefer to explore on foot, there are hiking trails that lead past swimming coves, rocky cliffs, and scenic viewpoints \u2013 and with a bit of luck, you might even discover your very own beach or a cliff to dive from.<\/p><p data-start=\"804\" data-end=\"929\">If you\u2019d like to book the relaxation raft for private swimming and quiet moments, there are plenty of opportunities to do so.<\/p><p data-start=\"931\" data-end=\"1143\">Early summer reaches its peak as we celebrate Midsummer. On Midsummer\u2019s Eve, we gather for music and dancing around the maypole \u2013 an authentic celebration with flower crowns and bunting as far as the eye can see.<\/p><p data-start=\"1145\" data-end=\"1337\">Guests who book our <strong data-start=\"1165\" data-end=\"1186\">Midsummer Package<\/strong> arrive on Thursday, June 18, and stay until Sunday, June 21 \u2013 plenty of time to celebrate, swim, hike, and enjoy the unhurried rhythm of early summer.<\/p><hr data-start=\"1489\" data-end=\"1492\" \/>\t\t\t\t\t\t\t\t<\/div>\n\t\t\t\t<\/div>\n\t\t<div class=\"elementor-element elementor-element-c462de9 e-flex e-con-boxed e-con e-child\" data-id=\"c462de9\" data-element_type=\"container\" data-e-type=\"container\">\n\t\t\t\t\t<div class=\"e-con-inner\">\n\t\t<div class=\"elementor-element elementor-element-dc7c3c6 e-con-full e-flex e-con e-child\" data-id=\"dc7c3c6\" data-element_type=\"container\" data-e-type=\"container\">\n\t\t\t\t<div class=\"elementor-element elementor-element-4cca26e elementor-align-left elementor-widget elementor-widget-home-services-2\" data-id=\"4cca26e\" data-element_type=\"widget\" data-e-type=\"widget\" data-widget_type=\"home-services-2.default\">\n\t\t\t\t<div class=\"elementor-widget-container\">\n\t\t\t\t\t\r\n\t\t<section class=\"services section-padding\">\r\n\t\t\t<div class=\"container\">\r\n\t\t\t\t\t\t\t\t\t\t\t\t\t\t\t<div class=\"row\">\r\n\t\t\t\t\t\t\t<div class=\"col-md-6 p-0 animate-box\" data-animate-effect=\"fadeInLeft\">\r\n\t\t\t\t\t\t\t\t\t\t\t\t\t\t\t\t\t<div class=\"img left\">\r\n\t\t\t\t\t\t\t\t\t\t<a href=\"https:\/\/kajkantenvrango.se\/en\/midsummer-package\/\"><img decoding=\"async\" src=\"https:\/\/kajkantenvrango.se\/wp-content\/uploads\/2024\/04\/midsommar-vrango-1.jpg\" alt=\"\"><\/a>\r\n\t\t\t\t\t\t\t\t\t<\/div>\r\n\t\t\t\t\t\t\t\t\t\t\t\t\t\t\t<\/div>\r\n\t\t\t\t\t\t\t\t\t\t\t\t\t\t<div class=\"col-md-6 p-0 bg-cream valign animate-box\" data-animate-effect=\"fadeInRight\">\r\n\t\t\t\t\t\t\t\t \r\n\t\t\t\t\t\t\t\t<div class=\"content\">\r\n\t\t\t\t\t\t\t\t\t<div class=\"cont text-left\">\r\n\t\t\t\t\t\t\t\t\t\t\t\t\t\t\t\t\t\t\t\t\t\t\t\t\t\t\t\t\t\t\t<h4>Midsummer Package<\/h4>\r\n\t\t\t\t\t\t\t\t\t\t\t\t\t\t\t\t\t\t\t\t\t\t\t\t\t\t\t\t\t\t\t<p>Book our Midsummer Package and enjoy three days filled with celebration, dancing, and Midsummer festivities.\nIf you wish to experience a traditional Midsummer celebration with dancing around the maypole and a lively seaside folk festival, we invite you to a wonderful long weekend on Vr\u00e5ng\u00f6.<\/p>\r\n\t\t\t\t\t\t\t\t\t\t\t\t\t\t\t\t\t\t\t\t\t\t\t\t\t\t\t\t\t\t\t<div class=\"butn-dark\"> <a href=\"https:\/\/kajkantenvrango.se\/en\/midsummer-package\/\"><span>Read more &amp; Book<\/span><\/a> <\/div>\r\n\t\t\t\t\t\t\t\t\t\t\t\t\t\t\t\t\t\t\t<\/div>\r\n\t\t\t\t\t\t\t\t<\/div>\r\n\t\t\t\t\t\t\t<\/div>\r\n\t\t\t\t\t\t<\/div>\r\n\t\t\t\t\t\t\t\t\t\t\t\t\t\t\t\t\t\t\t\t\t\t\t<div class=\"row\">\r\n\t\t\t\t\t\t\t\t\t\t\t\t\t\t\t\t<div class=\"col-md-6 bg-cream p-0 order2 valign animate-box\" data-animate-effect=\"fadeInLeft\">\r\n\t\t\t\t\t\t\t\t\t \r\n\t\t\t\t\t\t\t\t\t<div class=\"content\">\r\n\t\t\t\t\t\t\t\t\t\t<div class=\"cont text-left\">\r\n\t\t\t\t\t\t\t\t\t\t\t\t\t\t\t\t\t\t\t\t\t\t\t\t\t\t\t\t\t\t\t\t\t\t<h4>Midsummer Eve, June 19th<\/h4>\r\n\t\t\t\t\t\t\t\t\t\t\t\t\t\t\t\t\t\t\t\t\t\t\t\t\t\t\t\t\t\t\t\t\t\t<p>Midsummer\u2019s Eve itself is celebrated with dancing, entertainment, and live music at Kajkanten \u2013 read more about everything taking place on this beautiful summer day.\u201d<\/p>\r\n\t\t\t\t\t\t\t\t\t\t\t\t\t\t\t\t\t\t\t\t\t\t\t\t\t\t\t\t\t\t\t\t\t\t<div class=\"butn-dark\"> <a href=\"https:\/\/kajkantenvrango.se\/en\/midsummer\/\"><span>Read More <\/span><\/a> <\/div>\r\n\t\t\t\t\t\t\t\t\t\t\t\t\t\t\t\t\t\t\t\t\t<\/div>\r\n\t\t\t\t\t\t\t\t\t<\/div>\r\n\t\t\t\t\t\t\t\t<\/div>\r\n\t\t\t\t\t\t\t\t<div class=\"col-md-6 p-0 order1 animate-box\" data-animate-effect=\"fadeInRight\">\r\n\t\t\t\t\t\t\t\t\t\t\t\t\t\t\t\t\t\t\t<div class=\"img\">\r\n\t\t\t\t\t\t\t\t\t\t\t<a href=\"https:\/\/kajkantenvrango.se\/en\/midsummer\/\"><img decoding=\"async\" src=\"https:\/\/kajkantenvrango.se\/wp-content\/uploads\/2025\/06\/Midsommartag-Vrango.png\" alt=\"\"><\/a>\r\n\t\t\t\t\t\t\t\t\t\t<\/div>\r\n\t\t\t\t\t\t\t\t\t\t\t\t\t\t\t\t\t<\/div>\r\n\t\t\t\t\t\t\t<\/div>\r\n\t\t\t\t\t\t\t\t\t\t\t\t\t\t\t\t\t\t\t\t\t\t<div class=\"row\">\r\n\t\t\t\t\t\t\t<div class=\"col-md-6 p-0 animate-box\" data-animate-effect=\"fadeInLeft\">\r\n\t\t\t\t\t\t\t\t\t\t\t\t\t\t\t\t\t<div class=\"img left\">\r\n\t\t\t\t\t\t\t\t\t\t<a href=\"https:\/\/kajkantenvrango.se\/en\/sea-kayaking\/\"><img decoding=\"async\" src=\"https:\/\/kajkantenvrango.se\/wp-content\/uploads\/2024\/03\/kajak-vrango-1.jpg\" alt=\"\"><\/a>\r\n\t\t\t\t\t\t\t\t\t<\/div>\r\n\t\t\t\t\t\t\t\t\t\t\t\t\t\t\t<\/div>\r\n\t\t\t\t\t\t\t\t\t\t\t\t\t\t<div class=\"col-md-6 p-0 bg-cream valign animate-box\" data-animate-effect=\"fadeInRight\">\r\n\t\t\t\t\t\t\t\t \r\n\t\t\t\t\t\t\t\t<div class=\"content\">\r\n\t\t\t\t\t\t\t\t\t<div class=\"cont text-left\">\r\n\t\t\t\t\t\t\t\t\t\t\t\t\t\t\t\t\t\t\t\t\t\t\t\t\t\t\t\t\t\t\t<h4>Kayak Rental<\/h4>\r\n\t\t\t\t\t\t\t\t\t\t\t\t\t\t\t\t\t\t\t\t\t\t\t\t\t\t\t\t\t\t\t<p>We rent out kayaks from May to October. Vr\u00e5ng\u00f6 lies at the outer edge of the archipelago, giving you access to uninhabited islands and skerries with unique nature. Starting from Vr\u00e5ng\u00f6, you don\u2019t need to worry about ferry schedules, as this is the southernmost and last of all the islands.<\/p>\r\n\t\t\t\t\t\t\t\t\t\t\t\t\t\t\t\t\t\t\t\t\t\t\t\t\t\t\t\t\t\t\t<div class=\"butn-dark\"> <a href=\"https:\/\/kajkantenvrango.se\/en\/sea-kayaking\/\"><span>Read more &amp; Book<\/span><\/a> <\/div>\r\n\t\t\t\t\t\t\t\t\t\t\t\t\t\t\t\t\t\t\t<\/div>\r\n\t\t\t\t\t\t\t\t<\/div>\r\n\t\t\t\t\t\t\t<\/div>\r\n\t\t\t\t\t\t<\/div>\r\n\t\t\t\t\t\t\t\t\t\t\t\t\t\t\t\t\t\t\t\t\t\t\t<div class=\"row\">\r\n\t\t\t\t\t\t\t\t\t\t\t\t\t\t\t\t<div class=\"col-md-6 bg-cream p-0 order2 valign animate-box\" data-animate-effect=\"fadeInLeft\">\r\n\t\t\t\t\t\t\t\t\t \r\n\t\t\t\t\t\t\t\t\t<div class=\"content\">\r\n\t\t\t\t\t\t\t\t\t\t<div class=\"cont text-left\">\r\n\t\t\t\t\t\t\t\t\t\t\t\t\t\t\t\t\t\t\t\t\t\t\t\t\t\t\t\t\t\t\t\t\t\t<h4>Sauna Raft<\/h4>\r\n\t\t\t\t\t\t\t\t\t\t\t\t\t\t\t\t\t\t\t\t\t\t\t\t\t\t\t\t\t\t\t\t\t\t<p>The Sauna raft is perfect for cosy family time or a fun outing with friends. During April, we usually move the raft to the outer harbour, offering the best spot for morning and evening dips. Ideal for a small celebration or a hen party, with a wood-fired sauna and a refreshing spring swim.<\/p>\r\n\t\t\t\t\t\t\t\t\t\t\t\t\t\t\t\t\t\t\t\t\t\t\t\t\t\t\t\t\t\t\t\t\t\t<div class=\"butn-dark\"> <a href=\"https:\/\/kajkantenvrango.se\/en\/relax-raft\/\"><span>Read more &amp; Book<\/span><\/a> <\/div>\r\n\t\t\t\t\t\t\t\t\t\t\t\t\t\t\t\t\t\t\t\t\t<\/div>\r\n\t\t\t\t\t\t\t\t\t<\/div>\r\n\t\t\t\t\t\t\t\t<\/div>\r\n\t\t\t\t\t\t\t\t<div class=\"col-md-6 p-0 order1 animate-box\" data-animate-effect=\"fadeInRight\">\r\n\t\t\t\t\t\t\t\t\t\t\t\t\t\t\t\t\t\t\t<div class=\"img\">\r\n\t\t\t\t\t\t\t\t\t\t\t<a href=\"https:\/\/kajkantenvrango.se\/en\/relax-raft\/\"><img decoding=\"async\" src=\"https:\/\/kajkantenvrango.se\/wp-content\/uploads\/2024\/02\/relaxflotte-var.jpg\" alt=\"\"><\/a>\r\n\t\t\t\t\t\t\t\t\t\t<\/div>\r\n\t\t\t\t\t\t\t\t\t\t\t\t\t\t\t\t\t<\/div>\r\n\t\t\t\t\t\t\t<\/div>\r\n\t\t\t\t\t\t\t\t\t\t\t\t\t\t\t\t\t\t\t\t\t\t<div class=\"row\">\r\n\t\t\t\t\t\t\t<div class=\"col-md-6 p-0 animate-box\" data-animate-effect=\"fadeInLeft\">\r\n\t\t\t\t\t\t\t\t\t\t\t\t\t\t\t\t\t<div class=\"img left\">\r\n\t\t\t\t\t\t\t\t\t\t<a href=\"https:\/\/kajkantenvrango.se\/en\/the-vrango-package\/\"><img decoding=\"async\" src=\"https:\/\/kajkantenvrango.se\/wp-content\/uploads\/2025\/11\/fodelsedag-skargardspaket-3.jpg\" alt=\"\"><\/a>\r\n\t\t\t\t\t\t\t\t\t<\/div>\r\n\t\t\t\t\t\t\t\t\t\t\t\t\t\t\t<\/div>\r\n\t\t\t\t\t\t\t\t\t\t\t\t\t\t<div class=\"col-md-6 p-0 bg-cream valign animate-box\" data-animate-effect=\"fadeInRight\">\r\n\t\t\t\t\t\t\t\t \r\n\t\t\t\t\t\t\t\t<div class=\"content\">\r\n\t\t\t\t\t\t\t\t\t<div class=\"cont text-left\">\r\n\t\t\t\t\t\t\t\t\t\t\t\t\t\t\t\t\t\t\t\t\t\t\t\t\t\t\t\t\t\t\t<h4>The Vr\u00e5ng\u00f6 Package<\/h4>\r\n\t\t\t\t\t\t\t\t\t\t\t\t\t\t\t\t\t\t\t\t\t\t\t\t\t\t\t\t\t\t\t<p>The Vr\u00e5ng\u00f6 Package is perfect for those who want to experience Vr\u00e5ng\u00f6 for a night or two, enjoy fresh seafood while relaxing in Kajkanten\u2019s boathouse. The Fisherman\u2019s seafood box and breakfast basket are delivered straight to your cabin from Hamnkrogen Lotsen.\n\n<\/p>\r\n\t\t\t\t\t\t\t\t\t\t\t\t\t\t\t\t\t\t\t\t\t\t\t\t\t\t\t\t\t\t\t<div class=\"butn-dark\"> <a href=\"https:\/\/kajkantenvrango.se\/en\/the-vrango-package\/\"><span>Read more &amp; Book<\/span><\/a> <\/div>\r\n\t\t\t\t\t\t\t\t\t\t\t\t\t\t\t\t\t\t\t<\/div>\r\n\t\t\t\t\t\t\t\t<\/div>\r\n\t\t\t\t\t\t\t<\/div>\r\n\t\t\t\t\t\t<\/div>\r\n\t\t\t\t\t\t\t\t\t\t\t\t\t\t\t\t\t\t\t\t\t\t\t<div class=\"row\">\r\n\t\t\t\t\t\t\t\t\t\t\t\t\t\t\t\t<div class=\"col-md-6 bg-cream p-0 order2 valign animate-box\" data-animate-effect=\"fadeInLeft\">\r\n\t\t\t\t\t\t\t\t\t \r\n\t\t\t\t\t\t\t\t\t<div class=\"content\">\r\n\t\t\t\t\t\t\t\t\t\t<div class=\"cont text-left\">\r\n\t\t\t\t\t\t\t\t\t\t\t\t\t\t\t\t\t\t\t\t\t\t\t\t\t\t\t\t\t\t\t\t\t\t<h4>Hiking Package<\/h4>\r\n\t\t\t\t\t\t\t\t\t\t\t\t\t\t\t\t\t\t\t\t\t\t\t\t\t\t\t\t\t\t\t\t\t\t<p>Vr\u00e5ng\u00f6 offers scenic hiking trails, always close to the sea and set within the magical archipelago landscape. A two-day package for those who want to welcome spring in the archipelago.<\/p>\r\n\t\t\t\t\t\t\t\t\t\t\t\t\t\t\t\t\t\t\t\t\t\t\t\t\t\t\t\t\t\t\t\t\t\t<div class=\"butn-dark\"> <a href=\"https:\/\/kajkantenvrango.se\/en\/hiking-package\/\"><span>Read more &amp; book<\/span><\/a> <\/div>\r\n\t\t\t\t\t\t\t\t\t\t\t\t\t\t\t\t\t\t\t\t\t<\/div>\r\n\t\t\t\t\t\t\t\t\t<\/div>\r\n\t\t\t\t\t\t\t\t<\/div>\r\n\t\t\t\t\t\t\t\t<div class=\"col-md-6 p-0 order1 animate-box\" data-animate-effect=\"fadeInRight\">\r\n\t\t\t\t\t\t\t\t\t\t\t\t\t\t\t\t\t\t\t<div class=\"img\">\r\n\t\t\t\t\t\t\t\t\t\t\t<a href=\"https:\/\/kajkantenvrango.se\/en\/hiking-package\/\"><img decoding=\"async\" src=\"https:\/\/kajkantenvrango.se\/wp-content\/uploads\/2025\/03\/vandringspaket-4.jpg\" alt=\"\"><\/a>\r\n\t\t\t\t\t\t\t\t\t\t<\/div>\r\n\t\t\t\t\t\t\t\t\t\t\t\t\t\t\t\t\t<\/div>\r\n\t\t\t\t\t\t\t<\/div>\r\n\t\t\t\t\t\t\t\t\t\t\t\t\t\t\t\t\t\t\t\t\t\t<div class=\"row\">\r\n\t\t\t\t\t\t\t<div class=\"col-md-6 p-0 animate-box\" data-animate-effect=\"fadeInLeft\">\r\n\t\t\t\t\t\t\t\t\t\t\t\t\t\t\t\t\t<div class=\"img left\">\r\n\t\t\t\t\t\t\t\t\t\t<a href=\"https:\/\/kajkantenvrango.se\/en\/group-celebration\/\"><img decoding=\"async\" src=\"https:\/\/kajkantenvrango.se\/wp-content\/uploads\/2024\/03\/relaxflotte-6.jpg\" alt=\"\"><\/a>\r\n\t\t\t\t\t\t\t\t\t<\/div>\r\n\t\t\t\t\t\t\t\t\t\t\t\t\t\t\t<\/div>\r\n\t\t\t\t\t\t\t\t\t\t\t\t\t\t<div class=\"col-md-6 p-0 bg-cream valign animate-box\" data-animate-effect=\"fadeInRight\">\r\n\t\t\t\t\t\t\t\t \r\n\t\t\t\t\t\t\t\t<div class=\"content\">\r\n\t\t\t\t\t\t\t\t\t<div class=\"cont text-left\">\r\n\t\t\t\t\t\t\t\t\t\t\t\t\t\t\t\t\t\t\t\t\t\t\t\t\t\t\t\t\t\t\t<h4>Small Celebration<\/h4>\r\n\t\t\t\t\t\t\t\t\t\t\t\t\t\t\t\t\t\t\t\t\t\t\t\t\t\t\t\t\t\t\t<p>Celebrate your birthday or host a hen or bachelor party by the sea. Stay in a cosy boathouse and enjoy a festive time with mingling and a dip on the relaxation raft. The raft features a hot tub, sauna, and ladder for swimming.<\/p>\r\n\t\t\t\t\t\t\t\t\t\t\t\t\t\t\t\t\t\t\t\t\t\t\t\t\t\t\t\t\t\t\t<div class=\"butn-dark\"> <a href=\"https:\/\/kajkantenvrango.se\/en\/group-celebration\/\"><span>Read more &amp; Book<\/span><\/a> <\/div>\r\n\t\t\t\t\t\t\t\t\t\t\t\t\t\t\t\t\t\t\t<\/div>\r\n\t\t\t\t\t\t\t\t<\/div>\r\n\t\t\t\t\t\t\t<\/div>\r\n\t\t\t\t\t\t<\/div>\r\n\t\t\t\t\t\t\t\t\t\t\t\t\t\t\t<\/div>\r\n\t\t\t<\/section>\r\n\r\n\r\n\t\t\t\t\t<\/div>\n\t\t\t\t<\/div>\n\t\t\t\t<\/div>\n\t\t\t\t\t<\/div>\n\t\t\t\t<\/div>\n\t\t\t\t\t<\/div>\n\t\t\t\t<\/div>\n\t\t\t\t<section class=\"elementor-section elementor-top-section elementor-element elementor-element-ab49b11 elementor-section-full_width elementor-section-height-default elementor-section-height-default\" data-id=\"ab49b11\" data-element_type=\"section\" data-e-type=\"section\">\n\t\t\t\t\t\t<div class=\"elementor-container elementor-column-gap-no\">\n\t\t\t\t\t<div class=\"elementor-column elementor-col-100 elementor-top-column elementor-element elementor-element-f02f60f\" data-id=\"f02f60f\" data-element_type=\"column\" data-e-type=\"column\">\n\t\t\t<div class=\"elementor-widget-wrap\">\n\t\t\t\t\t\t\t<\/div>\n\t\t<\/div>\n\t\t\t\t\t<\/div>\n\t\t<\/section>\n\t\t\t\t<\/div>\n\t\t","protected":false},"excerpt":{"rendered":"<p>Kajkanten Vr\u00e5ng\u00f6 JUNE June on Vr\u00e5ng\u00f6 Midsummer \u2013 and finally, summer is here. Summer holidays have arrived, vacation time is just around the corner, and the island fills with happy visitors, boat life, and eager swimmers.In the guest harbor, boats bob closely together, flags snap in the breeze, and the days stretch out as if [&hellip;]<\/p>\n","protected":false},"author":2,"featured_media":0,"parent":0,"menu_order":0,"comment_status":"closed","ping_status":"closed","template":"page-templates\/home.php","meta":{"inline_featured_image":false,"footnotes":""},"class_list":["post-27930","page","type-page","status-publish","hentry"],"yoast_head":"<!-- This site is optimized with the Yoast SEO plugin v25.8 - https:\/\/yoast.com\/wordpress\/plugins\/seo\/ -->\n<title>June - kajkantenvrango<\/title>\n<meta name=\"description\" content=\"une on Vr\u00e5ng\u00f6!Celebrate Midsummer on Midsummer\u2019s Eve with traditional dancing around the maypole. Book our Midsummer package, 3 nights stay\" \/>\n<meta name=\"robots\" content=\"index, follow, max-snippet:-1, max-image-preview:large, max-video-preview:-1\" \/>\n<link rel=\"canonical\" href=\"https:\/\/kajkantenvrango.se\/en\/june\/\" \/>\n<meta property=\"og:locale\" content=\"en_US\" \/>\n<meta property=\"og:type\" content=\"article\" \/>\n<meta property=\"og:title\" content=\"June - kajkantenvrango\" \/>\n<meta property=\"og:description\" content=\"une on Vr\u00e5ng\u00f6!Celebrate Midsummer on Midsummer\u2019s Eve with traditional dancing around the maypole. Book our Midsummer package, 3 nights stay\" \/>\n<meta property=\"og:url\" content=\"https:\/\/kajkantenvrango.se\/en\/june\/\" \/>\n<meta property=\"og:site_name\" content=\"kajkantenvrango\" \/>\n<meta property=\"article:modified_time\" content=\"2026-01-17T13:48:59+00:00\" \/>\n<meta property=\"og:image\" content=\"https:\/\/kajkantenvrango.se\/wp-content\/uploads\/2024\/04\/midsommar-vrango-1.jpg\" \/>\n<meta name=\"twitter:card\" content=\"summary_large_image\" \/>\n<meta name=\"twitter:label1\" content=\"Est. reading time\" \/>\n\t<meta name=\"twitter:data1\" content=\"4 minutes\" \/>\n<script type=\"application\/ld+json\" class=\"yoast-schema-graph\">{\"@context\":\"https:\/\/schema.org\",\"@graph\":[{\"@type\":\"WebPage\",\"@id\":\"https:\/\/kajkantenvrango.se\/en\/june\/\",\"url\":\"https:\/\/kajkantenvrango.se\/en\/june\/\",\"name\":\"June - kajkantenvrango\",\"isPartOf\":{\"@id\":\"https:\/\/kajkantenvrango.se\/en\/#website\"},\"primaryImageOfPage\":{\"@id\":\"https:\/\/kajkantenvrango.se\/en\/june\/#primaryimage\"},\"image\":{\"@id\":\"https:\/\/kajkantenvrango.se\/en\/june\/#primaryimage\"},\"thumbnailUrl\":\"https:\/\/kajkantenvrango.se\/wp-content\/uploads\/2024\/04\/midsommar-vrango-1.jpg\",\"datePublished\":\"2023-03-21T09:25:47+00:00\",\"dateModified\":\"2026-01-17T13:48:59+00:00\",\"description\":\"une on Vr\u00e5ng\u00f6!Celebrate Midsummer on Midsummer\u2019s Eve with traditional dancing around the maypole. Book our Midsummer package, 3 nights stay\",\"breadcrumb\":{\"@id\":\"https:\/\/kajkantenvrango.se\/en\/june\/#breadcrumb\"},\"inLanguage\":\"en-US\",\"potentialAction\":[{\"@type\":\"ReadAction\",\"target\":[\"https:\/\/kajkantenvrango.se\/en\/june\/\"]}]},{\"@type\":\"ImageObject\",\"inLanguage\":\"en-US\",\"@id\":\"https:\/\/kajkantenvrango.se\/en\/june\/#primaryimage\",\"url\":\"https:\/\/kajkantenvrango.se\/wp-content\/uploads\/2024\/04\/midsommar-vrango-1.jpg\",\"contentUrl\":\"https:\/\/kajkantenvrango.se\/wp-content\/uploads\/2024\/04\/midsommar-vrango-1.jpg\"},{\"@type\":\"BreadcrumbList\",\"@id\":\"https:\/\/kajkantenvrango.se\/en\/june\/#breadcrumb\",\"itemListElement\":[{\"@type\":\"ListItem\",\"position\":1,\"name\":\"Home\",\"item\":\"https:\/\/kajkantenvrango.se\/en\/\"},{\"@type\":\"ListItem\",\"position\":2,\"name\":\"June\"}]},{\"@type\":\"WebSite\",\"@id\":\"https:\/\/kajkantenvrango.se\/en\/#website\",\"url\":\"https:\/\/kajkantenvrango.se\/en\/\",\"name\":\"kajkantenvrango\",\"description\":\"\",\"potentialAction\":[{\"@type\":\"SearchAction\",\"target\":{\"@type\":\"EntryPoint\",\"urlTemplate\":\"https:\/\/kajkantenvrango.se\/en\/?s={search_term_string}\"},\"query-input\":{\"@type\":\"PropertyValueSpecification\",\"valueRequired\":true,\"valueName\":\"search_term_string\"}}],\"inLanguage\":\"en-US\"}]}<\/script>\n<!-- \/ Yoast SEO plugin. -->","yoast_head_json":{"title":"June - kajkantenvrango","description":"une on Vr\u00e5ng\u00f6!Celebrate Midsummer on Midsummer\u2019s Eve with traditional dancing around the maypole. Book our Midsummer package, 3 nights stay","robots":{"index":"index","follow":"follow","max-snippet":"max-snippet:-1","max-image-preview":"max-image-preview:large","max-video-preview":"max-video-preview:-1"},"canonical":"https:\/\/kajkantenvrango.se\/en\/june\/","og_locale":"en_US","og_type":"article","og_title":"June - kajkantenvrango","og_description":"une on Vr\u00e5ng\u00f6!Celebrate Midsummer on Midsummer\u2019s Eve with traditional dancing around the maypole. Book our Midsummer package, 3 nights stay","og_url":"https:\/\/kajkantenvrango.se\/en\/june\/","og_site_name":"kajkantenvrango","article_modified_time":"2026-01-17T13:48:59+00:00","og_image":[{"url":"https:\/\/kajkantenvrango.se\/wp-content\/uploads\/2024\/04\/midsommar-vrango-1.jpg","type":"","width":"","height":""}],"twitter_card":"summary_large_image","twitter_misc":{"Est. reading time":"4 minutes"},"schema":{"@context":"https:\/\/schema.org","@graph":[{"@type":"WebPage","@id":"https:\/\/kajkantenvrango.se\/en\/june\/","url":"https:\/\/kajkantenvrango.se\/en\/june\/","name":"June - kajkantenvrango","isPartOf":{"@id":"https:\/\/kajkantenvrango.se\/en\/#website"},"primaryImageOfPage":{"@id":"https:\/\/kajkantenvrango.se\/en\/june\/#primaryimage"},"image":{"@id":"https:\/\/kajkantenvrango.se\/en\/june\/#primaryimage"},"thumbnailUrl":"https:\/\/kajkantenvrango.se\/wp-content\/uploads\/2024\/04\/midsommar-vrango-1.jpg","datePublished":"2023-03-21T09:25:47+00:00","dateModified":"2026-01-17T13:48:59+00:00","description":"une on Vr\u00e5ng\u00f6!Celebrate Midsummer on Midsummer\u2019s Eve with traditional dancing around the maypole. Book our Midsummer package, 3 nights stay","breadcrumb":{"@id":"https:\/\/kajkantenvrango.se\/en\/june\/#breadcrumb"},"inLanguage":"en-US","potentialAction":[{"@type":"ReadAction","target":["https:\/\/kajkantenvrango.se\/en\/june\/"]}]},{"@type":"ImageObject","inLanguage":"en-US","@id":"https:\/\/kajkantenvrango.se\/en\/june\/#primaryimage","url":"https:\/\/kajkantenvrango.se\/wp-content\/uploads\/2024\/04\/midsommar-vrango-1.jpg","contentUrl":"https:\/\/kajkantenvrango.se\/wp-content\/uploads\/2024\/04\/midsommar-vrango-1.jpg"},{"@type":"BreadcrumbList","@id":"https:\/\/kajkantenvrango.se\/en\/june\/#breadcrumb","itemListElement":[{"@type":"ListItem","position":1,"name":"Home","item":"https:\/\/kajkantenvrango.se\/en\/"},{"@type":"ListItem","position":2,"name":"June"}]},{"@type":"WebSite","@id":"https:\/\/kajkantenvrango.se\/en\/#website","url":"https:\/\/kajkantenvrango.se\/en\/","name":"kajkantenvrango","description":"","potentialAction":[{"@type":"SearchAction","target":{"@type":"EntryPoint","urlTemplate":"https:\/\/kajkantenvrango.se\/en\/?s={search_term_string}"},"query-input":{"@type":"PropertyValueSpecification","valueRequired":true,"valueName":"search_term_string"}}],"inLanguage":"en-US"}]}},"_links":{"self":[{"href":"https:\/\/kajkantenvrango.se\/en\/wp-json\/wp\/v2\/pages\/27930","targetHints":{"allow":["GET"]}}],"collection":[{"href":"https:\/\/kajkantenvrango.se\/en\/wp-json\/wp\/v2\/pages"}],"about":[{"href":"https:\/\/kajkantenvrango.se\/en\/wp-json\/wp\/v2\/types\/page"}],"author":[{"embeddable":true,"href":"https:\/\/kajkantenvrango.se\/en\/wp-json\/wp\/v2\/users\/2"}],"replies":[{"embeddable":true,"href":"https:\/\/kajkantenvrango.se\/en\/wp-json\/wp\/v2\/comments?post=27930"}],"version-history":[{"count":49,"href":"https:\/\/kajkantenvrango.se\/en\/wp-json\/wp\/v2\/pages\/27930\/revisions"}],"predecessor-version":[{"id":27982,"href":"https:\/\/kajkantenvrango.se\/en\/wp-json\/wp\/v2\/pages\/27930\/revisions\/27982"}],"wp:attachment":[{"href":"https:\/\/kajkantenvrango.se\/en\/wp-json\/wp\/v2\/media?parent=27930"}],"curies":[{"name":"wp","href":"https:\/\/api.w.org\/{rel}","templated":true}]}}