{"id":27872,"date":"2023-03-21T09:25:47","date_gmt":"2023-03-21T09:25:47","guid":{"rendered":"https:\/\/kajkantenvrango.se\/maj\/"},"modified":"2026-01-17T09:14:02","modified_gmt":"2026-01-17T09:14:02","slug":"may","status":"publish","type":"page","link":"https:\/\/kajkantenvrango.se\/en\/may\/","title":{"rendered":"May"},"content":{"rendered":"\t\t<div data-elementor-type=\"wp-page\" data-elementor-id=\"27872\" class=\"elementor elementor-27872 elementor-26392\" data-elementor-post-type=\"page\">\n\t\t\t\t\t\t<section class=\"elementor-section elementor-top-section elementor-element elementor-element-39a9355 elementor-section-full_width elementor-section-height-default elementor-section-height-default\" data-id=\"39a9355\" data-element_type=\"section\" data-e-type=\"section\">\n\t\t\t\t\t\t<div class=\"elementor-container elementor-column-gap-no\">\n\t\t\t\t\t<div class=\"elementor-column elementor-col-100 elementor-top-column elementor-element elementor-element-93e3f7c\" data-id=\"93e3f7c\" data-element_type=\"column\" data-e-type=\"column\">\n\t\t\t<div class=\"elementor-widget-wrap elementor-element-populated\">\n\t\t\t\t\t\t<div class=\"elementor-element elementor-element-960ecca elementor-align-left elementor-widget elementor-widget-pages-banner\" data-id=\"960ecca\" data-element_type=\"widget\" data-e-type=\"widget\" data-widget_type=\"pages-banner.default\">\n\t\t\t\t<div class=\"elementor-widget-container\">\n\t\t\t\t\t\r\n\t\t\t\t<div class=\"banner-header section-padding valign bg-img bg-fixed\" data-overlay-dark=\"4\" data-background=\"https:\/\/kajkantenvrango.se\/wp-content\/uploads\/2025\/12\/forsommar-erbjudande-2.jpg\">\r\n\t\t\t\t\t<div class=\"container\">\r\n\t\t\t\t<div class=\"row\">\r\n\t\t\t\t\t<div class=\"col-md-12 caption mt-90\">\r\n\t\t\t\t\t\t\t\t\t\t\t\t<h5>Kajkanten Vr\u00e5ng\u00f6<\/h5>\r\n\t\t\t\t\t\t\t\t\t\t\t\t\t\t\t\t\t\t<h1>MAJ<\/h1>\r\n\t\t\t\t\t\t\t\t\t\t\t<\/div>\r\n\t\t\t\t<\/div>\r\n\t\t\t<\/div>\r\n\t\t<\/div>\r\n\r\n\t\t\t\t\t<\/div>\n\t\t\t\t<\/div>\n\t\t\t\t<div class=\"elementor-element elementor-element-3deeef0 elementor-widget elementor-widget-spacer\" data-id=\"3deeef0\" data-element_type=\"widget\" data-e-type=\"widget\" data-widget_type=\"spacer.default\">\n\t\t\t\t<div class=\"elementor-widget-container\">\n\t\t\t\t\t\t\t<div class=\"elementor-spacer\">\n\t\t\t<div class=\"elementor-spacer-inner\"><\/div>\n\t\t<\/div>\n\t\t\t\t\t\t<\/div>\n\t\t\t\t<\/div>\n\t\t\t\t\t<\/div>\n\t\t<\/div>\n\t\t\t\t\t<\/div>\n\t\t<\/section>\n\t\t<div class=\"elementor-element elementor-element-2d00953 e-flex e-con-boxed e-con e-parent\" data-id=\"2d00953\" data-element_type=\"container\" data-e-type=\"container\">\n\t\t\t\t\t<div class=\"e-con-inner\">\n\t\t\t\t<div class=\"elementor-element elementor-element-7b834ee elementor-widget elementor-widget-heading\" data-id=\"7b834ee\" data-element_type=\"widget\" data-e-type=\"widget\" data-widget_type=\"heading.default\">\n\t\t\t\t<div class=\"elementor-widget-container\">\n\t\t\t\t\t<h2 class=\"elementor-heading-title elementor-size-default\">May on Vr\u00e5ng\u00f6 <\/h2>\t\t\t\t<\/div>\n\t\t\t\t<\/div>\n\t\t\t\t\t<\/div>\n\t\t\t\t<\/div>\n\t\t<div class=\"elementor-element elementor-element-e81ccc9 e-flex e-con-boxed e-con e-parent\" data-id=\"e81ccc9\" data-element_type=\"container\" data-e-type=\"container\">\n\t\t\t\t\t<div class=\"e-con-inner\">\n\t\t\t\t<div class=\"elementor-element elementor-element-9b21876 elementor-widget elementor-widget-heading\" data-id=\"9b21876\" data-element_type=\"widget\" data-e-type=\"widget\" data-widget_type=\"heading.default\">\n\t\t\t\t<div class=\"elementor-widget-container\">\n\t\t\t\t\t<h2 class=\"elementor-heading-title elementor-size-default\">The light of early summer, gentle breezes, and days to look forward to.<\/h2>\t\t\t\t<\/div>\n\t\t\t\t<\/div>\n\t\t\t\t<div class=\"elementor-element elementor-element-0b1e088 elementor-widget elementor-widget-text-editor\" data-id=\"0b1e088\" data-element_type=\"widget\" data-e-type=\"widget\" data-widget_type=\"text-editor.default\">\n\t\t\t\t<div class=\"elementor-widget-container\">\n\t\t\t\t\t\t\t\t\t<p>May is the month when everything comes alive. The pier fills with boating life, birds are singing, and flowers peek from every crevice in the rocks. It\u2019s the time for spring\u2019s first swims, mild evenings, and that thrilling feeling that summer has just begun. May is also perfect for those planning a hen party, birthday celebration, or an after-work gathering. Ending the evening on the Sauna raft with mingling, a dip in the sea, and cosy moments simply can\u2019t go wrong. In May, the raft is anchored in the best spot in the outer harbour, with stunning views of the open sea.<\/p><p>It\u2019s also the time when we bring out our kayaks again. From May to October, we <a href=\"https:\/\/kajkantenvrango.se\/en\/sea-kayaking\/\"><strong>rent out kayaks<\/strong> <\/a>for those seeking an adventure at sea.<\/p><p>For lovers of nature, hiking, and good food, May is a fantastic time. With the <a href=\"https:\/\/kajkantenvrango.se\/en\/hiking-package\/\"><strong>Hiking Package<\/strong><\/a>, enjoy eight kilometres of trails with opportunities for a swim and beautiful viewpoints along the way. <a href=\"https:\/\/kajkantenvrango.se\/en\/the-vrango-package\/\"><strong>The Vr\u00e5ng\u00f6 Package<\/strong><\/a> brings a breakfast basket and local specialties directly to your boathouse.<\/p><p>On May 9, we celebrate \u2013 perhaps the most fun and meaningful day of the year \u2013 Plogging Day. Together with partners including the West Coast Foundation, we clean Vr\u00e5ng\u00f6\u2019s beaches, a wonderful day where everyone can join in and make a difference.<\/p><p>On May 30 &amp; 31, join <a href=\"https:\/\/kajkantenvrango.se\/en\/seaweed-event\/\"><strong>Karolina Martinson\u2019s inspiring seaweed event<\/strong><\/a> \u2013 a flavourful, educational, and truly unique experience from the archipelago\u2019s own pantry.<\/p><p>With restaurants opening more days of the week and piers warmed by the early summer sun, May offers moments you\u2019ll want to linger in. May on Vr\u00e5ng\u00f6 is early summer at its very best \u2013 simple, beautiful, and full of possibilities.<\/p><hr data-start=\"1489\" data-end=\"1492\" \/>\t\t\t\t\t\t\t\t<\/div>\n\t\t\t\t<\/div>\n\t\t<div class=\"elementor-element elementor-element-c462de9 e-flex e-con-boxed e-con e-child\" data-id=\"c462de9\" data-element_type=\"container\" data-e-type=\"container\">\n\t\t\t\t\t<div class=\"e-con-inner\">\n\t\t<div class=\"elementor-element elementor-element-dc7c3c6 e-con-full e-flex e-con e-child\" data-id=\"dc7c3c6\" data-element_type=\"container\" data-e-type=\"container\">\n\t\t\t\t<div class=\"elementor-element elementor-element-4cca26e elementor-align-left elementor-widget elementor-widget-home-services-2\" data-id=\"4cca26e\" data-element_type=\"widget\" data-e-type=\"widget\" data-widget_type=\"home-services-2.default\">\n\t\t\t\t<div class=\"elementor-widget-container\">\n\t\t\t\t\t\r\n\t\t<section class=\"services section-padding\">\r\n\t\t\t<div class=\"container\">\r\n\t\t\t\t\t\t\t\t\t\t\t\t\t\t\t<div class=\"row\">\r\n\t\t\t\t\t\t\t<div class=\"col-md-6 p-0 animate-box\" data-animate-effect=\"fadeInLeft\">\r\n\t\t\t\t\t\t\t\t\t\t\t\t\t\t\t\t\t<div class=\"img left\">\r\n\t\t\t\t\t\t\t\t\t\t<a href=\"https:\/\/kajkantenvrango.se\/ploggadag\/\"><img decoding=\"async\" src=\"https:\/\/kajkantenvrango.se\/wp-content\/uploads\/2025\/04\/Ploggadag-Vrango-Strandstadning-2025.png\" alt=\"\"><\/a>\r\n\t\t\t\t\t\t\t\t\t<\/div>\r\n\t\t\t\t\t\t\t\t\t\t\t\t\t\t\t<\/div>\r\n\t\t\t\t\t\t\t\t\t\t\t\t\t\t<div class=\"col-md-6 p-0 bg-cream valign animate-box\" data-animate-effect=\"fadeInRight\">\r\n\t\t\t\t\t\t\t\t \r\n\t\t\t\t\t\t\t\t<div class=\"content\">\r\n\t\t\t\t\t\t\t\t\t<div class=\"cont text-left\">\r\n\t\t\t\t\t\t\t\t\t\t\t\t\t\t\t\t\t\t\t\t\t\t\t\t\t\t\t\t\t\t\t<h4>Plogging Day May 9<\/h4>\r\n\t\t\t\t\t\t\t\t\t\t\t\t\t\t\t\t\t\t\t\t\t\t\t\t\t\t\t\t\t\t\t<p>Join us on Saturday, May 9 \u2013 you\u2019re warmly welcome to take part!\nHop on the global wave of plogging, a movement spreading like wildfire around the world. Together, we\u2019ll clean Vr\u00e5ng\u00f6\u2019s beaches of bottle caps, plastic bags, ropes, and other debris that has washed ashore. Come and make a difference!<\/p>\r\n\t\t\t\t\t\t\t\t\t\t\t\t\t\t\t\t\t\t\t\t\t\t\t\t\t\t\t\t\t\t\t<div class=\"butn-dark\"> <a href=\"https:\/\/kajkantenvrango.se\/ploggadag\/\"><span>Read more &amp; book<\/span><\/a> <\/div>\r\n\t\t\t\t\t\t\t\t\t\t\t\t\t\t\t\t\t\t\t<\/div>\r\n\t\t\t\t\t\t\t\t<\/div>\r\n\t\t\t\t\t\t\t<\/div>\r\n\t\t\t\t\t\t<\/div>\r\n\t\t\t\t\t\t\t\t\t\t\t\t\t\t\t\t\t\t\t\t\t\t\t<div class=\"row\">\r\n\t\t\t\t\t\t\t\t\t\t\t\t\t\t\t\t<div class=\"col-md-6 bg-cream p-0 order2 valign animate-box\" data-animate-effect=\"fadeInLeft\">\r\n\t\t\t\t\t\t\t\t\t \r\n\t\t\t\t\t\t\t\t\t<div class=\"content\">\r\n\t\t\t\t\t\t\t\t\t\t<div class=\"cont text-left\">\r\n\t\t\t\t\t\t\t\t\t\t\t\t\t\t\t\t\t\t\t\t\t\t\t\t\t\t\t\t\t\t\t\t\t\t<h4>Seaweed Event May 30 &amp; 31<\/h4>\r\n\t\t\t\t\t\t\t\t\t\t\t\t\t\t\t\t\t\t\t\t\t\t\t\t\t\t\t\t\t\t\t\t\t\t<p>When you visit us at the end of May, you can combine your stay with an exciting Seaweed Event. On Saturday, May 30, join a seaweed and herb foraging walk, and on Sunday, May 31, enjoy a seaweed adventure perfect for families. Follow Karolina Martinson on this year\u2019s most exciting culinary journey.\n<\/p>\r\n\t\t\t\t\t\t\t\t\t\t\t\t\t\t\t\t\t\t\t\t\t\t\t\t\t\t\t\t\t\t\t\t\t\t<div class=\"butn-dark\"> <a href=\"https:\/\/kajkantenvrango.se\/en\/seaweed-event\/\"><span>Read more &amp; Book<\/span><\/a> <\/div>\r\n\t\t\t\t\t\t\t\t\t\t\t\t\t\t\t\t\t\t\t\t\t<\/div>\r\n\t\t\t\t\t\t\t\t\t<\/div>\r\n\t\t\t\t\t\t\t\t<\/div>\r\n\t\t\t\t\t\t\t\t<div class=\"col-md-6 p-0 order1 animate-box\" data-animate-effect=\"fadeInRight\">\r\n\t\t\t\t\t\t\t\t\t\t\t\t\t\t\t\t\t\t\t<div class=\"img\">\r\n\t\t\t\t\t\t\t\t\t\t\t<a href=\"https:\/\/kajkantenvrango.se\/en\/seaweed-event\/\"><img decoding=\"async\" src=\"https:\/\/kajkantenvrango.se\/wp-content\/uploads\/2025\/03\/tkarolina-tangevent.jpg\" alt=\"\"><\/a>\r\n\t\t\t\t\t\t\t\t\t\t<\/div>\r\n\t\t\t\t\t\t\t\t\t\t\t\t\t\t\t\t\t<\/div>\r\n\t\t\t\t\t\t\t<\/div>\r\n\t\t\t\t\t\t\t\t\t\t\t\t\t\t\t\t\t\t\t\t\t\t<div class=\"row\">\r\n\t\t\t\t\t\t\t<div class=\"col-md-6 p-0 animate-box\" data-animate-effect=\"fadeInLeft\">\r\n\t\t\t\t\t\t\t\t\t\t\t\t\t\t\t\t\t<div class=\"img left\">\r\n\t\t\t\t\t\t\t\t\t\t<a href=\"https:\/\/kajkantenvrango.se\/en\/sea-kayaking\/\"><img decoding=\"async\" src=\"https:\/\/kajkantenvrango.se\/wp-content\/uploads\/2024\/03\/kajak-vrango-1.jpg\" alt=\"\"><\/a>\r\n\t\t\t\t\t\t\t\t\t<\/div>\r\n\t\t\t\t\t\t\t\t\t\t\t\t\t\t\t<\/div>\r\n\t\t\t\t\t\t\t\t\t\t\t\t\t\t<div class=\"col-md-6 p-0 bg-cream valign animate-box\" data-animate-effect=\"fadeInRight\">\r\n\t\t\t\t\t\t\t\t \r\n\t\t\t\t\t\t\t\t<div class=\"content\">\r\n\t\t\t\t\t\t\t\t\t<div class=\"cont text-left\">\r\n\t\t\t\t\t\t\t\t\t\t\t\t\t\t\t\t\t\t\t\t\t\t\t\t\t\t\t\t\t\t\t<h4>Kayak Rental<\/h4>\r\n\t\t\t\t\t\t\t\t\t\t\t\t\t\t\t\t\t\t\t\t\t\t\t\t\t\t\t\t\t\t\t<p>We rent out kayaks from May to October. Vr\u00e5ng\u00f6 lies at the outer edge of the archipelago, giving you access to uninhabited islands and skerries with unique nature. Starting from Vr\u00e5ng\u00f6, you don\u2019t need to worry about ferry schedules, as this is the southernmost and last of all the islands. <\/p>\r\n\t\t\t\t\t\t\t\t\t\t\t\t\t\t\t\t\t\t\t\t\t\t\t\t\t\t\t\t\t\t\t<div class=\"butn-dark\"> <a href=\"https:\/\/kajkantenvrango.se\/en\/sea-kayaking\/\"><span>Read more &amp; Book<\/span><\/a> <\/div>\r\n\t\t\t\t\t\t\t\t\t\t\t\t\t\t\t\t\t\t\t<\/div>\r\n\t\t\t\t\t\t\t\t<\/div>\r\n\t\t\t\t\t\t\t<\/div>\r\n\t\t\t\t\t\t<\/div>\r\n\t\t\t\t\t\t\t\t\t\t\t\t\t\t\t\t\t\t\t\t\t\t\t<div class=\"row\">\r\n\t\t\t\t\t\t\t\t\t\t\t\t\t\t\t\t<div class=\"col-md-6 bg-cream p-0 order2 valign animate-box\" data-animate-effect=\"fadeInLeft\">\r\n\t\t\t\t\t\t\t\t\t \r\n\t\t\t\t\t\t\t\t\t<div class=\"content\">\r\n\t\t\t\t\t\t\t\t\t\t<div class=\"cont text-left\">\r\n\t\t\t\t\t\t\t\t\t\t\t\t\t\t\t\t\t\t\t\t\t\t\t\t\t\t\t\t\t\t\t\t\t\t<h4>Sauna Raft<\/h4>\r\n\t\t\t\t\t\t\t\t\t\t\t\t\t\t\t\t\t\t\t\t\t\t\t\t\t\t\t\t\t\t\t\t\t\t<p>The Sauna raft is perfect for cosy family time or a fun outing with friends. During April, we usually move the raft to the outer harbour, offering the best spot for morning and evening dips. Ideal for a small celebration or a hen party, with a wood-fired sauna and a refreshing spring swim.\n<\/p>\r\n\t\t\t\t\t\t\t\t\t\t\t\t\t\t\t\t\t\t\t\t\t\t\t\t\t\t\t\t\t\t\t\t\t\t<div class=\"butn-dark\"> <a href=\"https:\/\/kajkantenvrango.se\/en\/relax-raft\/\"><span>Read more &amp; Book<\/span><\/a> <\/div>\r\n\t\t\t\t\t\t\t\t\t\t\t\t\t\t\t\t\t\t\t\t\t<\/div>\r\n\t\t\t\t\t\t\t\t\t<\/div>\r\n\t\t\t\t\t\t\t\t<\/div>\r\n\t\t\t\t\t\t\t\t<div class=\"col-md-6 p-0 order1 animate-box\" data-animate-effect=\"fadeInRight\">\r\n\t\t\t\t\t\t\t\t\t\t\t\t\t\t\t\t\t\t\t<div class=\"img\">\r\n\t\t\t\t\t\t\t\t\t\t\t<a href=\"https:\/\/kajkantenvrango.se\/en\/relax-raft\/\"><img decoding=\"async\" src=\"https:\/\/kajkantenvrango.se\/wp-content\/uploads\/2024\/02\/relaxflotte-var.jpg\" alt=\"\"><\/a>\r\n\t\t\t\t\t\t\t\t\t\t<\/div>\r\n\t\t\t\t\t\t\t\t\t\t\t\t\t\t\t\t\t<\/div>\r\n\t\t\t\t\t\t\t<\/div>\r\n\t\t\t\t\t\t\t\t\t\t\t\t\t\t\t\t\t\t\t\t\t\t<div class=\"row\">\r\n\t\t\t\t\t\t\t<div class=\"col-md-6 p-0 animate-box\" data-animate-effect=\"fadeInLeft\">\r\n\t\t\t\t\t\t\t\t\t\t\t\t\t\t\t\t\t<div class=\"img left\">\r\n\t\t\t\t\t\t\t\t\t\t<a href=\"https:\/\/kajkantenvrango.se\/en\/the-vrango-package\/\"><img decoding=\"async\" src=\"https:\/\/kajkantenvrango.se\/wp-content\/uploads\/2025\/11\/fodelsedag-skargardspaket-3.jpg\" alt=\"\"><\/a>\r\n\t\t\t\t\t\t\t\t\t<\/div>\r\n\t\t\t\t\t\t\t\t\t\t\t\t\t\t\t<\/div>\r\n\t\t\t\t\t\t\t\t\t\t\t\t\t\t<div class=\"col-md-6 p-0 bg-cream valign animate-box\" data-animate-effect=\"fadeInRight\">\r\n\t\t\t\t\t\t\t\t \r\n\t\t\t\t\t\t\t\t<div class=\"content\">\r\n\t\t\t\t\t\t\t\t\t<div class=\"cont text-left\">\r\n\t\t\t\t\t\t\t\t\t\t\t\t\t\t\t\t\t\t\t\t\t\t\t\t\t\t\t\t\t\t\t<h4>The Vr\u00e5ng\u00f6 Package<\/h4>\r\n\t\t\t\t\t\t\t\t\t\t\t\t\t\t\t\t\t\t\t\t\t\t\t\t\t\t\t\t\t\t\t<p>The Vr\u00e5ng\u00f6 Package is perfect for those who want to experience Vr\u00e5ng\u00f6 for a night or two, enjoy fresh seafood while relaxing in Kajkanten\u2019s boathouse. The Fisherman\u2019s seafood box and breakfast basket are delivered straight to your cabin from Hamnkrogen Lotsen.<\/p>\r\n\t\t\t\t\t\t\t\t\t\t\t\t\t\t\t\t\t\t\t\t\t\t\t\t\t\t\t\t\t\t\t<div class=\"butn-dark\"> <a href=\"https:\/\/kajkantenvrango.se\/en\/the-vrango-package\/\"><span>Read More &amp; Book<\/span><\/a> <\/div>\r\n\t\t\t\t\t\t\t\t\t\t\t\t\t\t\t\t\t\t\t<\/div>\r\n\t\t\t\t\t\t\t\t<\/div>\r\n\t\t\t\t\t\t\t<\/div>\r\n\t\t\t\t\t\t<\/div>\r\n\t\t\t\t\t\t\t\t\t\t\t\t\t\t\t\t\t\t\t\t\t\t\t<div class=\"row\">\r\n\t\t\t\t\t\t\t\t\t\t\t\t\t\t\t\t<div class=\"col-md-6 bg-cream p-0 order2 valign animate-box\" data-animate-effect=\"fadeInLeft\">\r\n\t\t\t\t\t\t\t\t\t \r\n\t\t\t\t\t\t\t\t\t<div class=\"content\">\r\n\t\t\t\t\t\t\t\t\t\t<div class=\"cont text-left\">\r\n\t\t\t\t\t\t\t\t\t\t\t\t\t\t\t\t\t\t\t\t\t\t\t\t\t\t\t\t\t\t\t\t\t\t<h4>Hiking Package<\/h4>\r\n\t\t\t\t\t\t\t\t\t\t\t\t\t\t\t\t\t\t\t\t\t\t\t\t\t\t\t\t\t\t\t\t\t\t<p>Vr\u00e5ng\u00f6 offers scenic hiking trails, always close to the sea and set within the magical archipelago landscape. A two-day package for those who want to welcome spring in the archipelago.<\/p>\r\n\t\t\t\t\t\t\t\t\t\t\t\t\t\t\t\t\t\t\t\t\t\t\t\t\t\t\t\t\t\t\t\t\t\t<div class=\"butn-dark\"> <a href=\"https:\/\/kajkantenvrango.se\/en\/hiking-package\/\"><span>Read more &amp; Book<\/span><\/a> <\/div>\r\n\t\t\t\t\t\t\t\t\t\t\t\t\t\t\t\t\t\t\t\t\t<\/div>\r\n\t\t\t\t\t\t\t\t\t<\/div>\r\n\t\t\t\t\t\t\t\t<\/div>\r\n\t\t\t\t\t\t\t\t<div class=\"col-md-6 p-0 order1 animate-box\" data-animate-effect=\"fadeInRight\">\r\n\t\t\t\t\t\t\t\t\t\t\t\t\t\t\t\t\t\t\t<div class=\"img\">\r\n\t\t\t\t\t\t\t\t\t\t\t<a href=\"https:\/\/kajkantenvrango.se\/en\/hiking-package\/\"><img decoding=\"async\" src=\"https:\/\/kajkantenvrango.se\/wp-content\/uploads\/2025\/03\/vandringspaket-4.jpg\" alt=\"\"><\/a>\r\n\t\t\t\t\t\t\t\t\t\t<\/div>\r\n\t\t\t\t\t\t\t\t\t\t\t\t\t\t\t\t\t<\/div>\r\n\t\t\t\t\t\t\t<\/div>\r\n\t\t\t\t\t\t\t\t\t\t\t\t\t\t\t\t\t\t\t\t\t\t<div class=\"row\">\r\n\t\t\t\t\t\t\t<div class=\"col-md-6 p-0 animate-box\" data-animate-effect=\"fadeInLeft\">\r\n\t\t\t\t\t\t\t\t\t\t\t\t\t\t\t\t\t<div class=\"img left\">\r\n\t\t\t\t\t\t\t\t\t\t<a href=\"https:\/\/kajkantenvrango.se\/en\/group-celebration\/\"><img decoding=\"async\" src=\"https:\/\/kajkantenvrango.se\/wp-content\/uploads\/2024\/03\/relaxflotte-6.jpg\" alt=\"\"><\/a>\r\n\t\t\t\t\t\t\t\t\t<\/div>\r\n\t\t\t\t\t\t\t\t\t\t\t\t\t\t\t<\/div>\r\n\t\t\t\t\t\t\t\t\t\t\t\t\t\t<div class=\"col-md-6 p-0 bg-cream valign animate-box\" data-animate-effect=\"fadeInRight\">\r\n\t\t\t\t\t\t\t\t \r\n\t\t\t\t\t\t\t\t<div class=\"content\">\r\n\t\t\t\t\t\t\t\t\t<div class=\"cont text-left\">\r\n\t\t\t\t\t\t\t\t\t\t\t\t\t\t\t\t\t\t\t\t\t\t\t\t\t\t\t\t\t\t\t<h4>Small Celebration<\/h4>\r\n\t\t\t\t\t\t\t\t\t\t\t\t\t\t\t\t\t\t\t\t\t\t\t\t\t\t\t\t\t\t\t<p>Celebrate your birthday or host a hen or bachelor party by the sea. Stay in a cosy boathouse and enjoy a festive time with mingling and a dip on the relaxation raft. The raft features a hot tub, sauna, and ladder for swimming.<\/p>\r\n\t\t\t\t\t\t\t\t\t\t\t\t\t\t\t\t\t\t\t\t\t\t\t\t\t\t\t\t\t\t\t<div class=\"butn-dark\"> <a href=\"https:\/\/kajkantenvrango.se\/en\/group-celebration\/\"><span>Read more &amp; book<\/span><\/a> <\/div>\r\n\t\t\t\t\t\t\t\t\t\t\t\t\t\t\t\t\t\t\t<\/div>\r\n\t\t\t\t\t\t\t\t<\/div>\r\n\t\t\t\t\t\t\t<\/div>\r\n\t\t\t\t\t\t<\/div>\r\n\t\t\t\t\t\t\t\t\t\t\t\t\t\t\t<\/div>\r\n\t\t\t<\/section>\r\n\r\n\r\n\t\t\t\t\t<\/div>\n\t\t\t\t<\/div>\n\t\t\t\t<\/div>\n\t\t\t\t\t<\/div>\n\t\t\t\t<\/div>\n\t\t\t\t\t<\/div>\n\t\t\t\t<\/div>\n\t\t\t\t<section class=\"elementor-section elementor-top-section elementor-element elementor-element-ab49b11 elementor-section-full_width elementor-section-height-default elementor-section-height-default\" data-id=\"ab49b11\" data-element_type=\"section\" data-e-type=\"section\">\n\t\t\t\t\t\t<div class=\"elementor-container elementor-column-gap-no\">\n\t\t\t\t\t<div class=\"elementor-column elementor-col-100 elementor-top-column elementor-element elementor-element-f02f60f\" data-id=\"f02f60f\" data-element_type=\"column\" data-e-type=\"column\">\n\t\t\t<div class=\"elementor-widget-wrap\">\n\t\t\t\t\t\t\t<\/div>\n\t\t<\/div>\n\t\t\t\t\t<\/div>\n\t\t<\/section>\n\t\t\t\t<\/div>\n\t\t","protected":false},"excerpt":{"rendered":"<p>Kajkanten Vr\u00e5ng\u00f6 MAJ May on Vr\u00e5ng\u00f6 The light of early summer, gentle breezes, and days to look forward to. May is the month when everything comes alive. The pier fills with boating life, birds are singing, and flowers peek from every crevice in the rocks. It\u2019s the time for spring\u2019s first swims, mild evenings, and [&hellip;]<\/p>\n","protected":false},"author":2,"featured_media":0,"parent":0,"menu_order":0,"comment_status":"closed","ping_status":"closed","template":"page-templates\/home.php","meta":{"inline_featured_image":false,"footnotes":""},"class_list":["post-27872","page","type-page","status-publish","hentry"],"yoast_head":"<!-- This site is optimized with the Yoast SEO plugin v25.8 - https:\/\/yoast.com\/wordpress\/plugins\/seo\/ -->\n<title>May - kajkantenvrango<\/title>\n<meta name=\"description\" content=\"May on Vr\u00e5ng\u00f6! The best time of early summer, offering moments for celebrations, swims, hikes, lovely encounters, and warm, sunny moments.\" \/>\n<meta name=\"robots\" content=\"index, follow, max-snippet:-1, max-image-preview:large, max-video-preview:-1\" \/>\n<link rel=\"canonical\" href=\"https:\/\/kajkantenvrango.se\/en\/may\/\" \/>\n<meta property=\"og:locale\" content=\"en_US\" \/>\n<meta property=\"og:type\" content=\"article\" \/>\n<meta property=\"og:title\" content=\"May - kajkantenvrango\" \/>\n<meta property=\"og:description\" content=\"May on Vr\u00e5ng\u00f6! The best time of early summer, offering moments for celebrations, swims, hikes, lovely encounters, and warm, sunny moments.\" \/>\n<meta property=\"og:url\" content=\"https:\/\/kajkantenvrango.se\/en\/may\/\" \/>\n<meta property=\"og:site_name\" content=\"kajkantenvrango\" \/>\n<meta property=\"article:modified_time\" content=\"2026-01-17T09:14:02+00:00\" \/>\n<meta property=\"og:image\" content=\"https:\/\/kajkantenvrango.se\/wp-content\/uploads\/2025\/04\/Ploggadag-Vrango-Strandstadning-2025.png\" \/>\n<meta name=\"twitter:card\" content=\"summary_large_image\" \/>\n<meta name=\"twitter:label1\" content=\"Est. reading time\" \/>\n\t<meta name=\"twitter:data1\" content=\"5 minutes\" \/>\n<script type=\"application\/ld+json\" class=\"yoast-schema-graph\">{\"@context\":\"https:\/\/schema.org\",\"@graph\":[{\"@type\":\"WebPage\",\"@id\":\"https:\/\/kajkantenvrango.se\/en\/may\/\",\"url\":\"https:\/\/kajkantenvrango.se\/en\/may\/\",\"name\":\"May - kajkantenvrango\",\"isPartOf\":{\"@id\":\"https:\/\/kajkantenvrango.se\/en\/#website\"},\"primaryImageOfPage\":{\"@id\":\"https:\/\/kajkantenvrango.se\/en\/may\/#primaryimage\"},\"image\":{\"@id\":\"https:\/\/kajkantenvrango.se\/en\/may\/#primaryimage\"},\"thumbnailUrl\":\"https:\/\/kajkantenvrango.se\/wp-content\/uploads\/2025\/04\/Ploggadag-Vrango-Strandstadning-2025.png\",\"datePublished\":\"2023-03-21T09:25:47+00:00\",\"dateModified\":\"2026-01-17T09:14:02+00:00\",\"description\":\"May on Vr\u00e5ng\u00f6! The best time of early summer, offering moments for celebrations, swims, hikes, lovely encounters, and warm, sunny moments.\",\"breadcrumb\":{\"@id\":\"https:\/\/kajkantenvrango.se\/en\/may\/#breadcrumb\"},\"inLanguage\":\"en-US\",\"potentialAction\":[{\"@type\":\"ReadAction\",\"target\":[\"https:\/\/kajkantenvrango.se\/en\/may\/\"]}]},{\"@type\":\"ImageObject\",\"inLanguage\":\"en-US\",\"@id\":\"https:\/\/kajkantenvrango.se\/en\/may\/#primaryimage\",\"url\":\"https:\/\/kajkantenvrango.se\/wp-content\/uploads\/2025\/04\/Ploggadag-Vrango-Strandstadning-2025.png\",\"contentUrl\":\"https:\/\/kajkantenvrango.se\/wp-content\/uploads\/2025\/04\/Ploggadag-Vrango-Strandstadning-2025.png\"},{\"@type\":\"BreadcrumbList\",\"@id\":\"https:\/\/kajkantenvrango.se\/en\/may\/#breadcrumb\",\"itemListElement\":[{\"@type\":\"ListItem\",\"position\":1,\"name\":\"Home\",\"item\":\"https:\/\/kajkantenvrango.se\/en\/\"},{\"@type\":\"ListItem\",\"position\":2,\"name\":\"May\"}]},{\"@type\":\"WebSite\",\"@id\":\"https:\/\/kajkantenvrango.se\/en\/#website\",\"url\":\"https:\/\/kajkantenvrango.se\/en\/\",\"name\":\"kajkantenvrango\",\"description\":\"\",\"potentialAction\":[{\"@type\":\"SearchAction\",\"target\":{\"@type\":\"EntryPoint\",\"urlTemplate\":\"https:\/\/kajkantenvrango.se\/en\/?s={search_term_string}\"},\"query-input\":{\"@type\":\"PropertyValueSpecification\",\"valueRequired\":true,\"valueName\":\"search_term_string\"}}],\"inLanguage\":\"en-US\"}]}<\/script>\n<!-- \/ Yoast SEO plugin. -->","yoast_head_json":{"title":"May - kajkantenvrango","description":"May on Vr\u00e5ng\u00f6! The best time of early summer, offering moments for celebrations, swims, hikes, lovely encounters, and warm, sunny moments.","robots":{"index":"index","follow":"follow","max-snippet":"max-snippet:-1","max-image-preview":"max-image-preview:large","max-video-preview":"max-video-preview:-1"},"canonical":"https:\/\/kajkantenvrango.se\/en\/may\/","og_locale":"en_US","og_type":"article","og_title":"May - kajkantenvrango","og_description":"May on Vr\u00e5ng\u00f6! The best time of early summer, offering moments for celebrations, swims, hikes, lovely encounters, and warm, sunny moments.","og_url":"https:\/\/kajkantenvrango.se\/en\/may\/","og_site_name":"kajkantenvrango","article_modified_time":"2026-01-17T09:14:02+00:00","og_image":[{"url":"https:\/\/kajkantenvrango.se\/wp-content\/uploads\/2025\/04\/Ploggadag-Vrango-Strandstadning-2025.png","type":"","width":"","height":""}],"twitter_card":"summary_large_image","twitter_misc":{"Est. reading time":"5 minutes"},"schema":{"@context":"https:\/\/schema.org","@graph":[{"@type":"WebPage","@id":"https:\/\/kajkantenvrango.se\/en\/may\/","url":"https:\/\/kajkantenvrango.se\/en\/may\/","name":"May - kajkantenvrango","isPartOf":{"@id":"https:\/\/kajkantenvrango.se\/en\/#website"},"primaryImageOfPage":{"@id":"https:\/\/kajkantenvrango.se\/en\/may\/#primaryimage"},"image":{"@id":"https:\/\/kajkantenvrango.se\/en\/may\/#primaryimage"},"thumbnailUrl":"https:\/\/kajkantenvrango.se\/wp-content\/uploads\/2025\/04\/Ploggadag-Vrango-Strandstadning-2025.png","datePublished":"2023-03-21T09:25:47+00:00","dateModified":"2026-01-17T09:14:02+00:00","description":"May on Vr\u00e5ng\u00f6! The best time of early summer, offering moments for celebrations, swims, hikes, lovely encounters, and warm, sunny moments.","breadcrumb":{"@id":"https:\/\/kajkantenvrango.se\/en\/may\/#breadcrumb"},"inLanguage":"en-US","potentialAction":[{"@type":"ReadAction","target":["https:\/\/kajkantenvrango.se\/en\/may\/"]}]},{"@type":"ImageObject","inLanguage":"en-US","@id":"https:\/\/kajkantenvrango.se\/en\/may\/#primaryimage","url":"https:\/\/kajkantenvrango.se\/wp-content\/uploads\/2025\/04\/Ploggadag-Vrango-Strandstadning-2025.png","contentUrl":"https:\/\/kajkantenvrango.se\/wp-content\/uploads\/2025\/04\/Ploggadag-Vrango-Strandstadning-2025.png"},{"@type":"BreadcrumbList","@id":"https:\/\/kajkantenvrango.se\/en\/may\/#breadcrumb","itemListElement":[{"@type":"ListItem","position":1,"name":"Home","item":"https:\/\/kajkantenvrango.se\/en\/"},{"@type":"ListItem","position":2,"name":"May"}]},{"@type":"WebSite","@id":"https:\/\/kajkantenvrango.se\/en\/#website","url":"https:\/\/kajkantenvrango.se\/en\/","name":"kajkantenvrango","description":"","potentialAction":[{"@type":"SearchAction","target":{"@type":"EntryPoint","urlTemplate":"https:\/\/kajkantenvrango.se\/en\/?s={search_term_string}"},"query-input":{"@type":"PropertyValueSpecification","valueRequired":true,"valueName":"search_term_string"}}],"inLanguage":"en-US"}]}},"_links":{"self":[{"href":"https:\/\/kajkantenvrango.se\/en\/wp-json\/wp\/v2\/pages\/27872","targetHints":{"allow":["GET"]}}],"collection":[{"href":"https:\/\/kajkantenvrango.se\/en\/wp-json\/wp\/v2\/pages"}],"about":[{"href":"https:\/\/kajkantenvrango.se\/en\/wp-json\/wp\/v2\/types\/page"}],"author":[{"embeddable":true,"href":"https:\/\/kajkantenvrango.se\/en\/wp-json\/wp\/v2\/users\/2"}],"replies":[{"embeddable":true,"href":"https:\/\/kajkantenvrango.se\/en\/wp-json\/wp\/v2\/comments?post=27872"}],"version-history":[{"count":28,"href":"https:\/\/kajkantenvrango.se\/en\/wp-json\/wp\/v2\/pages\/27872\/revisions"}],"predecessor-version":[{"id":27902,"href":"https:\/\/kajkantenvrango.se\/en\/wp-json\/wp\/v2\/pages\/27872\/revisions\/27902"}],"wp:attachment":[{"href":"https:\/\/kajkantenvrango.se\/en\/wp-json\/wp\/v2\/media?parent=27872"}],"curies":[{"name":"wp","href":"https:\/\/api.w.org\/{rel}","templated":true}]}}