{"id":27683,"date":"2023-03-21T09:25:47","date_gmt":"2023-03-21T09:25:47","guid":{"rendered":"https:\/\/kajkantenvrango.se\/tangvandring-varfest-bohuslan\/"},"modified":"2026-01-16T13:53:53","modified_gmt":"2026-01-16T13:53:53","slug":"seaweed-walk-bohuslan-spring-festival","status":"publish","type":"page","link":"https:\/\/kajkantenvrango.se\/en\/seaweed-walk-bohuslan-spring-festival\/","title":{"rendered":"Seaweed Walk Along the Shore \u2013 Spring Celebration in Bohusl\u00e4n"},"content":{"rendered":"\t\t<div data-elementor-type=\"wp-page\" data-elementor-id=\"27683\" class=\"elementor elementor-27683 elementor-27592\" data-elementor-post-type=\"page\">\n\t\t\t\t\t\t<section class=\"elementor-section elementor-top-section elementor-element elementor-element-39a9355 elementor-section-full_width elementor-section-height-default elementor-section-height-default\" data-id=\"39a9355\" data-element_type=\"section\" data-e-type=\"section\">\n\t\t\t\t\t\t<div class=\"elementor-container elementor-column-gap-no\">\n\t\t\t\t\t<div class=\"elementor-column elementor-col-100 elementor-top-column elementor-element elementor-element-93e3f7c\" data-id=\"93e3f7c\" data-element_type=\"column\" data-e-type=\"column\">\n\t\t\t<div class=\"elementor-widget-wrap elementor-element-populated\">\n\t\t\t\t\t\t<div class=\"elementor-element elementor-element-960ecca elementor-align-left elementor-widget elementor-widget-pages-banner\" data-id=\"960ecca\" data-element_type=\"widget\" data-e-type=\"widget\" data-widget_type=\"pages-banner.default\">\n\t\t\t\t<div class=\"elementor-widget-container\">\n\t\t\t\t\t\r\n\t\t\t\t<div class=\"banner-header section-padding valign bg-img bg-fixed\" data-overlay-dark=\"4\" data-background=\"https:\/\/kajkantenvrango.se\/wp-content\/uploads\/2025\/03\/tangsafari.jpg\">\r\n\t\t\t\t\t<div class=\"container\">\r\n\t\t\t\t<div class=\"row\">\r\n\t\t\t\t\t<div class=\"col-md-12 caption mt-90\">\r\n\t\t\t\t\t\t\t\t\t\t\t\t<h5>Kajkanten Vr\u00e5ng\u00f6<\/h5>\r\n\t\t\t\t\t\t\t\t\t\t\t\t\t\t\t\t\t\t<h1>SEAWEED WALK\n<\/h1>\r\n\t\t\t\t\t\t\t\t\t\t\t<\/div>\r\n\t\t\t\t<\/div>\r\n\t\t\t<\/div>\r\n\t\t<\/div>\r\n\r\n\t\t\t\t\t<\/div>\n\t\t\t\t<\/div>\n\t\t\t\t<div class=\"elementor-element elementor-element-3deeef0 elementor-widget elementor-widget-spacer\" data-id=\"3deeef0\" data-element_type=\"widget\" data-e-type=\"widget\" data-widget_type=\"spacer.default\">\n\t\t\t\t<div class=\"elementor-widget-container\">\n\t\t\t\t\t\t\t<div class=\"elementor-spacer\">\n\t\t\t<div class=\"elementor-spacer-inner\"><\/div>\n\t\t<\/div>\n\t\t\t\t\t\t<\/div>\n\t\t\t\t<\/div>\n\t\t\t\t\t<\/div>\n\t\t<\/div>\n\t\t\t\t\t<\/div>\n\t\t<\/section>\n\t\t<div class=\"elementor-element elementor-element-2d00953 e-flex e-con-boxed e-con e-parent\" data-id=\"2d00953\" data-element_type=\"container\" data-e-type=\"container\">\n\t\t\t\t\t<div class=\"e-con-inner\">\n\t\t\t\t<div class=\"elementor-element elementor-element-7b834ee elementor-widget elementor-widget-heading\" data-id=\"7b834ee\" data-element_type=\"widget\" data-e-type=\"widget\" data-widget_type=\"heading.default\">\n\t\t\t\t<div class=\"elementor-widget-container\">\n\t\t\t\t\t<h2 class=\"elementor-heading-title elementor-size-default\">Guided Seaweed Walk Along the Shore<\/h2>\t\t\t\t<\/div>\n\t\t\t\t<\/div>\n\t\t\t\t\t<\/div>\n\t\t\t\t<\/div>\n\t\t<div class=\"elementor-element elementor-element-e81ccc9 e-flex e-con-boxed e-con e-parent\" data-id=\"e81ccc9\" data-element_type=\"container\" data-e-type=\"container\">\n\t\t\t\t\t<div class=\"e-con-inner\">\n\t\t\t\t<div class=\"elementor-element elementor-element-9b21876 elementor-widget elementor-widget-heading\" data-id=\"9b21876\" data-element_type=\"widget\" data-e-type=\"widget\" data-widget_type=\"heading.default\">\n\t\t\t\t<div class=\"elementor-widget-container\">\n\t\t\t\t\t<h2 class=\"elementor-heading-title elementor-size-default\">Explore the Shore with Seaweed Diver and Food Creator Karolina Martinson on Vr\u00e5ng\u00f6 \u2013 Saturday April 25<\/h2>\t\t\t\t<\/div>\n\t\t\t\t<\/div>\n\t\t\t\t<div class=\"elementor-element elementor-element-0b1e088 elementor-widget elementor-widget-text-editor\" data-id=\"0b1e088\" data-element_type=\"widget\" data-e-type=\"widget\" data-widget_type=\"text-editor.default\">\n\t\t\t\t<div class=\"elementor-widget-container\">\n\t\t\t\t\t\t\t\t\t<div class=\"elementor-element elementor-element-0b1e088 elementor-widget elementor-widget-text-editor\" data-id=\"0b1e088\" data-element_type=\"widget\" data-widget_type=\"text-editor.default\"><div class=\"elementor-widget-container\"><p class=\"u-text-black u-text-preamble u-font-semibold u-mb-1vs\">Join a seaweed walk along the shores of Vr\u00e5ng\u00f6 with Karolina Martinson. This inspiring walk takes you out to the cliffs and beaches of the Vr\u00e5ng\u00f6 Archipelago Nature Reserve. Spend the whole Saturday enjoying a variety of experiences with Karolina. During the seaweed walk, you\u2019ll learn about the shoreline\u2019s natural pantry and discover what lies beneath the water\u2019s surface. Karolina will show you how to harvest seaweed sustainably without disturbing the ecosystem, and give tips on how to use seaweed and herbs in your cooking. The experience also includes a light seaweed snack with tasting samples<\/p><\/div><\/div>\t\t\t\t\t\t\t\t<\/div>\n\t\t\t\t<\/div>\n\t\t\t\t<div class=\"elementor-element elementor-element-9c2636c elementor-widget elementor-widget-heading\" data-id=\"9c2636c\" data-element_type=\"widget\" data-e-type=\"widget\" data-widget_type=\"heading.default\">\n\t\t\t\t<div class=\"elementor-widget-container\">\n\t\t\t\t\t<h2 class=\"elementor-heading-title elementor-size-default\">See you on Vr\u00e5ng\u00f6<\/h2>\t\t\t\t<\/div>\n\t\t\t\t<\/div>\n\t\t\t\t<div class=\"elementor-element elementor-element-5f06023 elementor-widget elementor-widget-text-editor\" data-id=\"5f06023\" data-element_type=\"widget\" data-e-type=\"widget\" data-widget_type=\"text-editor.default\">\n\t\t\t\t<div class=\"elementor-widget-container\">\n\t\t\t\t\t\t\t\t\t<div class=\"elementor-element elementor-element-0b1e088 elementor-widget elementor-widget-text-editor\" data-id=\"0b1e088\" data-element_type=\"widget\" data-widget_type=\"text-editor.default\"><div class=\"elementor-widget-container\"><p data-start=\"82\" data-end=\"212\"><strong data-start=\"82\" data-end=\"95\">Location:<\/strong> Vr\u00e5ng\u00f6 in the southern archipelago of Gothenburg<br data-start=\"144\" data-end=\"147\" \/><strong data-start=\"147\" data-end=\"156\">Time:<\/strong> Saturday, April 25 at 10:00 AM (walk approx. 2 hours)<\/p><p data-start=\"214\" data-end=\"245\"><strong data-start=\"214\" data-end=\"224\">Price:<\/strong> 690 SEK per person<\/p><p data-start=\"247\" data-end=\"411\">If you\u2019re not already on Vr\u00e5ng\u00f6, take archipelago boat 281 from Saltholmen, Gothenburg to Vr\u00e5ng\u00f6. Check <strong><a href=\"https:\/\/www.vasttrafik.se\/en\/travel-planning\/travel-planner\/\">V\u00e4sttrafik\u2019s travel planner<\/a><\/strong> for suitable departure times.<\/p><\/div><\/div>\t\t\t\t\t\t\t\t<\/div>\n\t\t\t\t<\/div>\n\t\t\t\t<div class=\"elementor-element elementor-element-b8516d3 elementor-widget elementor-widget-heading\" data-id=\"b8516d3\" data-element_type=\"widget\" data-e-type=\"widget\" data-widget_type=\"heading.default\">\n\t\t\t\t<div class=\"elementor-widget-container\">\n\t\t\t\t\t<h2 class=\"elementor-heading-title elementor-size-default\">Want to experience more?<\/h2>\t\t\t\t<\/div>\n\t\t\t\t<\/div>\n\t\t\t\t<div class=\"elementor-element elementor-element-022d453 elementor-widget elementor-widget-text-editor\" data-id=\"022d453\" data-element_type=\"widget\" data-e-type=\"widget\" data-widget_type=\"text-editor.default\">\n\t\t\t\t<div class=\"elementor-widget-container\">\n\t\t\t\t\t\t\t\t\t<p data-start=\"130\" data-end=\"393\">If you\u2019d like to arrive on Vr\u00e5ng\u00f6 already on Friday afternoon and stay until Sunday, you\u2019ll have the opportunity to join the seaweed walk, bake traditional Vr\u00e5ng\u00f6 bread, and enjoy a wonderful evening dinner. <em><strong>From Sea to Table with Karolina Martinson.<\/strong><\/em><\/p><p><a href=\"https:\/\/kajkantenvrango.se\/en\/festival-bohuslan\/\"> <strong>Read more<\/strong><\/a><\/p>\t\t\t\t\t\t\t\t<\/div>\n\t\t\t\t<\/div>\n\t\t\t\t<div class=\"elementor-element elementor-element-65372db elementor-widget elementor-widget-button\" data-id=\"65372db\" data-element_type=\"widget\" data-e-type=\"widget\" data-widget_type=\"button.default\">\n\t\t\t\t<div class=\"elementor-widget-container\">\n\t\t\t\t\t\t\t\t\t<div class=\"elementor-button-wrapper\">\n\t\t\t\t\t<a class=\"elementor-button elementor-button-link elementor-size-sm\" href=\"https:\/\/kajkantenvrango.se\/en\/booking-request-events\/\">\n\t\t\t\t\t\t<span class=\"elementor-button-content-wrapper\">\n\t\t\t\t\t\t\t\t\t<span class=\"elementor-button-text\">Booking Request<\/span>\n\t\t\t\t\t<\/span>\n\t\t\t\t\t<\/a>\n\t\t\t\t<\/div>\n\t\t\t\t\t\t\t\t<\/div>\n\t\t\t\t<\/div>\n\t\t\t\t<div class=\"elementor-element elementor-element-700f9a2 elementor-widget elementor-widget-text-editor\" data-id=\"700f9a2\" data-element_type=\"widget\" data-e-type=\"widget\" data-widget_type=\"text-editor.default\">\n\t\t\t\t<div class=\"elementor-widget-container\">\n\t\t\t\t\t\t\t\t\t<p><strong>ABOUT KAROLINA MARTINSON<br \/><\/strong><\/p><p data-start=\"144\" data-end=\"414\">Karolina Martinson is not only a professional seaweed diver, but also a sustainability inspirer and an ambassador for the future of the new sustainable blue economy. She is passionate about creating a Swedish food culture where seaweed has a natural place on our plates.Karolina wants to show how you can harvest and enjoy seaweed and coastal plants yourself, while also sharing insights into how we can relate to the ocean and the resources it provides \u2014 now and in the future.<\/p><p data-start=\"626\" data-end=\"682\">Enrich your stay with a truly unique seaweed experience.<\/p><p><a href=\"https:\/\/www.algblomman.com\/\"><strong>Read more about Karolina<\/strong><\/a><\/p>\t\t\t\t\t\t\t\t<\/div>\n\t\t\t\t<\/div>\n\t\t\t\t<div class=\"elementor-element elementor-element-afe5081 elementor-arrows-position-inside elementor-pagination-position-outside elementor-widget elementor-widget-image-carousel\" data-id=\"afe5081\" data-element_type=\"widget\" data-e-type=\"widget\" data-settings=\"{&quot;slides_to_show&quot;:&quot;1&quot;,&quot;navigation&quot;:&quot;both&quot;,&quot;autoplay&quot;:&quot;yes&quot;,&quot;pause_on_hover&quot;:&quot;yes&quot;,&quot;pause_on_interaction&quot;:&quot;yes&quot;,&quot;autoplay_speed&quot;:5000,&quot;infinite&quot;:&quot;yes&quot;,&quot;effect&quot;:&quot;slide&quot;,&quot;speed&quot;:500}\" data-widget_type=\"image-carousel.default\">\n\t\t\t\t<div class=\"elementor-widget-container\">\n\t\t\t\t\t\t\t<div class=\"elementor-image-carousel-wrapper swiper\" role=\"region\" aria-roledescription=\"carousel\" aria-label=\"Bildkarusell\" dir=\"ltr\">\n\t\t\t<div class=\"elementor-image-carousel swiper-wrapper\" aria-live=\"off\">\n\t\t\t\t\t\t\t\t<div class=\"swiper-slide\" role=\"group\" aria-roledescription=\"slide\" aria-label=\"1 of 4\"><figure class=\"swiper-slide-inner\"><img decoding=\"async\" class=\"swiper-slide-image\" src=\"https:\/\/kajkantenvrango.se\/wp-content\/uploads\/2025\/03\/karolina-martinson-tangaventyr.jpg\" alt=\"karolina-martinson-t\u00e5ng\u00e4ventyr\" \/><\/figure><\/div><div class=\"swiper-slide\" role=\"group\" aria-roledescription=\"slide\" aria-label=\"2 of 4\"><figure class=\"swiper-slide-inner\"><img decoding=\"async\" class=\"swiper-slide-image\" src=\"https:\/\/kajkantenvrango.se\/wp-content\/uploads\/2025\/03\/tangaventyr-outdoorcooking.jpg\" alt=\"t\u00e5ng\u00e4ventyr-outdoorcooking\" \/><\/figure><\/div><div class=\"swiper-slide\" role=\"group\" aria-roledescription=\"slide\" aria-label=\"3 of 4\"><figure class=\"swiper-slide-inner\"><img decoding=\"async\" class=\"swiper-slide-image\" src=\"https:\/\/kajkantenvrango.se\/wp-content\/uploads\/2024\/03\/tang-Karolina-vrango-3.jpg\" alt=\"t\u00e5ng-Karolina-vr\u00e5ng\u00f6-3\" \/><\/figure><\/div><div class=\"swiper-slide\" role=\"group\" aria-roledescription=\"slide\" aria-label=\"4 of 4\"><figure class=\"swiper-slide-inner\"><img decoding=\"async\" class=\"swiper-slide-image\" src=\"https:\/\/kajkantenvrango.se\/wp-content\/uploads\/2024\/03\/tang-Karolina-vrango.jpg\" alt=\"t\u00e5ng-Karolina-vr\u00e5ng\u00f6\" \/><\/figure><\/div>\t\t\t<\/div>\n\t\t\t\t\t\t\t\t\t\t\t\t<div class=\"elementor-swiper-button elementor-swiper-button-prev\" role=\"button\" tabindex=\"0\">\n\t\t\t\t\t\t<svg aria-hidden=\"true\" class=\"e-font-icon-svg e-eicon-chevron-left\" viewBox=\"0 0 1000 1000\" xmlns=\"http:\/\/www.w3.org\/2000\/svg\"><path d=\"M646 125C629 125 613 133 604 142L308 442C296 454 292 471 292 487 292 504 296 521 308 533L604 854C617 867 629 875 646 875 663 875 679 871 692 858 704 846 713 829 713 812 713 796 708 779 692 767L438 487 692 225C700 217 708 204 708 187 708 171 704 154 692 142 675 129 663 125 646 125Z\"><\/path><\/svg>\t\t\t\t\t<\/div>\n\t\t\t\t\t<div class=\"elementor-swiper-button elementor-swiper-button-next\" role=\"button\" tabindex=\"0\">\n\t\t\t\t\t\t<svg aria-hidden=\"true\" class=\"e-font-icon-svg e-eicon-chevron-right\" viewBox=\"0 0 1000 1000\" xmlns=\"http:\/\/www.w3.org\/2000\/svg\"><path d=\"M696 533C708 521 713 504 713 487 713 471 708 454 696 446L400 146C388 133 375 125 354 125 338 125 325 129 313 142 300 154 292 171 292 187 292 204 296 221 308 233L563 492 304 771C292 783 288 800 288 817 288 833 296 850 308 863 321 871 338 875 354 875 371 875 388 867 400 854L696 533Z\"><\/path><\/svg>\t\t\t\t\t<\/div>\n\t\t\t\t\n\t\t\t\t\t\t\t\t\t<div class=\"swiper-pagination\"><\/div>\n\t\t\t\t\t\t\t\t\t<\/div>\n\t\t\t\t\t\t<\/div>\n\t\t\t\t<\/div>\n\t\t\t\t\t<\/div>\n\t\t\t\t<\/div>\n\t\t<div class=\"elementor-element elementor-element-cae6fb0 e-flex e-con-boxed e-con e-parent\" data-id=\"cae6fb0\" data-element_type=\"container\" data-e-type=\"container\">\n\t\t\t\t\t<div class=\"e-con-inner\">\n\t\t\t\t\t<\/div>\n\t\t\t\t<\/div>\n\t\t\t\t<\/div>\n\t\t","protected":false},"excerpt":{"rendered":"<p>Kajkanten Vr\u00e5ng\u00f6 SEAWEED WALK Guided Seaweed Walk Along the Shore Explore the Shore with Seaweed Diver and Food Creator Karolina Martinson on Vr\u00e5ng\u00f6 \u2013 Saturday April 25 Join a seaweed walk along the shores of Vr\u00e5ng\u00f6 with Karolina Martinson. This inspiring walk takes you out to the cliffs and beaches of the Vr\u00e5ng\u00f6 Archipelago Nature [&hellip;]<\/p>\n","protected":false},"author":2,"featured_media":0,"parent":0,"menu_order":0,"comment_status":"closed","ping_status":"closed","template":"page-templates\/home.php","meta":{"inline_featured_image":false,"footnotes":""},"class_list":["post-27683","page","type-page","status-publish","hentry"],"yoast_head":"<!-- This site is optimized with the Yoast SEO plugin v25.8 - https:\/\/yoast.com\/wordpress\/plugins\/seo\/ -->\n<title>Seaweed Walk Along the Shore \u2013 Spring Celebration in Bohusl\u00e4n - kajkantenvrango<\/title>\n<meta name=\"description\" content=\"Walk the coastline of Vr\u00e5ng\u00f6 with seaweed diver Karolina Martinson \u2013 Bohusl\u00e4n Spring Festival, April 25, 2026\" \/>\n<meta name=\"robots\" content=\"index, follow, max-snippet:-1, max-image-preview:large, max-video-preview:-1\" \/>\n<link rel=\"canonical\" href=\"https:\/\/kajkantenvrango.se\/en\/seaweed-walk-bohuslan-spring-festival\/\" \/>\n<meta property=\"og:locale\" content=\"en_US\" \/>\n<meta property=\"og:type\" content=\"article\" \/>\n<meta property=\"og:title\" content=\"Seaweed Walk Along the Shore \u2013 Spring Celebration in Bohusl\u00e4n - kajkantenvrango\" \/>\n<meta property=\"og:description\" content=\"Walk the coastline of Vr\u00e5ng\u00f6 with seaweed diver Karolina Martinson \u2013 Bohusl\u00e4n Spring Festival, April 25, 2026\" \/>\n<meta property=\"og:url\" content=\"https:\/\/kajkantenvrango.se\/en\/seaweed-walk-bohuslan-spring-festival\/\" \/>\n<meta property=\"og:site_name\" content=\"kajkantenvrango\" \/>\n<meta property=\"article:modified_time\" content=\"2026-01-16T13:53:53+00:00\" \/>\n<meta property=\"og:image\" content=\"https:\/\/kajkantenvrango.se\/wp-content\/uploads\/2025\/03\/karolina-martinson-tangaventyr.jpg\" \/>\n<meta name=\"twitter:card\" content=\"summary_large_image\" \/>\n<meta name=\"twitter:label1\" content=\"Est. reading time\" \/>\n\t<meta name=\"twitter:data1\" content=\"4 minutes\" \/>\n<script type=\"application\/ld+json\" class=\"yoast-schema-graph\">{\"@context\":\"https:\/\/schema.org\",\"@graph\":[{\"@type\":\"WebPage\",\"@id\":\"https:\/\/kajkantenvrango.se\/en\/seaweed-walk-bohuslan-spring-festival\/\",\"url\":\"https:\/\/kajkantenvrango.se\/en\/seaweed-walk-bohuslan-spring-festival\/\",\"name\":\"Seaweed Walk Along the Shore \u2013 Spring Celebration in Bohusl\u00e4n - kajkantenvrango\",\"isPartOf\":{\"@id\":\"https:\/\/kajkantenvrango.se\/en\/#website\"},\"primaryImageOfPage\":{\"@id\":\"https:\/\/kajkantenvrango.se\/en\/seaweed-walk-bohuslan-spring-festival\/#primaryimage\"},\"image\":{\"@id\":\"https:\/\/kajkantenvrango.se\/en\/seaweed-walk-bohuslan-spring-festival\/#primaryimage\"},\"thumbnailUrl\":\"https:\/\/kajkantenvrango.se\/wp-content\/uploads\/2025\/03\/karolina-martinson-tangaventyr.jpg\",\"datePublished\":\"2023-03-21T09:25:47+00:00\",\"dateModified\":\"2026-01-16T13:53:53+00:00\",\"description\":\"Walk the coastline of Vr\u00e5ng\u00f6 with seaweed diver Karolina Martinson \u2013 Bohusl\u00e4n Spring Festival, April 25, 2026\",\"breadcrumb\":{\"@id\":\"https:\/\/kajkantenvrango.se\/en\/seaweed-walk-bohuslan-spring-festival\/#breadcrumb\"},\"inLanguage\":\"en-US\",\"potentialAction\":[{\"@type\":\"ReadAction\",\"target\":[\"https:\/\/kajkantenvrango.se\/en\/seaweed-walk-bohuslan-spring-festival\/\"]}]},{\"@type\":\"ImageObject\",\"inLanguage\":\"en-US\",\"@id\":\"https:\/\/kajkantenvrango.se\/en\/seaweed-walk-bohuslan-spring-festival\/#primaryimage\",\"url\":\"https:\/\/kajkantenvrango.se\/wp-content\/uploads\/2025\/03\/karolina-martinson-tangaventyr.jpg\",\"contentUrl\":\"https:\/\/kajkantenvrango.se\/wp-content\/uploads\/2025\/03\/karolina-martinson-tangaventyr.jpg\"},{\"@type\":\"BreadcrumbList\",\"@id\":\"https:\/\/kajkantenvrango.se\/en\/seaweed-walk-bohuslan-spring-festival\/#breadcrumb\",\"itemListElement\":[{\"@type\":\"ListItem\",\"position\":1,\"name\":\"Home\",\"item\":\"https:\/\/kajkantenvrango.se\/en\/\"},{\"@type\":\"ListItem\",\"position\":2,\"name\":\"Seaweed Walk Along the Shore \u2013 Spring Celebration in Bohusl\u00e4n\"}]},{\"@type\":\"WebSite\",\"@id\":\"https:\/\/kajkantenvrango.se\/en\/#website\",\"url\":\"https:\/\/kajkantenvrango.se\/en\/\",\"name\":\"kajkantenvrango\",\"description\":\"\",\"potentialAction\":[{\"@type\":\"SearchAction\",\"target\":{\"@type\":\"EntryPoint\",\"urlTemplate\":\"https:\/\/kajkantenvrango.se\/en\/?s={search_term_string}\"},\"query-input\":{\"@type\":\"PropertyValueSpecification\",\"valueRequired\":true,\"valueName\":\"search_term_string\"}}],\"inLanguage\":\"en-US\"}]}<\/script>\n<!-- \/ Yoast SEO plugin. -->","yoast_head_json":{"title":"Seaweed Walk Along the Shore \u2013 Spring Celebration in Bohusl\u00e4n - kajkantenvrango","description":"Walk the coastline of Vr\u00e5ng\u00f6 with seaweed diver Karolina Martinson \u2013 Bohusl\u00e4n Spring Festival, April 25, 2026","robots":{"index":"index","follow":"follow","max-snippet":"max-snippet:-1","max-image-preview":"max-image-preview:large","max-video-preview":"max-video-preview:-1"},"canonical":"https:\/\/kajkantenvrango.se\/en\/seaweed-walk-bohuslan-spring-festival\/","og_locale":"en_US","og_type":"article","og_title":"Seaweed Walk Along the Shore \u2013 Spring Celebration in Bohusl\u00e4n - kajkantenvrango","og_description":"Walk the coastline of Vr\u00e5ng\u00f6 with seaweed diver Karolina Martinson \u2013 Bohusl\u00e4n Spring Festival, April 25, 2026","og_url":"https:\/\/kajkantenvrango.se\/en\/seaweed-walk-bohuslan-spring-festival\/","og_site_name":"kajkantenvrango","article_modified_time":"2026-01-16T13:53:53+00:00","og_image":[{"url":"https:\/\/kajkantenvrango.se\/wp-content\/uploads\/2025\/03\/karolina-martinson-tangaventyr.jpg","type":"","width":"","height":""}],"twitter_card":"summary_large_image","twitter_misc":{"Est. reading time":"4 minutes"},"schema":{"@context":"https:\/\/schema.org","@graph":[{"@type":"WebPage","@id":"https:\/\/kajkantenvrango.se\/en\/seaweed-walk-bohuslan-spring-festival\/","url":"https:\/\/kajkantenvrango.se\/en\/seaweed-walk-bohuslan-spring-festival\/","name":"Seaweed Walk Along the Shore \u2013 Spring Celebration in Bohusl\u00e4n - kajkantenvrango","isPartOf":{"@id":"https:\/\/kajkantenvrango.se\/en\/#website"},"primaryImageOfPage":{"@id":"https:\/\/kajkantenvrango.se\/en\/seaweed-walk-bohuslan-spring-festival\/#primaryimage"},"image":{"@id":"https:\/\/kajkantenvrango.se\/en\/seaweed-walk-bohuslan-spring-festival\/#primaryimage"},"thumbnailUrl":"https:\/\/kajkantenvrango.se\/wp-content\/uploads\/2025\/03\/karolina-martinson-tangaventyr.jpg","datePublished":"2023-03-21T09:25:47+00:00","dateModified":"2026-01-16T13:53:53+00:00","description":"Walk the coastline of Vr\u00e5ng\u00f6 with seaweed diver Karolina Martinson \u2013 Bohusl\u00e4n Spring Festival, April 25, 2026","breadcrumb":{"@id":"https:\/\/kajkantenvrango.se\/en\/seaweed-walk-bohuslan-spring-festival\/#breadcrumb"},"inLanguage":"en-US","potentialAction":[{"@type":"ReadAction","target":["https:\/\/kajkantenvrango.se\/en\/seaweed-walk-bohuslan-spring-festival\/"]}]},{"@type":"ImageObject","inLanguage":"en-US","@id":"https:\/\/kajkantenvrango.se\/en\/seaweed-walk-bohuslan-spring-festival\/#primaryimage","url":"https:\/\/kajkantenvrango.se\/wp-content\/uploads\/2025\/03\/karolina-martinson-tangaventyr.jpg","contentUrl":"https:\/\/kajkantenvrango.se\/wp-content\/uploads\/2025\/03\/karolina-martinson-tangaventyr.jpg"},{"@type":"BreadcrumbList","@id":"https:\/\/kajkantenvrango.se\/en\/seaweed-walk-bohuslan-spring-festival\/#breadcrumb","itemListElement":[{"@type":"ListItem","position":1,"name":"Home","item":"https:\/\/kajkantenvrango.se\/en\/"},{"@type":"ListItem","position":2,"name":"Seaweed Walk Along the Shore \u2013 Spring Celebration in Bohusl\u00e4n"}]},{"@type":"WebSite","@id":"https:\/\/kajkantenvrango.se\/en\/#website","url":"https:\/\/kajkantenvrango.se\/en\/","name":"kajkantenvrango","description":"","potentialAction":[{"@type":"SearchAction","target":{"@type":"EntryPoint","urlTemplate":"https:\/\/kajkantenvrango.se\/en\/?s={search_term_string}"},"query-input":{"@type":"PropertyValueSpecification","valueRequired":true,"valueName":"search_term_string"}}],"inLanguage":"en-US"}]}},"_links":{"self":[{"href":"https:\/\/kajkantenvrango.se\/en\/wp-json\/wp\/v2\/pages\/27683","targetHints":{"allow":["GET"]}}],"collection":[{"href":"https:\/\/kajkantenvrango.se\/en\/wp-json\/wp\/v2\/pages"}],"about":[{"href":"https:\/\/kajkantenvrango.se\/en\/wp-json\/wp\/v2\/types\/page"}],"author":[{"embeddable":true,"href":"https:\/\/kajkantenvrango.se\/en\/wp-json\/wp\/v2\/users\/2"}],"replies":[{"embeddable":true,"href":"https:\/\/kajkantenvrango.se\/en\/wp-json\/wp\/v2\/comments?post=27683"}],"version-history":[{"count":28,"href":"https:\/\/kajkantenvrango.se\/en\/wp-json\/wp\/v2\/pages\/27683\/revisions"}],"predecessor-version":[{"id":27712,"href":"https:\/\/kajkantenvrango.se\/en\/wp-json\/wp\/v2\/pages\/27683\/revisions\/27712"}],"wp:attachment":[{"href":"https:\/\/kajkantenvrango.se\/en\/wp-json\/wp\/v2\/media?parent=27683"}],"curies":[{"name":"wp","href":"https:\/\/api.w.org\/{rel}","templated":true}]}}