{"id":23585,"date":"2025-11-28T12:28:56","date_gmt":"2025-11-28T12:28:56","guid":{"rendered":"https:\/\/kajkantenvrango.se\/?page_id=23585"},"modified":"2025-11-28T15:47:16","modified_gmt":"2025-11-28T15:47:16","slug":"yoga-weekend-kajkanten","status":"publish","type":"page","link":"https:\/\/kajkantenvrango.se\/en\/yoga-weekend-kajkanten\/","title":{"rendered":"Yoga Weekend Kajkanten"},"content":{"rendered":"\t\t<div data-elementor-type=\"wp-page\" data-elementor-id=\"23585\" class=\"elementor elementor-23585 elementor-22683\" data-elementor-post-type=\"page\">\n\t\t\t\t\t\t<section class=\"elementor-section elementor-top-section elementor-element elementor-element-39a9355 elementor-section-full_width elementor-section-height-default elementor-section-height-default\" data-id=\"39a9355\" data-element_type=\"section\" data-e-type=\"section\">\n\t\t\t\t\t\t<div class=\"elementor-container elementor-column-gap-no\">\n\t\t\t\t\t<div class=\"elementor-column elementor-col-100 elementor-top-column elementor-element elementor-element-93e3f7c\" data-id=\"93e3f7c\" data-element_type=\"column\" data-e-type=\"column\">\n\t\t\t<div class=\"elementor-widget-wrap elementor-element-populated\">\n\t\t\t\t\t\t<div class=\"elementor-element elementor-element-960ecca elementor-align-left elementor-widget elementor-widget-pages-banner\" data-id=\"960ecca\" data-element_type=\"widget\" data-e-type=\"widget\" data-widget_type=\"pages-banner.default\">\n\t\t\t\t<div class=\"elementor-widget-container\">\n\t\t\t\t\t\r\n\t\t\t\t<div class=\"banner-header section-padding valign bg-img bg-fixed\" data-overlay-dark=\"4\" data-background=\"https:\/\/kajkantenvrango.se\/wp-content\/uploads\/2025\/11\/yogahelg-kajkanten-2026.jpg\">\r\n\t\t\t\t\t<div class=\"container\">\r\n\t\t\t\t<div class=\"row\">\r\n\t\t\t\t\t<div class=\"col-md-12 caption mt-90\">\r\n\t\t\t\t\t\t\t\t\t\t\t\t<h5>kajkanten 20-22 nov<\/h5>\r\n\t\t\t\t\t\t\t\t\t\t\t\t\t\t\t\t\t\t<h1>YOGA WEEKEND\n<\/h1>\r\n\t\t\t\t\t\t\t\t\t\t\t<\/div>\r\n\t\t\t\t<\/div>\r\n\t\t\t<\/div>\r\n\t\t<\/div>\r\n\r\n\t\t\t\t\t<\/div>\n\t\t\t\t<\/div>\n\t\t\t\t<div class=\"elementor-element elementor-element-3deeef0 elementor-widget elementor-widget-spacer\" data-id=\"3deeef0\" data-element_type=\"widget\" data-e-type=\"widget\" data-widget_type=\"spacer.default\">\n\t\t\t\t<div class=\"elementor-widget-container\">\n\t\t\t\t\t\t\t<div class=\"elementor-spacer\">\n\t\t\t<div class=\"elementor-spacer-inner\"><\/div>\n\t\t<\/div>\n\t\t\t\t\t\t<\/div>\n\t\t\t\t<\/div>\n\t\t\t\t\t<\/div>\n\t\t<\/div>\n\t\t\t\t\t<\/div>\n\t\t<\/section>\n\t\t<div class=\"elementor-element elementor-element-2d00953 e-flex e-con-boxed e-con e-parent\" data-id=\"2d00953\" data-element_type=\"container\" data-e-type=\"container\">\n\t\t\t\t\t<div class=\"e-con-inner\">\n\t\t\t\t<div class=\"elementor-element elementor-element-7b834ee elementor-widget elementor-widget-heading\" data-id=\"7b834ee\" data-element_type=\"widget\" data-e-type=\"widget\" data-widget_type=\"heading.default\">\n\t\t\t\t<div class=\"elementor-widget-container\">\n\t\t\t\t\t<h2 class=\"elementor-heading-title elementor-size-default\">Yoga Weekend at Kajkanten<\/h2>\t\t\t\t<\/div>\n\t\t\t\t<\/div>\n\t\t\t\t\t<\/div>\n\t\t\t\t<\/div>\n\t\t<div class=\"elementor-element elementor-element-e81ccc9 e-flex e-con-boxed e-con e-parent\" data-id=\"e81ccc9\" data-element_type=\"container\" data-e-type=\"container\">\n\t\t\t\t\t<div class=\"e-con-inner\">\n\t\t\t\t<div class=\"elementor-element elementor-element-9b21876 elementor-widget elementor-widget-heading\" data-id=\"9b21876\" data-element_type=\"widget\" data-e-type=\"widget\" data-widget_type=\"heading.default\">\n\t\t\t\t<div class=\"elementor-widget-container\">\n\t\t\t\t\t<h2 class=\"elementor-heading-title elementor-size-default\">Presence, Rest &amp; Recovery with Emma<\/h2>\t\t\t\t<\/div>\n\t\t\t\t<\/div>\n\t\t\t\t<div class=\"elementor-element elementor-element-0b1e088 elementor-widget elementor-widget-text-editor\" data-id=\"0b1e088\" data-element_type=\"widget\" data-e-type=\"widget\" data-widget_type=\"text-editor.default\">\n\t\t\t\t<div class=\"elementor-widget-container\">\n\t\t\t\t\t\t\t\t\t<div class=\"elementor-element elementor-element-0b1e088 elementor-widget elementor-widget-text-editor\" data-id=\"0b1e088\" data-element_type=\"widget\" data-widget_type=\"text-editor.default\"><div class=\"elementor-widget-container\"><p>Welcome to a weekend filled with yoga, stillness, and archipelago magic at Kajkanten Vr\u00e5ng\u00f6. Over three days, you\u2019ll have the chance to settle into your body, soften your mind, and recharge your energy through yoga, meditation, a lecture, and relaxation. The weekend is framed by delicious food, the closeness of the sea, and a warm sense of community.<\/p><\/div><\/div>\t\t\t\t\t\t\t\t<\/div>\n\t\t\t\t<\/div>\n\t\t\t\t<div class=\"elementor-element elementor-element-c1e3e2d elementor-widget elementor-widget-text-editor\" data-id=\"c1e3e2d\" data-element_type=\"widget\" data-e-type=\"widget\" data-widget_type=\"text-editor.default\">\n\t\t\t\t<div class=\"elementor-widget-container\">\n\t\t\t\t\t\t\t\t\t<p><strong>Yoga weekend Nov 20-22\u00a0<\/strong><\/p><p><strong>Friday, November 20<\/strong><br \/>Iheck-in available from 3:00 PM<br data-start=\"617\" data-end=\"620\" \/>4:15 PM Gathering &amp; Yoga Class<br data-start=\"650\" data-end=\"653\" \/>6:00 PM Community and Dinner<\/p><p><strong>Saturday, November 21<\/strong><br \/>8:00 AM Yoga class<br \/>Breakfast basket delivered to your boathouse<br data-start=\"780\" data-end=\"783\" \/>Lecture &amp; exercises: <em data-start=\"804\" data-end=\"895\">Eastern tools for the Western mind \u2013 how do we take yoga from the mat into everyday life?<\/em><br data-start=\"895\" data-end=\"898\" \/>12:00 PM Lunch<br data-start=\"912\" data-end=\"915\" \/>1:00 PM \u2013 5:00 PM Relax raft, time to socialize or enjoy time to yourself<br data-start=\"988\" data-end=\"991\" \/>6:00 PM Community and Dinner<br data-start=\"1019\" data-end=\"1022\" \/>8:30 PM Yoga Nidra \u2013 deep relaxation and rest<\/p><p><strong>Sunday November 22<\/strong><br \/>8:00 AM Yoga Class<br data-start=\"1117\" data-end=\"1120\" \/>Breakfast basket delivered to your boathouse<br data-start=\"1164\" data-end=\"1167\" \/>11:00 AM Closing &amp; Departure<\/p><p>A weekend for anyone who wants to slow down, reconnect with their energy, and allow the body to recover in the calming environment of the archipelago. No previous experience is required \u2014 you\u2019re welcome just as you are.<br \/><strong><br \/>5,790 SEK per person incl. VAT.<br \/>SPECIAL OFFER: Bring a friend and get 500 SEK off<\/strong><\/p><p><strong>Booking Terms \u2013 Yoga Weekend November 20\u201322<br \/><\/strong>\u2022 A deposit of 750 SEK is paid upon registration. Your booking is confirmed once the deposit has been received.<br data-start=\"1686\" data-end=\"1689\" \/>\u2022 Final payment must be received by Kajkanten no later than October 15.<br data-start=\"1760\" data-end=\"1763\" \/>\u2022 In case of illness, your spot can be transferred to another person. You are responsible for arranging this yourself.<br data-start=\"1881\" data-end=\"1884\" \/>\u2022 The registration\/booking becomes binding from October 15, and no refunds are issued after this date.<br data-start=\"1986\" data-end=\"1989\" \/>\u2022 We reserve the right to cancel the event in case of too few participants. If so, you will be notified no later than October 15, and the full amount paid will be refunded.<\/p>\t\t\t\t\t\t\t\t<\/div>\n\t\t\t\t<\/div>\n\t\t\t\t<div class=\"elementor-element elementor-element-65372db elementor-widget elementor-widget-button\" data-id=\"65372db\" data-element_type=\"widget\" data-e-type=\"widget\" data-widget_type=\"button.default\">\n\t\t\t\t<div class=\"elementor-widget-container\">\n\t\t\t\t\t\t\t\t\t<div class=\"elementor-button-wrapper\">\n\t\t\t\t\t<a class=\"elementor-button elementor-button-link elementor-size-sm\" href=\"https:\/\/kajkantenvrango.se\/bokningsforfragan-yogahelg\/\">\n\t\t\t\t\t\t<span class=\"elementor-button-content-wrapper\">\n\t\t\t\t\t\t\t\t\t<span class=\"elementor-button-text\">Bokningsf\u00f6rfr\u00e5gan<\/span>\n\t\t\t\t\t<\/span>\n\t\t\t\t\t<\/a>\n\t\t\t\t<\/div>\n\t\t\t\t\t\t\t\t<\/div>\n\t\t\t\t<\/div>\n\t\t\t\t<div class=\"elementor-element elementor-element-700f9a2 elementor-widget elementor-widget-text-editor\" data-id=\"700f9a2\" data-element_type=\"widget\" data-e-type=\"widget\" data-widget_type=\"text-editor.default\">\n\t\t\t\t<div class=\"elementor-widget-container\">\n\t\t\t\t\t\t\t\t\t<p><strong>Emma Voigt<br \/><\/strong><\/p><p data-start=\"94\" data-end=\"378\">My name is Emma, and movement has been a natural part of my life since childhood. My journey began in gymnastics, and since the age of 25, yoga has been a central part of my everyday life. For me, yoga is both a path to strength and presence, as well as a place for rest and recovery.<\/p><p data-start=\"380\" data-end=\"718\">I am a trained yoga teacher with nearly 600 hours of education in several different branches of yoga, giving me a broad and deeply rooted foundation. Since 2019, I\u2019ve had the privilege of guiding groups, and every meeting with participants is an opportunity for me to create a warm and safe space where everyone can land just as they are.<\/p><p data-start=\"720\" data-end=\"927\">In my classes, I weave together flow, stillness, and reflection \u2014 with care for both body and mind. My intention is that you leave the practice feeling more present, grounded, and filled with renewed energy.<\/p><p><a href=\"https:\/\/www.embodiedleadership.se\/about\/\"><strong>L\u00e4s mer om Emma<\/strong><\/a><\/p>\t\t\t\t\t\t\t\t<\/div>\n\t\t\t\t<\/div>\n\t\t\t\t<div class=\"elementor-element elementor-element-afe5081 elementor-arrows-position-inside elementor-pagination-position-outside elementor-widget elementor-widget-image-carousel\" data-id=\"afe5081\" data-element_type=\"widget\" data-e-type=\"widget\" data-settings=\"{&quot;slides_to_show&quot;:&quot;1&quot;,&quot;navigation&quot;:&quot;both&quot;,&quot;autoplay&quot;:&quot;yes&quot;,&quot;pause_on_hover&quot;:&quot;yes&quot;,&quot;pause_on_interaction&quot;:&quot;yes&quot;,&quot;autoplay_speed&quot;:5000,&quot;infinite&quot;:&quot;yes&quot;,&quot;effect&quot;:&quot;slide&quot;,&quot;speed&quot;:500}\" data-widget_type=\"image-carousel.default\">\n\t\t\t\t<div class=\"elementor-widget-container\">\n\t\t\t\t\t\t\t<div class=\"elementor-image-carousel-wrapper swiper\" role=\"region\" aria-roledescription=\"carousel\" aria-label=\"Bildkarusell\" dir=\"ltr\">\n\t\t\t<div class=\"elementor-image-carousel swiper-wrapper\" aria-live=\"off\">\n\t\t\t\t\t\t\t\t<div class=\"swiper-slide\" role=\"group\" aria-roledescription=\"slide\" aria-label=\"1 of 5\"><figure class=\"swiper-slide-inner\"><img decoding=\"async\" class=\"swiper-slide-image\" src=\"https:\/\/kajkantenvrango.se\/wp-content\/uploads\/2025\/08\/yoga-helg.jpg\" alt=\"yoga-helg\" \/><\/figure><\/div><div class=\"swiper-slide\" role=\"group\" aria-roledescription=\"slide\" aria-label=\"2 of 5\"><figure class=\"swiper-slide-inner\"><img decoding=\"async\" class=\"swiper-slide-image\" src=\"https:\/\/kajkantenvrango.se\/wp-content\/uploads\/2025\/08\/yoga-emma-2.jpg\" alt=\"yogahelg p\u00e5 Kajkanten\" \/><\/figure><\/div><div class=\"swiper-slide\" role=\"group\" aria-roledescription=\"slide\" aria-label=\"3 of 5\"><figure class=\"swiper-slide-inner\"><img decoding=\"async\" class=\"swiper-slide-image\" src=\"https:\/\/kajkantenvrango.se\/wp-content\/uploads\/2025\/08\/yoga-emma-1.jpg\" alt=\"yoga-emma-1\" \/><\/figure><\/div><div class=\"swiper-slide\" role=\"group\" aria-roledescription=\"slide\" aria-label=\"4 of 5\"><figure class=\"swiper-slide-inner\"><img decoding=\"async\" class=\"swiper-slide-image\" src=\"https:\/\/kajkantenvrango.se\/wp-content\/uploads\/2025\/08\/yoga-emma-3.jpg\" alt=\"yoga p\u00e5 Vr\u00e5ng\u00f6\" \/><\/figure><\/div><div class=\"swiper-slide\" role=\"group\" aria-roledescription=\"slide\" aria-label=\"5 of 5\"><figure class=\"swiper-slide-inner\"><img decoding=\"async\" class=\"swiper-slide-image\" src=\"https:\/\/kajkantenvrango.se\/wp-content\/uploads\/2025\/08\/yoga-relaxflotte.jpg\" alt=\"yoga-relaxflotte\" \/><\/figure><\/div>\t\t\t<\/div>\n\t\t\t\t\t\t\t\t\t\t\t\t<div class=\"elementor-swiper-button elementor-swiper-button-prev\" role=\"button\" tabindex=\"0\">\n\t\t\t\t\t\t<svg aria-hidden=\"true\" class=\"e-font-icon-svg e-eicon-chevron-left\" viewBox=\"0 0 1000 1000\" xmlns=\"http:\/\/www.w3.org\/2000\/svg\"><path d=\"M646 125C629 125 613 133 604 142L308 442C296 454 292 471 292 487 292 504 296 521 308 533L604 854C617 867 629 875 646 875 663 875 679 871 692 858 704 846 713 829 713 812 713 796 708 779 692 767L438 487 692 225C700 217 708 204 708 187 708 171 704 154 692 142 675 129 663 125 646 125Z\"><\/path><\/svg>\t\t\t\t\t<\/div>\n\t\t\t\t\t<div class=\"elementor-swiper-button elementor-swiper-button-next\" role=\"button\" tabindex=\"0\">\n\t\t\t\t\t\t<svg aria-hidden=\"true\" class=\"e-font-icon-svg e-eicon-chevron-right\" viewBox=\"0 0 1000 1000\" xmlns=\"http:\/\/www.w3.org\/2000\/svg\"><path d=\"M696 533C708 521 713 504 713 487 713 471 708 454 696 446L400 146C388 133 375 125 354 125 338 125 325 129 313 142 300 154 292 171 292 187 292 204 296 221 308 233L563 492 304 771C292 783 288 800 288 817 288 833 296 850 308 863 321 871 338 875 354 875 371 875 388 867 400 854L696 533Z\"><\/path><\/svg>\t\t\t\t\t<\/div>\n\t\t\t\t\n\t\t\t\t\t\t\t\t\t<div class=\"swiper-pagination\"><\/div>\n\t\t\t\t\t\t\t\t\t<\/div>\n\t\t\t\t\t\t<\/div>\n\t\t\t\t<\/div>\n\t\t\t\t\t<\/div>\n\t\t\t\t<\/div>\n\t\t<div class=\"elementor-element elementor-element-cae6fb0 e-flex e-con-boxed e-con e-parent\" data-id=\"cae6fb0\" data-element_type=\"container\" data-e-type=\"container\">\n\t\t\t\t\t<div class=\"e-con-inner\">\n\t\t\t\t\t<\/div>\n\t\t\t\t<\/div>\n\t\t\t\t<\/div>\n\t\t","protected":false},"excerpt":{"rendered":"<p>kajkanten 20-22 nov YOGA WEEKEND Yoga Weekend at Kajkanten Presence, Rest &amp; Recovery with Emma Welcome to a weekend filled with yoga, stillness, and archipelago magic at Kajkanten Vr\u00e5ng\u00f6. Over three days, you\u2019ll have the chance to settle into your body, soften your mind, and recharge your energy through yoga, meditation, a lecture, and relaxation. [&hellip;]<\/p>\n","protected":false},"author":1,"featured_media":0,"parent":0,"menu_order":0,"comment_status":"closed","ping_status":"closed","template":"","meta":{"inline_featured_image":false,"footnotes":""},"class_list":["post-23585","page","type-page","status-publish","hentry"],"yoast_head":"<!-- This site is optimized with the Yoast SEO plugin v25.8 - https:\/\/yoast.com\/wordpress\/plugins\/seo\/ -->\n<title>Yoga Weekend Kajkanten - kajkantenvrango<\/title>\n<meta name=\"description\" content=\"Yoga weekend at Kajkanten Vr\u00e5ng\u00f6 20-22 nov 2026. Welcome to a weekend filled with yoga, stillness, and archipelago magic at Kajkanten Vr\u00e5ng\u00f6.\" \/>\n<meta name=\"robots\" content=\"index, follow, max-snippet:-1, max-image-preview:large, max-video-preview:-1\" \/>\n<link rel=\"canonical\" href=\"https:\/\/kajkantenvrango.se\/en\/yoga-weekend-kajkanten\/\" \/>\n<meta property=\"og:locale\" content=\"en_US\" \/>\n<meta property=\"og:type\" content=\"article\" \/>\n<meta property=\"og:title\" content=\"Yoga Weekend Kajkanten - kajkantenvrango\" \/>\n<meta property=\"og:description\" content=\"Yoga weekend at Kajkanten Vr\u00e5ng\u00f6 20-22 nov 2026. Welcome to a weekend filled with yoga, stillness, and archipelago magic at Kajkanten Vr\u00e5ng\u00f6.\" \/>\n<meta property=\"og:url\" content=\"https:\/\/kajkantenvrango.se\/en\/yoga-weekend-kajkanten\/\" \/>\n<meta property=\"og:site_name\" content=\"kajkantenvrango\" \/>\n<meta property=\"article:modified_time\" content=\"2025-11-28T15:47:16+00:00\" \/>\n<meta property=\"og:image\" content=\"https:\/\/kajkantenvrango.se\/wp-content\/uploads\/2025\/08\/yoga-helg.jpg\" \/>\n<meta name=\"twitter:card\" content=\"summary_large_image\" \/>\n<meta name=\"twitter:label1\" content=\"Est. reading time\" \/>\n\t<meta name=\"twitter:data1\" content=\"4 minutes\" \/>\n<script type=\"application\/ld+json\" class=\"yoast-schema-graph\">{\"@context\":\"https:\/\/schema.org\",\"@graph\":[{\"@type\":\"WebPage\",\"@id\":\"https:\/\/kajkantenvrango.se\/en\/yoga-weekend-kajkanten\/\",\"url\":\"https:\/\/kajkantenvrango.se\/en\/yoga-weekend-kajkanten\/\",\"name\":\"Yoga Weekend Kajkanten - kajkantenvrango\",\"isPartOf\":{\"@id\":\"https:\/\/kajkantenvrango.se\/en\/#website\"},\"primaryImageOfPage\":{\"@id\":\"https:\/\/kajkantenvrango.se\/en\/yoga-weekend-kajkanten\/#primaryimage\"},\"image\":{\"@id\":\"https:\/\/kajkantenvrango.se\/en\/yoga-weekend-kajkanten\/#primaryimage\"},\"thumbnailUrl\":\"https:\/\/kajkantenvrango.se\/wp-content\/uploads\/2025\/08\/yoga-helg.jpg\",\"datePublished\":\"2025-11-28T12:28:56+00:00\",\"dateModified\":\"2025-11-28T15:47:16+00:00\",\"description\":\"Yoga weekend at Kajkanten Vr\u00e5ng\u00f6 20-22 nov 2026. Welcome to a weekend filled with yoga, stillness, and archipelago magic at Kajkanten Vr\u00e5ng\u00f6.\",\"breadcrumb\":{\"@id\":\"https:\/\/kajkantenvrango.se\/en\/yoga-weekend-kajkanten\/#breadcrumb\"},\"inLanguage\":\"en-US\",\"potentialAction\":[{\"@type\":\"ReadAction\",\"target\":[\"https:\/\/kajkantenvrango.se\/en\/yoga-weekend-kajkanten\/\"]}]},{\"@type\":\"ImageObject\",\"inLanguage\":\"en-US\",\"@id\":\"https:\/\/kajkantenvrango.se\/en\/yoga-weekend-kajkanten\/#primaryimage\",\"url\":\"https:\/\/kajkantenvrango.se\/wp-content\/uploads\/2025\/08\/yoga-helg.jpg\",\"contentUrl\":\"https:\/\/kajkantenvrango.se\/wp-content\/uploads\/2025\/08\/yoga-helg.jpg\"},{\"@type\":\"BreadcrumbList\",\"@id\":\"https:\/\/kajkantenvrango.se\/en\/yoga-weekend-kajkanten\/#breadcrumb\",\"itemListElement\":[{\"@type\":\"ListItem\",\"position\":1,\"name\":\"Home\",\"item\":\"https:\/\/kajkantenvrango.se\/en\/\"},{\"@type\":\"ListItem\",\"position\":2,\"name\":\"Yoga Weekend Kajkanten\"}]},{\"@type\":\"WebSite\",\"@id\":\"https:\/\/kajkantenvrango.se\/en\/#website\",\"url\":\"https:\/\/kajkantenvrango.se\/en\/\",\"name\":\"kajkantenvrango\",\"description\":\"\",\"potentialAction\":[{\"@type\":\"SearchAction\",\"target\":{\"@type\":\"EntryPoint\",\"urlTemplate\":\"https:\/\/kajkantenvrango.se\/en\/?s={search_term_string}\"},\"query-input\":{\"@type\":\"PropertyValueSpecification\",\"valueRequired\":true,\"valueName\":\"search_term_string\"}}],\"inLanguage\":\"en-US\"}]}<\/script>\n<!-- \/ Yoast SEO plugin. -->","yoast_head_json":{"title":"Yoga Weekend Kajkanten - kajkantenvrango","description":"Yoga weekend at Kajkanten Vr\u00e5ng\u00f6 20-22 nov 2026. Welcome to a weekend filled with yoga, stillness, and archipelago magic at Kajkanten Vr\u00e5ng\u00f6.","robots":{"index":"index","follow":"follow","max-snippet":"max-snippet:-1","max-image-preview":"max-image-preview:large","max-video-preview":"max-video-preview:-1"},"canonical":"https:\/\/kajkantenvrango.se\/en\/yoga-weekend-kajkanten\/","og_locale":"en_US","og_type":"article","og_title":"Yoga Weekend Kajkanten - kajkantenvrango","og_description":"Yoga weekend at Kajkanten Vr\u00e5ng\u00f6 20-22 nov 2026. Welcome to a weekend filled with yoga, stillness, and archipelago magic at Kajkanten Vr\u00e5ng\u00f6.","og_url":"https:\/\/kajkantenvrango.se\/en\/yoga-weekend-kajkanten\/","og_site_name":"kajkantenvrango","article_modified_time":"2025-11-28T15:47:16+00:00","og_image":[{"url":"https:\/\/kajkantenvrango.se\/wp-content\/uploads\/2025\/08\/yoga-helg.jpg","type":"","width":"","height":""}],"twitter_card":"summary_large_image","twitter_misc":{"Est. reading time":"4 minutes"},"schema":{"@context":"https:\/\/schema.org","@graph":[{"@type":"WebPage","@id":"https:\/\/kajkantenvrango.se\/en\/yoga-weekend-kajkanten\/","url":"https:\/\/kajkantenvrango.se\/en\/yoga-weekend-kajkanten\/","name":"Yoga Weekend Kajkanten - kajkantenvrango","isPartOf":{"@id":"https:\/\/kajkantenvrango.se\/en\/#website"},"primaryImageOfPage":{"@id":"https:\/\/kajkantenvrango.se\/en\/yoga-weekend-kajkanten\/#primaryimage"},"image":{"@id":"https:\/\/kajkantenvrango.se\/en\/yoga-weekend-kajkanten\/#primaryimage"},"thumbnailUrl":"https:\/\/kajkantenvrango.se\/wp-content\/uploads\/2025\/08\/yoga-helg.jpg","datePublished":"2025-11-28T12:28:56+00:00","dateModified":"2025-11-28T15:47:16+00:00","description":"Yoga weekend at Kajkanten Vr\u00e5ng\u00f6 20-22 nov 2026. Welcome to a weekend filled with yoga, stillness, and archipelago magic at Kajkanten Vr\u00e5ng\u00f6.","breadcrumb":{"@id":"https:\/\/kajkantenvrango.se\/en\/yoga-weekend-kajkanten\/#breadcrumb"},"inLanguage":"en-US","potentialAction":[{"@type":"ReadAction","target":["https:\/\/kajkantenvrango.se\/en\/yoga-weekend-kajkanten\/"]}]},{"@type":"ImageObject","inLanguage":"en-US","@id":"https:\/\/kajkantenvrango.se\/en\/yoga-weekend-kajkanten\/#primaryimage","url":"https:\/\/kajkantenvrango.se\/wp-content\/uploads\/2025\/08\/yoga-helg.jpg","contentUrl":"https:\/\/kajkantenvrango.se\/wp-content\/uploads\/2025\/08\/yoga-helg.jpg"},{"@type":"BreadcrumbList","@id":"https:\/\/kajkantenvrango.se\/en\/yoga-weekend-kajkanten\/#breadcrumb","itemListElement":[{"@type":"ListItem","position":1,"name":"Home","item":"https:\/\/kajkantenvrango.se\/en\/"},{"@type":"ListItem","position":2,"name":"Yoga Weekend Kajkanten"}]},{"@type":"WebSite","@id":"https:\/\/kajkantenvrango.se\/en\/#website","url":"https:\/\/kajkantenvrango.se\/en\/","name":"kajkantenvrango","description":"","potentialAction":[{"@type":"SearchAction","target":{"@type":"EntryPoint","urlTemplate":"https:\/\/kajkantenvrango.se\/en\/?s={search_term_string}"},"query-input":{"@type":"PropertyValueSpecification","valueRequired":true,"valueName":"search_term_string"}}],"inLanguage":"en-US"}]}},"_links":{"self":[{"href":"https:\/\/kajkantenvrango.se\/en\/wp-json\/wp\/v2\/pages\/23585","targetHints":{"allow":["GET"]}}],"collection":[{"href":"https:\/\/kajkantenvrango.se\/en\/wp-json\/wp\/v2\/pages"}],"about":[{"href":"https:\/\/kajkantenvrango.se\/en\/wp-json\/wp\/v2\/types\/page"}],"author":[{"embeddable":true,"href":"https:\/\/kajkantenvrango.se\/en\/wp-json\/wp\/v2\/users\/1"}],"replies":[{"embeddable":true,"href":"https:\/\/kajkantenvrango.se\/en\/wp-json\/wp\/v2\/comments?post=23585"}],"version-history":[{"count":9,"href":"https:\/\/kajkantenvrango.se\/en\/wp-json\/wp\/v2\/pages\/23585\/revisions"}],"predecessor-version":[{"id":25933,"href":"https:\/\/kajkantenvrango.se\/en\/wp-json\/wp\/v2\/pages\/23585\/revisions\/25933"}],"wp:attachment":[{"href":"https:\/\/kajkantenvrango.se\/en\/wp-json\/wp\/v2\/media?parent=23585"}],"curies":[{"name":"wp","href":"https:\/\/api.w.org\/{rel}","templated":true}]}}