{"id":22111,"date":"2023-03-21T09:25:47","date_gmt":"2023-03-21T09:25:47","guid":{"rendered":"https:\/\/kajkantenvrango.se\/?page_id=22111"},"modified":"2025-06-07T12:50:51","modified_gmt":"2025-06-07T12:50:51","slug":"seaweed-walk-along-the-shoreline","status":"publish","type":"page","link":"https:\/\/kajkantenvrango.se\/en\/seaweed-walk-along-the-shoreline\/","title":{"rendered":"Seaweed walk along the shoreline"},"content":{"rendered":"\t\t<div data-elementor-type=\"wp-page\" data-elementor-id=\"22111\" class=\"elementor elementor-22111 elementor-22077\" data-elementor-post-type=\"page\">\n\t\t\t\t\t\t<section class=\"elementor-section elementor-top-section elementor-element elementor-element-39a9355 elementor-section-full_width elementor-section-height-default elementor-section-height-default\" data-id=\"39a9355\" data-element_type=\"section\" data-e-type=\"section\">\n\t\t\t\t\t\t<div class=\"elementor-container elementor-column-gap-no\">\n\t\t\t\t\t<div class=\"elementor-column elementor-col-100 elementor-top-column elementor-element elementor-element-93e3f7c\" data-id=\"93e3f7c\" data-element_type=\"column\" data-e-type=\"column\">\n\t\t\t<div class=\"elementor-widget-wrap elementor-element-populated\">\n\t\t\t\t\t\t<div class=\"elementor-element elementor-element-960ecca elementor-align-left elementor-widget elementor-widget-pages-banner\" data-id=\"960ecca\" data-element_type=\"widget\" data-e-type=\"widget\" data-widget_type=\"pages-banner.default\">\n\t\t\t\t<div class=\"elementor-widget-container\">\n\t\t\t\t\t\r\n\t\t\t\t<div class=\"banner-header section-padding valign bg-img bg-fixed\" data-overlay-dark=\"4\" data-background=\"https:\/\/kajkantenvrango.se\/wp-content\/uploads\/2025\/06\/tangvandring-vandringens-dag.jpg\">\r\n\t\t\t\t\t<div class=\"container\">\r\n\t\t\t\t<div class=\"row\">\r\n\t\t\t\t\t<div class=\"col-md-12 caption mt-90\">\r\n\t\t\t\t\t\t\t\t\t\t\t\t<h5>Kajkanten Vr\u00e5ng\u00f6<\/h5>\r\n\t\t\t\t\t\t\t\t\t\t\t\t\t\t\t\t\t\t<h1>SEAWEED WALK\n<\/h1>\r\n\t\t\t\t\t\t\t\t\t\t\t<\/div>\r\n\t\t\t\t<\/div>\r\n\t\t\t<\/div>\r\n\t\t<\/div>\r\n\r\n\t\t\t\t\t<\/div>\n\t\t\t\t<\/div>\n\t\t\t\t<div class=\"elementor-element elementor-element-3deeef0 elementor-widget elementor-widget-spacer\" data-id=\"3deeef0\" data-element_type=\"widget\" data-e-type=\"widget\" data-widget_type=\"spacer.default\">\n\t\t\t\t<div class=\"elementor-widget-container\">\n\t\t\t\t\t\t\t<div class=\"elementor-spacer\">\n\t\t\t<div class=\"elementor-spacer-inner\"><\/div>\n\t\t<\/div>\n\t\t\t\t\t\t<\/div>\n\t\t\t\t<\/div>\n\t\t\t\t\t<\/div>\n\t\t<\/div>\n\t\t\t\t\t<\/div>\n\t\t<\/section>\n\t\t<div class=\"elementor-element elementor-element-2d00953 e-flex e-con-boxed e-con e-parent\" data-id=\"2d00953\" data-element_type=\"container\" data-e-type=\"container\">\n\t\t\t\t\t<div class=\"e-con-inner\">\n\t\t\t\t<div class=\"elementor-element elementor-element-7b834ee elementor-widget elementor-widget-heading\" data-id=\"7b834ee\" data-element_type=\"widget\" data-e-type=\"widget\" data-widget_type=\"heading.default\">\n\t\t\t\t<div class=\"elementor-widget-container\">\n\t\t\t\t\t<h2 class=\"elementor-heading-title elementor-size-default\">Seaweed walk along the shoreline<\/h2>\t\t\t\t<\/div>\n\t\t\t\t<\/div>\n\t\t\t\t\t<\/div>\n\t\t\t\t<\/div>\n\t\t<div class=\"elementor-element elementor-element-e81ccc9 e-flex e-con-boxed e-con e-parent\" data-id=\"e81ccc9\" data-element_type=\"container\" data-e-type=\"container\">\n\t\t\t\t\t<div class=\"e-con-inner\">\n\t\t\t\t<div class=\"elementor-element elementor-element-9b21876 elementor-widget elementor-widget-heading\" data-id=\"9b21876\" data-element_type=\"widget\" data-e-type=\"widget\" data-widget_type=\"heading.default\">\n\t\t\t\t<div class=\"elementor-widget-container\">\n\t\t\t\t\t<h2 class=\"elementor-heading-title elementor-size-default\">An adventure with seaweed diver and food creator Karolina Martinson on Vr\u00e5ng\u00f6, Saturday 13 September<\/h2>\t\t\t\t<\/div>\n\t\t\t\t<\/div>\n\t\t\t\t<div class=\"elementor-element elementor-element-0b1e088 elementor-widget elementor-widget-text-editor\" data-id=\"0b1e088\" data-element_type=\"widget\" data-e-type=\"widget\" data-widget_type=\"text-editor.default\">\n\t\t\t\t<div class=\"elementor-widget-container\">\n\t\t\t\t\t\t\t\t\t<div class=\"elementor-element elementor-element-0b1e088 elementor-widget elementor-widget-text-editor\" data-id=\"0b1e088\" data-element_type=\"widget\" data-widget_type=\"text-editor.default\"><div class=\"elementor-widget-container\"><p data-start=\"40\" data-end=\"434\"><strong data-start=\"40\" data-end=\"124\">Join a seaweed walk along the shores of Vr\u00e5ng\u00f6 together with Karolina Martinson.<\/strong><br data-start=\"124\" data-end=\"127\" \/>An inspiring walk that takes you out across the cliffs and beaches of the Vr\u00e5ng\u00f6 Archipelago Nature Reserve. On <a href=\"https:\/\/kajkantenvrango.se\/en\/events-and-holidays\/\">Vr\u00e5ng\u00f6\u2019s Hiking Day<\/a>, you\u2019re invited to a different kind of walk \u2014 a unique opportunity to learn more about the edible treasures along the shoreline and what lies beneath the surface of the sea.<\/p><p data-start=\"436\" data-end=\"669\" data-is-last-node=\"\" data-is-only-node=\"\">Karolina will show you how to harvest seaweed sustainably, without disturbing the ecosystems, and give you tips on how to use seaweed and wild herbs in your own cooking. A simple seaweed-inspired fika with small tastings is included.<\/p><\/div><\/div>\t\t\t\t\t\t\t\t<\/div>\n\t\t\t\t<\/div>\n\t\t\t\t<div class=\"elementor-element elementor-element-9c2636c elementor-widget elementor-widget-heading\" data-id=\"9c2636c\" data-element_type=\"widget\" data-e-type=\"widget\" data-widget_type=\"heading.default\">\n\t\t\t\t<div class=\"elementor-widget-container\">\n\t\t\t\t\t<h2 class=\"elementor-heading-title elementor-size-default\">See you on Vr\u00e5ng\u00f6!<\/h2>\t\t\t\t<\/div>\n\t\t\t\t<\/div>\n\t\t\t\t<div class=\"elementor-element elementor-element-5f06023 elementor-widget elementor-widget-text-editor\" data-id=\"5f06023\" data-element_type=\"widget\" data-e-type=\"widget\" data-widget_type=\"text-editor.default\">\n\t\t\t\t<div class=\"elementor-widget-container\">\n\t\t\t\t\t\t\t\t\t<div class=\"elementor-element elementor-element-0b1e088 elementor-widget elementor-widget-text-editor\" data-id=\"0b1e088\" data-element_type=\"widget\" data-widget_type=\"text-editor.default\"><div class=\"elementor-widget-container\"><p data-start=\"41\" data-end=\"162\"><strong data-start=\"41\" data-end=\"54\">Location:<\/strong> Vr\u00e5ng\u00f6, in the southern archipelago of Gothenburg<br data-start=\"104\" data-end=\"107\" \/><strong data-start=\"107\" data-end=\"116\">Time:<\/strong> Saturday, September 13th, 10:30 AM \u2013 12:30 PM<\/p><p data-start=\"164\" data-end=\"222\"><strong data-start=\"164\" data-end=\"174\">Price:<\/strong> Adults: 500 SEK<br data-start=\"190\" data-end=\"193\" \/>Children (ages 7\u201315): 250 SEK<\/p><p data-start=\"224\" data-end=\"401\" data-is-last-node=\"\" data-is-only-node=\"\">If you\u2019re not already on Vr\u00e5ng\u00f6, take ferry no. 281 from Saltholmen to Vr\u00e5ng\u00f6. Check the <a class=\"\" href=\"https:\/\/www.vasttrafik.se\/en\/\" target=\"_new\" rel=\"noopener\" data-start=\"313\" data-end=\"368\">V\u00e4sttrafik journey planner<\/a> for the most suitable departure.<\/p><\/div><\/div>\t\t\t\t\t\t\t\t<\/div>\n\t\t\t\t<\/div>\n\t\t\t\t<div class=\"elementor-element elementor-element-65372db elementor-widget elementor-widget-button\" data-id=\"65372db\" data-element_type=\"widget\" data-e-type=\"widget\" data-widget_type=\"button.default\">\n\t\t\t\t<div class=\"elementor-widget-container\">\n\t\t\t\t\t\t\t\t\t<div class=\"elementor-button-wrapper\">\n\t\t\t\t\t<a class=\"elementor-button elementor-button-link elementor-size-sm\" href=\"https:\/\/kajkantenvrango.se\/bokningsforfragan-event\/\">\n\t\t\t\t\t\t<span class=\"elementor-button-content-wrapper\">\n\t\t\t\t\t\t\t\t\t<span class=\"elementor-button-text\">Book seaweed walk<\/span>\n\t\t\t\t\t<\/span>\n\t\t\t\t\t<\/a>\n\t\t\t\t<\/div>\n\t\t\t\t\t\t\t\t<\/div>\n\t\t\t\t<\/div>\n\t\t\t\t<div class=\"elementor-element elementor-element-700f9a2 elementor-widget elementor-widget-text-editor\" data-id=\"700f9a2\" data-element_type=\"widget\" data-e-type=\"widget\" data-widget_type=\"text-editor.default\">\n\t\t\t\t<div class=\"elementor-widget-container\">\n\t\t\t\t\t\t\t\t\t<p data-start=\"56\" data-end=\"351\"><strong data-start=\"56\" data-end=\"84\">ABOUT KAROLINA MARTINSON<\/strong><br data-start=\"84\" data-end=\"87\" \/>Karolina Martinson is not only a professional seaweed diver, but also a sustainability advocate and ambassador for the future of sustainable Blue Industries. She is passionate about creating a Swedish food culture where seaweed has a natural place on our plates.<\/p><p data-start=\"353\" data-end=\"566\">Karolina wants to show you how you can forage and enjoy seaweed and coastal plants yourself, while also sharing insights on how we can relate to the ocean and the ingredients it provides \u2014 now and in the future.<\/p><p data-start=\"568\" data-end=\"625\">Enrich your visit with a truly unique seaweed experience.<\/p><p data-start=\"627\" data-end=\"653\" data-is-last-node=\"\" data-is-only-node=\"\"><a href=\"https:\/\/www.algblomman.com\"><em data-start=\"627\" data-end=\"653\" data-is-last-node=\"\">Read more about Karolina<\/em><\/a><\/p><p>\u00a0<\/p>\t\t\t\t\t\t\t\t<\/div>\n\t\t\t\t<\/div>\n\t\t\t\t<div class=\"elementor-element elementor-element-022d453 elementor-widget elementor-widget-text-editor\" data-id=\"022d453\" data-element_type=\"widget\" data-e-type=\"widget\" data-widget_type=\"text-editor.default\">\n\t\t\t\t<div class=\"elementor-widget-container\">\n\t\t\t\t\t\t\t\t\t<p data-start=\"65\" data-end=\"472\"><strong data-start=\"65\" data-end=\"98\">HIKING DAY \u2013 September 13, 2025<\/strong><br data-start=\"98\" data-end=\"101\" \/>Hikeing Day is a national initiative started in 2019 by the Swedish Tourist Association. Hiking is one of the most accessible, healthy, and rewarding activities you can do! With Hike Day, we want to inspire you to explore your local surroundings and treat yourself to a refreshing moment outdoors. It\u2019s a celebration of something we truly love \u2013 stepping out onto the trail.<\/p><p data-start=\"474\" data-end=\"706\" data-is-last-node=\"\" data-is-only-node=\"\">Join a <strong data-start=\"481\" data-end=\"524\">seaweed walk along the shores of Vr\u00e5ng\u00f6<\/strong> with professional seaweed diver and food creator Karolina Martinson \u2013 or set out to explore <strong data-start=\"617\" data-end=\"630\">Tistlarna<\/strong>, the remote lighthouse outpost far out in the archipelago, south of Vr\u00e5ng\u00f6.<\/p>\t\t\t\t\t\t\t\t<\/div>\n\t\t\t\t<\/div>\n\t\t\t\t<div class=\"elementor-element elementor-element-afe5081 elementor-arrows-position-inside elementor-pagination-position-outside elementor-widget elementor-widget-image-carousel\" data-id=\"afe5081\" data-element_type=\"widget\" data-e-type=\"widget\" data-settings=\"{&quot;slides_to_show&quot;:&quot;1&quot;,&quot;navigation&quot;:&quot;both&quot;,&quot;autoplay&quot;:&quot;yes&quot;,&quot;pause_on_hover&quot;:&quot;yes&quot;,&quot;pause_on_interaction&quot;:&quot;yes&quot;,&quot;autoplay_speed&quot;:5000,&quot;infinite&quot;:&quot;yes&quot;,&quot;effect&quot;:&quot;slide&quot;,&quot;speed&quot;:500}\" data-widget_type=\"image-carousel.default\">\n\t\t\t\t<div class=\"elementor-widget-container\">\n\t\t\t\t\t\t\t<div class=\"elementor-image-carousel-wrapper swiper\" role=\"region\" aria-roledescription=\"carousel\" aria-label=\"Bildkarusell\" dir=\"ltr\">\n\t\t\t<div class=\"elementor-image-carousel swiper-wrapper\" aria-live=\"off\">\n\t\t\t\t\t\t\t\t<div class=\"swiper-slide\" role=\"group\" aria-roledescription=\"slide\" aria-label=\"1 of 4\"><figure class=\"swiper-slide-inner\"><img decoding=\"async\" class=\"swiper-slide-image\" src=\"https:\/\/kajkantenvrango.se\/wp-content\/uploads\/2025\/03\/karolina-martinson-tangaventyr.jpg\" alt=\"karolina-martinson-t\u00e5ng\u00e4ventyr\" \/><\/figure><\/div><div class=\"swiper-slide\" role=\"group\" aria-roledescription=\"slide\" aria-label=\"2 of 4\"><figure class=\"swiper-slide-inner\"><img decoding=\"async\" class=\"swiper-slide-image\" src=\"https:\/\/kajkantenvrango.se\/wp-content\/uploads\/2025\/03\/tangaventyr-outdoorcooking.jpg\" alt=\"t\u00e5ng\u00e4ventyr-outdoorcooking\" \/><\/figure><\/div><div class=\"swiper-slide\" role=\"group\" aria-roledescription=\"slide\" aria-label=\"3 of 4\"><figure class=\"swiper-slide-inner\"><img decoding=\"async\" class=\"swiper-slide-image\" src=\"https:\/\/kajkantenvrango.se\/wp-content\/uploads\/2024\/03\/tang-Karolina-vrango-3.jpg\" alt=\"t\u00e5ng-Karolina-vr\u00e5ng\u00f6-3\" \/><\/figure><\/div><div class=\"swiper-slide\" role=\"group\" aria-roledescription=\"slide\" aria-label=\"4 of 4\"><figure class=\"swiper-slide-inner\"><img decoding=\"async\" class=\"swiper-slide-image\" src=\"https:\/\/kajkantenvrango.se\/wp-content\/uploads\/2024\/03\/tang-Karolina-vrango.jpg\" alt=\"t\u00e5ng-Karolina-vr\u00e5ng\u00f6\" \/><\/figure><\/div>\t\t\t<\/div>\n\t\t\t\t\t\t\t\t\t\t\t\t<div class=\"elementor-swiper-button elementor-swiper-button-prev\" role=\"button\" tabindex=\"0\">\n\t\t\t\t\t\t<svg aria-hidden=\"true\" class=\"e-font-icon-svg e-eicon-chevron-left\" viewBox=\"0 0 1000 1000\" xmlns=\"http:\/\/www.w3.org\/2000\/svg\"><path d=\"M646 125C629 125 613 133 604 142L308 442C296 454 292 471 292 487 292 504 296 521 308 533L604 854C617 867 629 875 646 875 663 875 679 871 692 858 704 846 713 829 713 812 713 796 708 779 692 767L438 487 692 225C700 217 708 204 708 187 708 171 704 154 692 142 675 129 663 125 646 125Z\"><\/path><\/svg>\t\t\t\t\t<\/div>\n\t\t\t\t\t<div class=\"elementor-swiper-button elementor-swiper-button-next\" role=\"button\" tabindex=\"0\">\n\t\t\t\t\t\t<svg aria-hidden=\"true\" class=\"e-font-icon-svg e-eicon-chevron-right\" viewBox=\"0 0 1000 1000\" xmlns=\"http:\/\/www.w3.org\/2000\/svg\"><path d=\"M696 533C708 521 713 504 713 487 713 471 708 454 696 446L400 146C388 133 375 125 354 125 338 125 325 129 313 142 300 154 292 171 292 187 292 204 296 221 308 233L563 492 304 771C292 783 288 800 288 817 288 833 296 850 308 863 321 871 338 875 354 875 371 875 388 867 400 854L696 533Z\"><\/path><\/svg>\t\t\t\t\t<\/div>\n\t\t\t\t\n\t\t\t\t\t\t\t\t\t<div class=\"swiper-pagination\"><\/div>\n\t\t\t\t\t\t\t\t\t<\/div>\n\t\t\t\t\t\t<\/div>\n\t\t\t\t<\/div>\n\t\t\t\t\t<\/div>\n\t\t\t\t<\/div>\n\t\t<div class=\"elementor-element elementor-element-cae6fb0 e-flex e-con-boxed e-con e-parent\" data-id=\"cae6fb0\" data-element_type=\"container\" data-e-type=\"container\">\n\t\t\t\t\t<div class=\"e-con-inner\">\n\t\t\t\t\t<\/div>\n\t\t\t\t<\/div>\n\t\t\t\t<\/div>\n\t\t","protected":false},"excerpt":{"rendered":"<p>Kajkanten Vr\u00e5ng\u00f6 SEAWEED WALK Seaweed walk along the shoreline An adventure with seaweed diver and food creator Karolina Martinson on Vr\u00e5ng\u00f6, Saturday 13 September Join a seaweed walk along the shores of Vr\u00e5ng\u00f6 together with Karolina Martinson.An inspiring walk that takes you out across the cliffs and beaches of the Vr\u00e5ng\u00f6 Archipelago Nature Reserve. On [&hellip;]<\/p>\n","protected":false},"author":2,"featured_media":0,"parent":0,"menu_order":0,"comment_status":"closed","ping_status":"closed","template":"page-templates\/home.php","meta":{"inline_featured_image":false,"footnotes":""},"class_list":["post-22111","page","type-page","status-publish","hentry"],"yoast_head":"<!-- This site is optimized with the Yoast SEO plugin v25.8 - https:\/\/yoast.com\/wordpress\/plugins\/seo\/ -->\n<title>Seaweed walk along the shoreline - kajkantenvrango<\/title>\n<meta name=\"description\" content=\"Seaweed walk along the shorelineStroll along the shores of Vr\u00e5ng\u00f6 with seaweed diver Karolina Martinson \u2013 Hiking Day, 13 September 2025\" \/>\n<meta name=\"robots\" content=\"index, follow, max-snippet:-1, max-image-preview:large, max-video-preview:-1\" \/>\n<link rel=\"canonical\" href=\"https:\/\/kajkantenvrango.se\/en\/seaweed-walk-along-the-shoreline\/\" \/>\n<meta property=\"og:locale\" content=\"en_US\" \/>\n<meta property=\"og:type\" content=\"article\" \/>\n<meta property=\"og:title\" content=\"Seaweed walk along the shoreline - kajkantenvrango\" \/>\n<meta property=\"og:description\" content=\"Seaweed walk along the shorelineStroll along the shores of Vr\u00e5ng\u00f6 with seaweed diver Karolina Martinson \u2013 Hiking Day, 13 September 2025\" \/>\n<meta property=\"og:url\" content=\"https:\/\/kajkantenvrango.se\/en\/seaweed-walk-along-the-shoreline\/\" \/>\n<meta property=\"og:site_name\" content=\"kajkantenvrango\" \/>\n<meta property=\"article:modified_time\" content=\"2025-06-07T12:50:51+00:00\" \/>\n<meta property=\"og:image\" content=\"https:\/\/kajkantenvrango.se\/wp-content\/uploads\/2025\/03\/karolina-martinson-tangaventyr.jpg\" \/>\n<meta name=\"twitter:card\" content=\"summary_large_image\" \/>\n<meta name=\"twitter:label1\" content=\"Est. reading time\" \/>\n\t<meta name=\"twitter:data1\" content=\"4 minutes\" \/>\n<script type=\"application\/ld+json\" class=\"yoast-schema-graph\">{\"@context\":\"https:\/\/schema.org\",\"@graph\":[{\"@type\":\"WebPage\",\"@id\":\"https:\/\/kajkantenvrango.se\/en\/seaweed-walk-along-the-shoreline\/\",\"url\":\"https:\/\/kajkantenvrango.se\/en\/seaweed-walk-along-the-shoreline\/\",\"name\":\"Seaweed walk along the shoreline - kajkantenvrango\",\"isPartOf\":{\"@id\":\"https:\/\/kajkantenvrango.se\/en\/#website\"},\"primaryImageOfPage\":{\"@id\":\"https:\/\/kajkantenvrango.se\/en\/seaweed-walk-along-the-shoreline\/#primaryimage\"},\"image\":{\"@id\":\"https:\/\/kajkantenvrango.se\/en\/seaweed-walk-along-the-shoreline\/#primaryimage\"},\"thumbnailUrl\":\"https:\/\/kajkantenvrango.se\/wp-content\/uploads\/2025\/03\/karolina-martinson-tangaventyr.jpg\",\"datePublished\":\"2023-03-21T09:25:47+00:00\",\"dateModified\":\"2025-06-07T12:50:51+00:00\",\"description\":\"Seaweed walk along the shorelineStroll along the shores of Vr\u00e5ng\u00f6 with seaweed diver Karolina Martinson \u2013 Hiking Day, 13 September 2025\",\"breadcrumb\":{\"@id\":\"https:\/\/kajkantenvrango.se\/en\/seaweed-walk-along-the-shoreline\/#breadcrumb\"},\"inLanguage\":\"en-US\",\"potentialAction\":[{\"@type\":\"ReadAction\",\"target\":[\"https:\/\/kajkantenvrango.se\/en\/seaweed-walk-along-the-shoreline\/\"]}]},{\"@type\":\"ImageObject\",\"inLanguage\":\"en-US\",\"@id\":\"https:\/\/kajkantenvrango.se\/en\/seaweed-walk-along-the-shoreline\/#primaryimage\",\"url\":\"https:\/\/kajkantenvrango.se\/wp-content\/uploads\/2025\/03\/karolina-martinson-tangaventyr.jpg\",\"contentUrl\":\"https:\/\/kajkantenvrango.se\/wp-content\/uploads\/2025\/03\/karolina-martinson-tangaventyr.jpg\"},{\"@type\":\"BreadcrumbList\",\"@id\":\"https:\/\/kajkantenvrango.se\/en\/seaweed-walk-along-the-shoreline\/#breadcrumb\",\"itemListElement\":[{\"@type\":\"ListItem\",\"position\":1,\"name\":\"Home\",\"item\":\"https:\/\/kajkantenvrango.se\/en\/\"},{\"@type\":\"ListItem\",\"position\":2,\"name\":\"Seaweed walk along the shoreline\"}]},{\"@type\":\"WebSite\",\"@id\":\"https:\/\/kajkantenvrango.se\/en\/#website\",\"url\":\"https:\/\/kajkantenvrango.se\/en\/\",\"name\":\"kajkantenvrango\",\"description\":\"\",\"potentialAction\":[{\"@type\":\"SearchAction\",\"target\":{\"@type\":\"EntryPoint\",\"urlTemplate\":\"https:\/\/kajkantenvrango.se\/en\/?s={search_term_string}\"},\"query-input\":{\"@type\":\"PropertyValueSpecification\",\"valueRequired\":true,\"valueName\":\"search_term_string\"}}],\"inLanguage\":\"en-US\"}]}<\/script>\n<!-- \/ Yoast SEO plugin. -->","yoast_head_json":{"title":"Seaweed walk along the shoreline - kajkantenvrango","description":"Seaweed walk along the shorelineStroll along the shores of Vr\u00e5ng\u00f6 with seaweed diver Karolina Martinson \u2013 Hiking Day, 13 September 2025","robots":{"index":"index","follow":"follow","max-snippet":"max-snippet:-1","max-image-preview":"max-image-preview:large","max-video-preview":"max-video-preview:-1"},"canonical":"https:\/\/kajkantenvrango.se\/en\/seaweed-walk-along-the-shoreline\/","og_locale":"en_US","og_type":"article","og_title":"Seaweed walk along the shoreline - kajkantenvrango","og_description":"Seaweed walk along the shorelineStroll along the shores of Vr\u00e5ng\u00f6 with seaweed diver Karolina Martinson \u2013 Hiking Day, 13 September 2025","og_url":"https:\/\/kajkantenvrango.se\/en\/seaweed-walk-along-the-shoreline\/","og_site_name":"kajkantenvrango","article_modified_time":"2025-06-07T12:50:51+00:00","og_image":[{"url":"https:\/\/kajkantenvrango.se\/wp-content\/uploads\/2025\/03\/karolina-martinson-tangaventyr.jpg","type":"","width":"","height":""}],"twitter_card":"summary_large_image","twitter_misc":{"Est. reading time":"4 minutes"},"schema":{"@context":"https:\/\/schema.org","@graph":[{"@type":"WebPage","@id":"https:\/\/kajkantenvrango.se\/en\/seaweed-walk-along-the-shoreline\/","url":"https:\/\/kajkantenvrango.se\/en\/seaweed-walk-along-the-shoreline\/","name":"Seaweed walk along the shoreline - kajkantenvrango","isPartOf":{"@id":"https:\/\/kajkantenvrango.se\/en\/#website"},"primaryImageOfPage":{"@id":"https:\/\/kajkantenvrango.se\/en\/seaweed-walk-along-the-shoreline\/#primaryimage"},"image":{"@id":"https:\/\/kajkantenvrango.se\/en\/seaweed-walk-along-the-shoreline\/#primaryimage"},"thumbnailUrl":"https:\/\/kajkantenvrango.se\/wp-content\/uploads\/2025\/03\/karolina-martinson-tangaventyr.jpg","datePublished":"2023-03-21T09:25:47+00:00","dateModified":"2025-06-07T12:50:51+00:00","description":"Seaweed walk along the shorelineStroll along the shores of Vr\u00e5ng\u00f6 with seaweed diver Karolina Martinson \u2013 Hiking Day, 13 September 2025","breadcrumb":{"@id":"https:\/\/kajkantenvrango.se\/en\/seaweed-walk-along-the-shoreline\/#breadcrumb"},"inLanguage":"en-US","potentialAction":[{"@type":"ReadAction","target":["https:\/\/kajkantenvrango.se\/en\/seaweed-walk-along-the-shoreline\/"]}]},{"@type":"ImageObject","inLanguage":"en-US","@id":"https:\/\/kajkantenvrango.se\/en\/seaweed-walk-along-the-shoreline\/#primaryimage","url":"https:\/\/kajkantenvrango.se\/wp-content\/uploads\/2025\/03\/karolina-martinson-tangaventyr.jpg","contentUrl":"https:\/\/kajkantenvrango.se\/wp-content\/uploads\/2025\/03\/karolina-martinson-tangaventyr.jpg"},{"@type":"BreadcrumbList","@id":"https:\/\/kajkantenvrango.se\/en\/seaweed-walk-along-the-shoreline\/#breadcrumb","itemListElement":[{"@type":"ListItem","position":1,"name":"Home","item":"https:\/\/kajkantenvrango.se\/en\/"},{"@type":"ListItem","position":2,"name":"Seaweed walk along the shoreline"}]},{"@type":"WebSite","@id":"https:\/\/kajkantenvrango.se\/en\/#website","url":"https:\/\/kajkantenvrango.se\/en\/","name":"kajkantenvrango","description":"","potentialAction":[{"@type":"SearchAction","target":{"@type":"EntryPoint","urlTemplate":"https:\/\/kajkantenvrango.se\/en\/?s={search_term_string}"},"query-input":{"@type":"PropertyValueSpecification","valueRequired":true,"valueName":"search_term_string"}}],"inLanguage":"en-US"}]}},"_links":{"self":[{"href":"https:\/\/kajkantenvrango.se\/en\/wp-json\/wp\/v2\/pages\/22111","targetHints":{"allow":["GET"]}}],"collection":[{"href":"https:\/\/kajkantenvrango.se\/en\/wp-json\/wp\/v2\/pages"}],"about":[{"href":"https:\/\/kajkantenvrango.se\/en\/wp-json\/wp\/v2\/types\/page"}],"author":[{"embeddable":true,"href":"https:\/\/kajkantenvrango.se\/en\/wp-json\/wp\/v2\/users\/2"}],"replies":[{"embeddable":true,"href":"https:\/\/kajkantenvrango.se\/en\/wp-json\/wp\/v2\/comments?post=22111"}],"version-history":[{"count":7,"href":"https:\/\/kajkantenvrango.se\/en\/wp-json\/wp\/v2\/pages\/22111\/revisions"}],"predecessor-version":[{"id":22119,"href":"https:\/\/kajkantenvrango.se\/en\/wp-json\/wp\/v2\/pages\/22111\/revisions\/22119"}],"wp:attachment":[{"href":"https:\/\/kajkantenvrango.se\/en\/wp-json\/wp\/v2\/media?parent=22111"}],"curies":[{"name":"wp","href":"https:\/\/api.w.org\/{rel}","templated":true}]}}