{"id":13630,"date":"2023-03-21T09:25:47","date_gmt":"2023-03-21T09:25:47","guid":{"rendered":"https:\/\/kajkantenvrango.se\/advent-and-christmas\/"},"modified":"2026-03-29T08:38:00","modified_gmt":"2026-03-29T08:38:00","slug":"advent-and-christmas","status":"publish","type":"page","link":"https:\/\/kajkantenvrango.se\/en\/advent-and-christmas\/","title":{"rendered":"Advent and Christmas"},"content":{"rendered":"\t\t<div data-elementor-type=\"wp-page\" data-elementor-id=\"13630\" class=\"elementor elementor-13630 elementor-10953\" data-elementor-post-type=\"page\">\n\t\t\t\t\t\t<section class=\"elementor-section elementor-top-section elementor-element elementor-element-39a9355 elementor-section-full_width elementor-section-height-default elementor-section-height-default\" data-id=\"39a9355\" data-element_type=\"section\" data-e-type=\"section\">\n\t\t\t\t\t\t<div class=\"elementor-container elementor-column-gap-no\">\n\t\t\t\t\t<div class=\"elementor-column elementor-col-100 elementor-top-column elementor-element elementor-element-93e3f7c\" data-id=\"93e3f7c\" data-element_type=\"column\" data-e-type=\"column\">\n\t\t\t<div class=\"elementor-widget-wrap elementor-element-populated\">\n\t\t\t\t\t\t<div class=\"elementor-element elementor-element-960ecca elementor-align-left elementor-widget elementor-widget-pages-banner\" data-id=\"960ecca\" data-element_type=\"widget\" data-e-type=\"widget\" data-widget_type=\"pages-banner.default\">\n\t\t\t\t<div class=\"elementor-widget-container\">\n\t\t\t\t\t\r\n\t\t\t\t<div class=\"banner-header section-padding valign bg-img bg-fixed\" data-overlay-dark=\"4\" data-background=\"http:\/\/kajkantenvrango.se\/wp-content\/uploads\/2024\/04\/vrango-vinter.jpg\">\r\n\t\t\t\t\t<div class=\"container\">\r\n\t\t\t\t<div class=\"row\">\r\n\t\t\t\t\t<div class=\"col-md-12 caption mt-90\">\r\n\t\t\t\t\t\t\t\t\t\t\t\t<h5>Kajkanten Vr\u00e5ng\u00f6<\/h5>\r\n\t\t\t\t\t\t\t\t\t\t\t\t\t\t\t\t\t\t<h1>CHRISTMAS &amp; NEW YEAR<\/h1>\r\n\t\t\t\t\t\t\t\t\t\t\t<\/div>\r\n\t\t\t\t<\/div>\r\n\t\t\t<\/div>\r\n\t\t<\/div>\r\n\r\n\t\t\t\t\t<\/div>\n\t\t\t\t<\/div>\n\t\t\t\t<div class=\"elementor-element elementor-element-3deeef0 elementor-widget elementor-widget-spacer\" data-id=\"3deeef0\" data-element_type=\"widget\" data-e-type=\"widget\" data-widget_type=\"spacer.default\">\n\t\t\t\t<div class=\"elementor-widget-container\">\n\t\t\t\t\t\t\t<div class=\"elementor-spacer\">\n\t\t\t<div class=\"elementor-spacer-inner\"><\/div>\n\t\t<\/div>\n\t\t\t\t\t\t<\/div>\n\t\t\t\t<\/div>\n\t\t\t\t\t<\/div>\n\t\t<\/div>\n\t\t\t\t\t<\/div>\n\t\t<\/section>\n\t\t<div class=\"elementor-element elementor-element-2d00953 e-flex e-con-boxed e-con e-parent\" data-id=\"2d00953\" data-element_type=\"container\" data-e-type=\"container\">\n\t\t\t\t\t<div class=\"e-con-inner\">\n\t\t\t\t<div class=\"elementor-element elementor-element-7b834ee elementor-widget elementor-widget-heading\" data-id=\"7b834ee\" data-element_type=\"widget\" data-e-type=\"widget\" data-widget_type=\"heading.default\">\n\t\t\t\t<div class=\"elementor-widget-container\">\n\t\t\t\t\t<h2 class=\"elementor-heading-title elementor-size-default\">Advent, Christmas &amp; New Year on Vr\u00e5ng\u00f6<\/h2>\t\t\t\t<\/div>\n\t\t\t\t<\/div>\n\t\t\t\t\t<\/div>\n\t\t\t\t<\/div>\n\t\t<div class=\"elementor-element elementor-element-e81ccc9 e-flex e-con-boxed e-con e-parent\" data-id=\"e81ccc9\" data-element_type=\"container\" data-e-type=\"container\">\n\t\t\t\t\t<div class=\"e-con-inner\">\n\t\t\t\t<div class=\"elementor-element elementor-element-9b21876 elementor-widget elementor-widget-heading\" data-id=\"9b21876\" data-element_type=\"widget\" data-e-type=\"widget\" data-widget_type=\"heading.default\">\n\t\t\t\t<div class=\"elementor-widget-container\">\n\t\t\t\t\t<h2 class=\"elementor-heading-title elementor-size-default\"><strong>Christmas Cozy in the Archipelago<\/strong><\/h2>\t\t\t\t<\/div>\n\t\t\t\t<\/div>\n\t\t\t\t<div class=\"elementor-element elementor-element-0b1e088 elementor-widget elementor-widget-text-editor\" data-id=\"0b1e088\" data-element_type=\"widget\" data-e-type=\"widget\" data-widget_type=\"text-editor.default\">\n\t\t\t\t<div class=\"elementor-widget-container\">\n\t\t\t\t\t\t\t\t\t<p>Advent and Christmas in the archipelago are something very special, and winter on Vr\u00e5ng\u00f6 really offers a peaceful charm.<\/p><p>As winter darkness settles over Vr\u00e5ng\u00f6, we welcome you to a truly cozy archipelago experience \u2013 Christmas coziness, Vr\u00e5ng\u00f6-style. We light the wood-burning stove in the sauna and invite you to a moment filled with crackling Christmas atmosphere on our relaxation raft.<\/p><p>Lotsen\u2019s Christmas box with archipelago specialties is delivered to your own boathouse \u2013 a taste experience with local delicacies from sea and land.<\/p><p>You are warmly welcome to Kajkanten every day throughout the winter!<\/p>\t\t\t\t\t\t\t\t<\/div>\n\t\t\t\t<\/div>\n\t\t\t\t\t<\/div>\n\t\t\t\t<\/div>\n\t\t\t\t<section class=\"elementor-section elementor-top-section elementor-element elementor-element-9285c66 elementor-section-full_width elementor-section-height-default elementor-section-height-default\" data-id=\"9285c66\" data-element_type=\"section\" data-e-type=\"section\">\n\t\t\t\t\t\t<div class=\"elementor-container elementor-column-gap-no\">\n\t\t\t\t\t<div class=\"elementor-column elementor-col-100 elementor-top-column elementor-element elementor-element-9cb4cb0\" data-id=\"9cb4cb0\" data-element_type=\"column\" data-e-type=\"column\">\n\t\t\t<div class=\"elementor-widget-wrap elementor-element-populated\">\n\t\t\t\t\t\t<div class=\"elementor-element elementor-element-40f94de elementor-align-left elementor-widget elementor-widget-home-services-2\" data-id=\"40f94de\" data-element_type=\"widget\" data-e-type=\"widget\" data-widget_type=\"home-services-2.default\">\n\t\t\t\t<div class=\"elementor-widget-container\">\n\t\t\t\t\t\r\n\t\t<section class=\"services section-padding\">\r\n\t\t\t<div class=\"container\">\r\n\t\t\t\t\t\t\t\t\t\t\t\t\t\t\t<div class=\"row\">\r\n\t\t\t\t\t\t\t<div class=\"col-md-6 p-0 animate-box\" data-animate-effect=\"fadeInLeft\">\r\n\t\t\t\t\t\t\t\t\t\t\t\t\t\t\t\t\t<div class=\"img left\">\r\n\t\t\t\t\t\t\t\t\t\t<a href=\"https:\/\/kajkantenvrango.se\/en\/christmas-package-with-swedish-julbord\/\"><img decoding=\"async\" src=\"https:\/\/kajkantenvrango.se\/wp-content\/uploads\/2025\/09\/julmys-2.jpg\" alt=\"\"><\/a>\r\n\t\t\t\t\t\t\t\t\t<\/div>\r\n\t\t\t\t\t\t\t\t\t\t\t\t\t\t\t<\/div>\r\n\t\t\t\t\t\t\t\t\t\t\t\t\t\t<div class=\"col-md-6 p-0 bg-cream valign animate-box\" data-animate-effect=\"fadeInRight\">\r\n\t\t\t\t\t\t\t\t \r\n\t\t\t\t\t\t\t\t<div class=\"content\">\r\n\t\t\t\t\t\t\t\t\t<div class=\"cont text-left\">\r\n\t\t\t\t\t\t\t\t\t\t\t\t\t\t\t\t\t\t\t\t\t\t\t\t\t\t\t\t\t\t\t<h4>Christmas Cozy<\/h4>\r\n\t\t\t\t\t\t\t\t\t\t\t\t\t\t\t\t\t\t\t\t\t\t\t\t\t\t\t\t\t\t\t<p>When the winter darkness settles over Vr\u00e5ng\u00f6, we welcome you to a truly cozy archipelago experience. At selected times during your stay, we light the wood-burning stove in the sauna and invite you to enjoy a moment of crackling Christmas spirit on our relaxation raft.\n<\/p>\r\n\t\t\t\t\t\t\t\t\t\t\t\t\t\t\t\t\t\t\t\t\t\t\t\t\t\t\t\t\t\t\t<div class=\"butn-dark\"> <a href=\"https:\/\/kajkantenvrango.se\/en\/christmas-package-with-swedish-julbord\/\"><span>Read more and book<\/span><\/a> <\/div>\r\n\t\t\t\t\t\t\t\t\t\t\t\t\t\t\t\t\t\t\t<\/div>\r\n\t\t\t\t\t\t\t\t<\/div>\r\n\t\t\t\t\t\t\t<\/div>\r\n\t\t\t\t\t\t<\/div>\r\n\t\t\t\t\t\t\t\t\t\t\t\t\t\t\t\t\t\t\t\t\t\t\t<div class=\"row\">\r\n\t\t\t\t\t\t\t\t\t\t\t\t\t\t\t\t<div class=\"col-md-6 bg-cream p-0 order2 valign animate-box\" data-animate-effect=\"fadeInLeft\">\r\n\t\t\t\t\t\t\t\t\t \r\n\t\t\t\t\t\t\t\t\t<div class=\"content\">\r\n\t\t\t\t\t\t\t\t\t\t<div class=\"cont text-left\">\r\n\t\t\t\t\t\t\t\t\t\t\t\t\t\t\t\t\t\t\t\t\t\t\t\t\t\t\t\t\t\t\t\t\t\t<h4>Family package Christmas<\/h4>\r\n\t\t\t\t\t\t\t\t\t\t\t\t\t\t\t\t\t\t\t\t\t\t\t\t\t\t\t\t\t\t\t\t\t\t<p>Christmas holidays on Vr\u00e5ng\u00f6 can be booked with any arrival day 20 Dec \u2013 10 Jan (not New Year's weekend), the package includes two nights in a boathouse including a breakfast basket for both days and a pass on the relaxation raft with sauna, hot tub and winter swimming for those who dare.<\/p>\r\n\t\t\t\t\t\t\t\t\t\t\t\t\t\t\t\t\t\t\t\t\t\t\t\t\t\t\t\t\t\t\t\t\t\t<div class=\"butn-dark\"> <a href=\"https:\/\/kajkantenvrango.se\/en\/christmas-holidays\/\"><span>Read more and book<\/span><\/a> <\/div>\r\n\t\t\t\t\t\t\t\t\t\t\t\t\t\t\t\t\t\t\t\t\t<\/div>\r\n\t\t\t\t\t\t\t\t\t<\/div>\r\n\t\t\t\t\t\t\t\t<\/div>\r\n\t\t\t\t\t\t\t\t<div class=\"col-md-6 p-0 order1 animate-box\" data-animate-effect=\"fadeInRight\">\r\n\t\t\t\t\t\t\t\t\t\t\t\t\t\t\t\t\t\t\t<div class=\"img\">\r\n\t\t\t\t\t\t\t\t\t\t\t<a href=\"https:\/\/kajkantenvrango.se\/en\/christmas-holidays\/\"><img decoding=\"async\" src=\"https:\/\/kajkantenvrango.se\/wp-content\/uploads\/2024\/11\/jullov-familj.jpg\" alt=\"\"><\/a>\r\n\t\t\t\t\t\t\t\t\t\t<\/div>\r\n\t\t\t\t\t\t\t\t\t\t\t\t\t\t\t\t\t<\/div>\r\n\t\t\t\t\t\t\t<\/div>\r\n\t\t\t\t\t\t\t\t\t\t\t\t\t\t\t\t\t\t\t\t\t\t<div class=\"row\">\r\n\t\t\t\t\t\t\t<div class=\"col-md-6 p-0 animate-box\" data-animate-effect=\"fadeInLeft\">\r\n\t\t\t\t\t\t\t\t\t\t\t\t\t\t\t\t\t<div class=\"img left\">\r\n\t\t\t\t\t\t\t\t\t\t<a href=\"https:\/\/kajkantenvrango.se\/en\/new-years-package\/\"><img decoding=\"async\" src=\"https:\/\/kajkantenvrango.se\/wp-content\/uploads\/2024\/11\/nyar.jpg\" alt=\"\"><\/a>\r\n\t\t\t\t\t\t\t\t\t<\/div>\r\n\t\t\t\t\t\t\t\t\t\t\t\t\t\t\t<\/div>\r\n\t\t\t\t\t\t\t\t\t\t\t\t\t\t<div class=\"col-md-6 p-0 bg-cream valign animate-box\" data-animate-effect=\"fadeInRight\">\r\n\t\t\t\t\t\t\t\t \r\n\t\t\t\t\t\t\t\t<div class=\"content\">\r\n\t\t\t\t\t\t\t\t\t<div class=\"cont text-left\">\r\n\t\t\t\t\t\t\t\t\t\t\t\t\t\t\t\t\t\t\t\t\t\t\t\t\t\t\t\t\t\t\t<h4>New Year's package<\/h4>\r\n\t\t\t\t\t\t\t\t\t\t\t\t\t\t\t\t\t\t\t\t\t\t\t\t\t\t\t\t\t\t\t<p>If you want to celebrate the evening by the sea, join our New Year\u2019s celebration with seafood and lobster. At midnight, toast in your own way. Bring your friends or someone special and celebrate in a boathouse apartment.<\/p>\r\n\t\t\t\t\t\t\t\t\t\t\t\t\t\t\t\t\t\t\t\t\t\t\t\t\t\t\t\t\t\t\t<div class=\"butn-dark\"> <a href=\"https:\/\/kajkantenvrango.se\/en\/new-years-package\/\"><span>Read more and book<\/span><\/a> <\/div>\r\n\t\t\t\t\t\t\t\t\t\t\t\t\t\t\t\t\t\t\t<\/div>\r\n\t\t\t\t\t\t\t\t<\/div>\r\n\t\t\t\t\t\t\t<\/div>\r\n\t\t\t\t\t\t<\/div>\r\n\t\t\t\t\t\t\t\t\t\t\t\t\t\t\t\t\t\t\t\t\t\t\t<div class=\"row\">\r\n\t\t\t\t\t\t\t\t\t\t\t\t\t\t\t\t<div class=\"col-md-6 bg-cream p-0 order2 valign animate-box\" data-animate-effect=\"fadeInLeft\">\r\n\t\t\t\t\t\t\t\t\t \r\n\t\t\t\t\t\t\t\t\t<div class=\"content\">\r\n\t\t\t\t\t\t\t\t\t\t<div class=\"cont text-left\">\r\n\t\t\t\t\t\t\t\t\t\t\t\t\t\t\t\t\t\t\t\t\t\t\t\t\t\t\t\t\t\t\t\t\t\t<h4>Christmas table with colleagues<\/h4>\r\n\t\t\t\t\t\t\t\t\t\t\t\t\t\t\t\t\t\t\t\t\t\t\t\t\t\t\t\t\t\t\t\t\t\t<p>Take the highlight of the year to Vr\u00e5ng\u00f6. Here you can combine working days with a Christmas dinner in the first week of December. If you want to start the evening with a sauna &amp; hot tub, that's fine too.<\/p>\r\n\t\t\t\t\t\t\t\t\t\t\t\t\t\t\t\t\t\t\t\t\t\t\t\t\t\t\t\t\t\t\t\t\t\t<div class=\"butn-dark\"> <a href=\"https:\/\/kajkantenvrango.se\/en\/swedish-julbord-with-your-colleagues\/\"><span>Read more<\/span><\/a> <\/div>\r\n\t\t\t\t\t\t\t\t\t\t\t\t\t\t\t\t\t\t\t\t\t<\/div>\r\n\t\t\t\t\t\t\t\t\t<\/div>\r\n\t\t\t\t\t\t\t\t<\/div>\r\n\t\t\t\t\t\t\t\t<div class=\"col-md-6 p-0 order1 animate-box\" data-animate-effect=\"fadeInRight\">\r\n\t\t\t\t\t\t\t\t\t\t\t\t\t\t\t\t\t\t\t<div class=\"img\">\r\n\t\t\t\t\t\t\t\t\t\t\t<a href=\"https:\/\/kajkantenvrango.se\/en\/swedish-julbord-with-your-colleagues\/\"><img decoding=\"async\" src=\"http:\/\/kajkantenvrango.se\/wp-content\/uploads\/2024\/04\/vinter-konferens.jpg\" alt=\"\"><\/a>\r\n\t\t\t\t\t\t\t\t\t\t<\/div>\r\n\t\t\t\t\t\t\t\t\t\t\t\t\t\t\t\t\t<\/div>\r\n\t\t\t\t\t\t\t<\/div>\r\n\t\t\t\t\t\t\t\t\t\t\t\t\t\t\t<\/div>\r\n\t\t\t<\/section>\r\n\r\n\r\n\t\t\t\t\t<\/div>\n\t\t\t\t<\/div>\n\t\t\t\t\t<\/div>\n\t\t<\/div>\n\t\t\t\t\t<\/div>\n\t\t<\/section>\n\t\t<div class=\"elementor-element elementor-element-cae6fb0 e-flex e-con-boxed e-con e-parent\" data-id=\"cae6fb0\" data-element_type=\"container\" data-e-type=\"container\">\n\t\t\t\t\t<div class=\"e-con-inner\">\n\t\t\t\t\t<\/div>\n\t\t\t\t<\/div>\n\t\t\t\t<\/div>\n\t\t","protected":false},"excerpt":{"rendered":"<p>Kajkanten Vr\u00e5ng\u00f6 CHRISTMAS &amp; NEW YEAR Advent, Christmas &amp; New Year on Vr\u00e5ng\u00f6 Christmas Cozy in the Archipelago Advent and Christmas in the archipelago are something very special, and winter on Vr\u00e5ng\u00f6 really offers a peaceful charm.As winter darkness settles over Vr\u00e5ng\u00f6, we welcome you to a truly cozy archipelago experience \u2013 Christmas coziness, Vr\u00e5ng\u00f6-style. [&hellip;]<\/p>\n","protected":false},"author":2,"featured_media":0,"parent":0,"menu_order":0,"comment_status":"closed","ping_status":"closed","template":"","meta":{"inline_featured_image":false,"footnotes":""},"class_list":["post-13630","page","type-page","status-publish","hentry"],"yoast_head":"<!-- This site is optimized with the Yoast SEO plugin v25.8 - https:\/\/yoast.com\/wordpress\/plugins\/seo\/ -->\n<title>Advent and Christmas - kajkantenvrango<\/title>\n<meta name=\"description\" content=\"Celebrate Advent, Christmas &amp; New Year&#039;s with an overnight stay in a cozy boathouse at Kajkanten. Come to Vr\u00e5ng\u00f6\" \/>\n<meta name=\"robots\" content=\"index, follow, max-snippet:-1, max-image-preview:large, max-video-preview:-1\" \/>\n<link rel=\"canonical\" href=\"https:\/\/kajkantenvrango.se\/en\/advent-and-christmas\/\" \/>\n<meta property=\"og:locale\" content=\"en_US\" \/>\n<meta property=\"og:type\" content=\"article\" \/>\n<meta property=\"og:title\" content=\"Advent and Christmas - kajkantenvrango\" \/>\n<meta property=\"og:description\" content=\"Celebrate Advent, Christmas &amp; New Year&#039;s with an overnight stay in a cozy boathouse at Kajkanten. Come to Vr\u00e5ng\u00f6\" \/>\n<meta property=\"og:url\" content=\"https:\/\/kajkantenvrango.se\/en\/advent-and-christmas\/\" \/>\n<meta property=\"og:site_name\" content=\"kajkantenvrango\" \/>\n<meta property=\"article:modified_time\" content=\"2026-03-29T08:38:00+00:00\" \/>\n<meta property=\"og:image\" content=\"https:\/\/kajkantenvrango.se\/wp-content\/uploads\/2025\/09\/julmys-2.jpg\" \/>\n<meta name=\"twitter:card\" content=\"summary_large_image\" \/>\n<meta name=\"twitter:label1\" content=\"Est. reading time\" \/>\n\t<meta name=\"twitter:data1\" content=\"3 minutes\" \/>\n<script type=\"application\/ld+json\" class=\"yoast-schema-graph\">{\"@context\":\"https:\/\/schema.org\",\"@graph\":[{\"@type\":\"WebPage\",\"@id\":\"https:\/\/kajkantenvrango.se\/en\/advent-and-christmas\/\",\"url\":\"https:\/\/kajkantenvrango.se\/en\/advent-and-christmas\/\",\"name\":\"Advent and Christmas - kajkantenvrango\",\"isPartOf\":{\"@id\":\"https:\/\/kajkantenvrango.se\/en\/#website\"},\"primaryImageOfPage\":{\"@id\":\"https:\/\/kajkantenvrango.se\/en\/advent-and-christmas\/#primaryimage\"},\"image\":{\"@id\":\"https:\/\/kajkantenvrango.se\/en\/advent-and-christmas\/#primaryimage\"},\"thumbnailUrl\":\"https:\/\/kajkantenvrango.se\/wp-content\/uploads\/2025\/09\/julmys-2.jpg\",\"datePublished\":\"2023-03-21T09:25:47+00:00\",\"dateModified\":\"2026-03-29T08:38:00+00:00\",\"description\":\"Celebrate Advent, Christmas & New Year's with an overnight stay in a cozy boathouse at Kajkanten. Come to Vr\u00e5ng\u00f6\",\"breadcrumb\":{\"@id\":\"https:\/\/kajkantenvrango.se\/en\/advent-and-christmas\/#breadcrumb\"},\"inLanguage\":\"en-US\",\"potentialAction\":[{\"@type\":\"ReadAction\",\"target\":[\"https:\/\/kajkantenvrango.se\/en\/advent-and-christmas\/\"]}]},{\"@type\":\"ImageObject\",\"inLanguage\":\"en-US\",\"@id\":\"https:\/\/kajkantenvrango.se\/en\/advent-and-christmas\/#primaryimage\",\"url\":\"https:\/\/kajkantenvrango.se\/wp-content\/uploads\/2025\/09\/julmys-2.jpg\",\"contentUrl\":\"https:\/\/kajkantenvrango.se\/wp-content\/uploads\/2025\/09\/julmys-2.jpg\"},{\"@type\":\"BreadcrumbList\",\"@id\":\"https:\/\/kajkantenvrango.se\/en\/advent-and-christmas\/#breadcrumb\",\"itemListElement\":[{\"@type\":\"ListItem\",\"position\":1,\"name\":\"Home\",\"item\":\"https:\/\/kajkantenvrango.se\/en\/\"},{\"@type\":\"ListItem\",\"position\":2,\"name\":\"Advent and Christmas\"}]},{\"@type\":\"WebSite\",\"@id\":\"https:\/\/kajkantenvrango.se\/en\/#website\",\"url\":\"https:\/\/kajkantenvrango.se\/en\/\",\"name\":\"kajkantenvrango\",\"description\":\"\",\"potentialAction\":[{\"@type\":\"SearchAction\",\"target\":{\"@type\":\"EntryPoint\",\"urlTemplate\":\"https:\/\/kajkantenvrango.se\/en\/?s={search_term_string}\"},\"query-input\":{\"@type\":\"PropertyValueSpecification\",\"valueRequired\":true,\"valueName\":\"search_term_string\"}}],\"inLanguage\":\"en-US\"}]}<\/script>\n<!-- \/ Yoast SEO plugin. -->","yoast_head_json":{"title":"Advent and Christmas - kajkantenvrango","description":"Celebrate Advent, Christmas & New Year's with an overnight stay in a cozy boathouse at Kajkanten. Come to Vr\u00e5ng\u00f6","robots":{"index":"index","follow":"follow","max-snippet":"max-snippet:-1","max-image-preview":"max-image-preview:large","max-video-preview":"max-video-preview:-1"},"canonical":"https:\/\/kajkantenvrango.se\/en\/advent-and-christmas\/","og_locale":"en_US","og_type":"article","og_title":"Advent and Christmas - kajkantenvrango","og_description":"Celebrate Advent, Christmas & New Year's with an overnight stay in a cozy boathouse at Kajkanten. Come to Vr\u00e5ng\u00f6","og_url":"https:\/\/kajkantenvrango.se\/en\/advent-and-christmas\/","og_site_name":"kajkantenvrango","article_modified_time":"2026-03-29T08:38:00+00:00","og_image":[{"url":"https:\/\/kajkantenvrango.se\/wp-content\/uploads\/2025\/09\/julmys-2.jpg","type":"","width":"","height":""}],"twitter_card":"summary_large_image","twitter_misc":{"Est. reading time":"3 minutes"},"schema":{"@context":"https:\/\/schema.org","@graph":[{"@type":"WebPage","@id":"https:\/\/kajkantenvrango.se\/en\/advent-and-christmas\/","url":"https:\/\/kajkantenvrango.se\/en\/advent-and-christmas\/","name":"Advent and Christmas - kajkantenvrango","isPartOf":{"@id":"https:\/\/kajkantenvrango.se\/en\/#website"},"primaryImageOfPage":{"@id":"https:\/\/kajkantenvrango.se\/en\/advent-and-christmas\/#primaryimage"},"image":{"@id":"https:\/\/kajkantenvrango.se\/en\/advent-and-christmas\/#primaryimage"},"thumbnailUrl":"https:\/\/kajkantenvrango.se\/wp-content\/uploads\/2025\/09\/julmys-2.jpg","datePublished":"2023-03-21T09:25:47+00:00","dateModified":"2026-03-29T08:38:00+00:00","description":"Celebrate Advent, Christmas & New Year's with an overnight stay in a cozy boathouse at Kajkanten. Come to Vr\u00e5ng\u00f6","breadcrumb":{"@id":"https:\/\/kajkantenvrango.se\/en\/advent-and-christmas\/#breadcrumb"},"inLanguage":"en-US","potentialAction":[{"@type":"ReadAction","target":["https:\/\/kajkantenvrango.se\/en\/advent-and-christmas\/"]}]},{"@type":"ImageObject","inLanguage":"en-US","@id":"https:\/\/kajkantenvrango.se\/en\/advent-and-christmas\/#primaryimage","url":"https:\/\/kajkantenvrango.se\/wp-content\/uploads\/2025\/09\/julmys-2.jpg","contentUrl":"https:\/\/kajkantenvrango.se\/wp-content\/uploads\/2025\/09\/julmys-2.jpg"},{"@type":"BreadcrumbList","@id":"https:\/\/kajkantenvrango.se\/en\/advent-and-christmas\/#breadcrumb","itemListElement":[{"@type":"ListItem","position":1,"name":"Home","item":"https:\/\/kajkantenvrango.se\/en\/"},{"@type":"ListItem","position":2,"name":"Advent and Christmas"}]},{"@type":"WebSite","@id":"https:\/\/kajkantenvrango.se\/en\/#website","url":"https:\/\/kajkantenvrango.se\/en\/","name":"kajkantenvrango","description":"","potentialAction":[{"@type":"SearchAction","target":{"@type":"EntryPoint","urlTemplate":"https:\/\/kajkantenvrango.se\/en\/?s={search_term_string}"},"query-input":{"@type":"PropertyValueSpecification","valueRequired":true,"valueName":"search_term_string"}}],"inLanguage":"en-US"}]}},"_links":{"self":[{"href":"https:\/\/kajkantenvrango.se\/en\/wp-json\/wp\/v2\/pages\/13630","targetHints":{"allow":["GET"]}}],"collection":[{"href":"https:\/\/kajkantenvrango.se\/en\/wp-json\/wp\/v2\/pages"}],"about":[{"href":"https:\/\/kajkantenvrango.se\/en\/wp-json\/wp\/v2\/types\/page"}],"author":[{"embeddable":true,"href":"https:\/\/kajkantenvrango.se\/en\/wp-json\/wp\/v2\/users\/2"}],"replies":[{"embeddable":true,"href":"https:\/\/kajkantenvrango.se\/en\/wp-json\/wp\/v2\/comments?post=13630"}],"version-history":[{"count":82,"href":"https:\/\/kajkantenvrango.se\/en\/wp-json\/wp\/v2\/pages\/13630\/revisions"}],"predecessor-version":[{"id":29535,"href":"https:\/\/kajkantenvrango.se\/en\/wp-json\/wp\/v2\/pages\/13630\/revisions\/29535"}],"wp:attachment":[{"href":"https:\/\/kajkantenvrango.se\/en\/wp-json\/wp\/v2\/media?parent=13630"}],"curies":[{"name":"wp","href":"https:\/\/api.w.org\/{rel}","templated":true}]}}