{"id":13467,"date":"2023-03-21T09:25:47","date_gmt":"2023-03-21T09:25:47","guid":{"rendered":"https:\/\/kajkantenvrango.se\/kayak-vrango\/"},"modified":"2025-02-26T20:09:30","modified_gmt":"2025-02-26T20:09:30","slug":"kayak-vrango","status":"publish","type":"page","link":"https:\/\/kajkantenvrango.se\/en\/kayak-vrango\/","title":{"rendered":"Kayak &#8211; Vr\u00e5ng\u00f6"},"content":{"rendered":"\t\t<div data-elementor-type=\"wp-page\" data-elementor-id=\"13467\" class=\"elementor elementor-13467 elementor-9190\" data-elementor-post-type=\"page\">\n\t\t\t\t\t\t<section class=\"elementor-section elementor-top-section elementor-element elementor-element-39a9355 elementor-section-full_width elementor-section-height-default elementor-section-height-default\" data-id=\"39a9355\" data-element_type=\"section\" data-e-type=\"section\">\n\t\t\t\t\t\t<div class=\"elementor-container elementor-column-gap-no\">\n\t\t\t\t\t<div class=\"elementor-column elementor-col-100 elementor-top-column elementor-element elementor-element-93e3f7c\" data-id=\"93e3f7c\" data-element_type=\"column\" data-e-type=\"column\">\n\t\t\t<div class=\"elementor-widget-wrap elementor-element-populated\">\n\t\t\t\t\t\t<div class=\"elementor-element elementor-element-960ecca elementor-align-left elementor-widget elementor-widget-pages-banner\" data-id=\"960ecca\" data-element_type=\"widget\" data-e-type=\"widget\" data-widget_type=\"pages-banner.default\">\n\t\t\t\t<div class=\"elementor-widget-container\">\n\t\t\t\t\t\r\n\t\t\t\t<div class=\"banner-header section-padding valign bg-img bg-fixed\" data-overlay-dark=\"4\" data-background=\"http:\/\/kajkantenvrango.se\/wp-content\/uploads\/2024\/02\/aktiviteter-vrango-kajak.jpg\">\r\n\t\t\t\t\t<div class=\"container\">\r\n\t\t\t\t<div class=\"row\">\r\n\t\t\t\t\t<div class=\"col-md-12 caption mt-90\">\r\n\t\t\t\t\t\t\t\t\t\t\t\t<h5>Kajkanten Vr\u00e5ng\u00f6<\/h5>\r\n\t\t\t\t\t\t\t\t\t\t\t\t\t\t\t\t\t\t<h1>GO KAYAKING\n<\/h1>\r\n\t\t\t\t\t\t\t\t\t\t\t<\/div>\r\n\t\t\t\t<\/div>\r\n\t\t\t<\/div>\r\n\t\t<\/div>\r\n\r\n\t\t\t\t\t<\/div>\n\t\t\t\t<\/div>\n\t\t\t\t<div class=\"elementor-element elementor-element-3deeef0 elementor-widget elementor-widget-spacer\" data-id=\"3deeef0\" data-element_type=\"widget\" data-e-type=\"widget\" data-widget_type=\"spacer.default\">\n\t\t\t\t<div class=\"elementor-widget-container\">\n\t\t\t\t\t\t\t<div class=\"elementor-spacer\">\n\t\t\t<div class=\"elementor-spacer-inner\"><\/div>\n\t\t<\/div>\n\t\t\t\t\t\t<\/div>\n\t\t\t\t<\/div>\n\t\t\t\t\t<\/div>\n\t\t<\/div>\n\t\t\t\t\t<\/div>\n\t\t<\/section>\n\t\t<div class=\"elementor-element elementor-element-2d00953 e-flex e-con-boxed e-con e-parent\" data-id=\"2d00953\" data-element_type=\"container\" data-e-type=\"container\">\n\t\t\t\t\t<div class=\"e-con-inner\">\n\t\t\t\t<div class=\"elementor-element elementor-element-7b834ee elementor-widget elementor-widget-heading\" data-id=\"7b834ee\" data-element_type=\"widget\" data-e-type=\"widget\" data-widget_type=\"heading.default\">\n\t\t\t\t<div class=\"elementor-widget-container\">\n\t\t\t\t\t<h2 class=\"elementor-heading-title elementor-size-default\">Rent a kayak on Vr\u00e5ng\u00f6<\/h2>\t\t\t\t<\/div>\n\t\t\t\t<\/div>\n\t\t\t\t\t<\/div>\n\t\t\t\t<\/div>\n\t\t<div class=\"elementor-element elementor-element-e81ccc9 e-flex e-con-boxed e-con e-parent\" data-id=\"e81ccc9\" data-element_type=\"container\" data-e-type=\"container\">\n\t\t\t\t\t<div class=\"e-con-inner\">\n\t\t\t\t<div class=\"elementor-element elementor-element-9b21876 elementor-widget elementor-widget-heading\" data-id=\"9b21876\" data-element_type=\"widget\" data-e-type=\"widget\" data-widget_type=\"heading.default\">\n\t\t\t\t<div class=\"elementor-widget-container\">\n\t\t\t\t\t<h2 class=\"elementor-heading-title elementor-size-default\">We rent kayaks from May - October<\/h2>\t\t\t\t<\/div>\n\t\t\t\t<\/div>\n\t\t\t\t<div class=\"elementor-element elementor-element-0b1e088 elementor-widget elementor-widget-text-editor\" data-id=\"0b1e088\" data-element_type=\"widget\" data-e-type=\"widget\" data-widget_type=\"text-editor.default\">\n\t\t\t\t<div class=\"elementor-widget-container\">\n\t\t\t\t\t\t\t\t\t<p>Starting the kayak trip from Vr\u00e5ng\u00f6 has many advantages. Here you are already at the far end of Gothenburg&#8217;s southernmost archipelago and close to islands to disembark on. You also don&#8217;t have to worry about the ferry traffic, because Vr\u00e5ng\u00f6 is the last of all the islands where the ferry docks. There are plenty of options on tours, depending on how far and where you want to paddle. It is easy to get to Kungs\u00f6, Torn\u00f6, Stora R\u00e4vholmen and L\u00f6kholmen from us. We give tips on where it is most suitable to paddle and you receive instructions in paddling before you set off.<\/p><p>At Kajkanten you can rent a kayak for a day trip or a few hours. There are both single kayaks, K1, and double kayaks, K2. Come for the day or take the opportunity to go on a kayak trip when you stay with us.<\/p><p>The kayak rental includes kayak, paddle, spray skirt, life jacket and map of the area. We rent kayaks May &#8211; October. You don&#8217;t need to be experienced, but choose a day with less wind if it&#8217;s your first time. Please consult with us about a good time before you rent!<\/p><p>We are at the reception at Kajkanten and will help you get started. You pay on site before you start your tour.<\/p>\t\t\t\t\t\t\t\t<\/div>\n\t\t\t\t<\/div>\n\t\t\t\t<div class=\"elementor-element elementor-element-65372db elementor-widget elementor-widget-button\" data-id=\"65372db\" data-element_type=\"widget\" data-e-type=\"widget\" data-widget_type=\"button.default\">\n\t\t\t\t<div class=\"elementor-widget-container\">\n\t\t\t\t\t\t\t\t\t<div class=\"elementor-button-wrapper\">\n\t\t\t\t\t<a class=\"elementor-button elementor-button-link elementor-size-sm\" href=\"https:\/\/kajkantenvrango.se\/bokningsforfragan-havskajak\/\">\n\t\t\t\t\t\t<span class=\"elementor-button-content-wrapper\">\n\t\t\t\t\t\t\t\t\t<span class=\"elementor-button-text\">BOOK KAYAK<\/span>\n\t\t\t\t\t<\/span>\n\t\t\t\t\t<\/a>\n\t\t\t\t<\/div>\n\t\t\t\t\t\t\t\t<\/div>\n\t\t\t\t<\/div>\n\t\t\t\t<div class=\"elementor-element elementor-element-78d5a51 elementor--h-position-center elementor--v-position-middle elementor-arrows-position-inside elementor-pagination-position-inside elementor-widget elementor-widget-slides\" data-id=\"78d5a51\" data-element_type=\"widget\" data-e-type=\"widget\" data-settings=\"{&quot;navigation&quot;:&quot;both&quot;,&quot;autoplay&quot;:&quot;yes&quot;,&quot;pause_on_hover&quot;:&quot;yes&quot;,&quot;pause_on_interaction&quot;:&quot;yes&quot;,&quot;autoplay_speed&quot;:5000,&quot;infinite&quot;:&quot;yes&quot;,&quot;transition&quot;:&quot;slide&quot;,&quot;transition_speed&quot;:500}\" data-widget_type=\"slides.default\">\n\t\t\t\t<div class=\"elementor-widget-container\">\n\t\t\t\t\t\t\t\t\t<div class=\"elementor-swiper\">\n\t\t\t\t\t<div class=\"elementor-slides-wrapper elementor-main-swiper swiper\" role=\"region\" aria-roledescription=\"carousel\" aria-label=\"Slides\" dir=\"ltr\" data-animation=\"fadeInUp\">\n\t\t\t\t<div class=\"swiper-wrapper elementor-slides\">\n\t\t\t\t\t\t\t\t\t\t<div class=\"elementor-repeater-item-4af461e swiper-slide\" role=\"group\" aria-roledescription=\"slide\"><div class=\"swiper-slide-bg\" role=\"img\"><\/div><div class=\"swiper-slide-inner\" ><div class=\"swiper-slide-contents\"><\/div><\/div><\/div><div class=\"elementor-repeater-item-066cf93 swiper-slide\" role=\"group\" aria-roledescription=\"slide\"><div class=\"swiper-slide-bg\" role=\"img\"><\/div><div class=\"swiper-slide-inner\" ><div class=\"swiper-slide-contents\"><\/div><\/div><\/div><div class=\"elementor-repeater-item-ce59c0e swiper-slide\" role=\"group\" aria-roledescription=\"slide\"><div class=\"swiper-slide-bg\" role=\"img\"><\/div><div class=\"swiper-slide-inner\" ><div class=\"swiper-slide-contents\"><\/div><\/div><\/div><div class=\"elementor-repeater-item-5ad9793 swiper-slide\" role=\"group\" aria-roledescription=\"slide\"><div class=\"swiper-slide-bg\" role=\"img\"><\/div><div class=\"swiper-slide-inner\" ><div class=\"swiper-slide-contents\"><\/div><\/div><\/div>\t\t\t\t<\/div>\n\t\t\t\t\t\t\t\t\t\t\t\t\t\t\t<div class=\"swiper-pagination\"><\/div>\n\t\t\t\t\t\t\t\t\t\t\t\t\t\t\t\t<div class=\"elementor-swiper-button elementor-swiper-button-prev\" role=\"button\" tabindex=\"0\" aria-label=\"Previous slide\">\n\t\t\t\t\t\t\t<svg aria-hidden=\"true\" class=\"e-font-icon-svg e-eicon-chevron-left\" viewBox=\"0 0 1000 1000\" xmlns=\"http:\/\/www.w3.org\/2000\/svg\"><path d=\"M646 125C629 125 613 133 604 142L308 442C296 454 292 471 292 487 292 504 296 521 308 533L604 854C617 867 629 875 646 875 663 875 679 871 692 858 704 846 713 829 713 812 713 796 708 779 692 767L438 487 692 225C700 217 708 204 708 187 708 171 704 154 692 142 675 129 663 125 646 125Z\"><\/path><\/svg>\t\t\t\t\t\t<\/div>\n\t\t\t\t\t\t<div class=\"elementor-swiper-button elementor-swiper-button-next\" role=\"button\" tabindex=\"0\" aria-label=\"Next slide\">\n\t\t\t\t\t\t\t<svg aria-hidden=\"true\" class=\"e-font-icon-svg e-eicon-chevron-right\" viewBox=\"0 0 1000 1000\" xmlns=\"http:\/\/www.w3.org\/2000\/svg\"><path d=\"M696 533C708 521 713 504 713 487 713 471 708 454 696 446L400 146C388 133 375 125 354 125 338 125 325 129 313 142 300 154 292 171 292 187 292 204 296 221 308 233L563 492 304 771C292 783 288 800 288 817 288 833 296 850 308 863 321 871 338 875 354 875 371 875 388 867 400 854L696 533Z\"><\/path><\/svg>\t\t\t\t\t\t<\/div>\n\t\t\t\t\t\t\t\t\t\t\t\t<\/div>\n\t\t\t\t<\/div>\n\t\t\t\t\t\t\t\t<\/div>\n\t\t\t\t<\/div>\n\t\t\t\t\t<\/div>\n\t\t\t\t<\/div>\n\t\t<div class=\"elementor-element elementor-element-cae6fb0 e-flex e-con-boxed e-con e-parent\" data-id=\"cae6fb0\" data-element_type=\"container\" data-e-type=\"container\">\n\t\t\t\t\t<div class=\"e-con-inner\">\n\t\t\t\t\t<\/div>\n\t\t\t\t<\/div>\n\t\t\t\t<\/div>\n\t\t","protected":false},"excerpt":{"rendered":"<p>Kajkanten Vr\u00e5ng\u00f6 GO KAYAKING Rent a kayak on Vr\u00e5ng\u00f6 We rent kayaks from May &#8211; October Starting the kayak trip from Vr\u00e5ng\u00f6 has many advantages. Here you are already at the far end of Gothenburg&#8217;s southernmost archipelago and close to islands to disembark on. You also don&#8217;t have to worry about the ferry traffic, because [&hellip;]<\/p>\n","protected":false},"author":2,"featured_media":0,"parent":0,"menu_order":0,"comment_status":"closed","ping_status":"closed","template":"page-templates\/home.php","meta":{"inline_featured_image":false,"footnotes":""},"class_list":["post-13467","page","type-page","status-publish","hentry"],"yoast_head":"<!-- This site is optimized with the Yoast SEO plugin v25.8 - https:\/\/yoast.com\/wordpress\/plugins\/seo\/ -->\n<title>Kayak - Vr\u00e5ng\u00f6 - kajkantenvrango<\/title>\n<meta name=\"description\" content=\"Paddle a kayak starting from Vr\u00e5ng\u00f6. Kajkanten rents out kayaks from May to October. Email us to book: info@kajkantenvrango.se.\" \/>\n<meta name=\"robots\" content=\"index, follow, max-snippet:-1, max-image-preview:large, max-video-preview:-1\" \/>\n<link rel=\"canonical\" href=\"https:\/\/kajkantenvrango.se\/en\/kayak-vrango\/\" \/>\n<meta property=\"og:locale\" content=\"en_US\" \/>\n<meta property=\"og:type\" content=\"article\" \/>\n<meta property=\"og:title\" content=\"Kayak - Vr\u00e5ng\u00f6 - kajkantenvrango\" \/>\n<meta property=\"og:description\" content=\"Paddle a kayak starting from Vr\u00e5ng\u00f6. Kajkanten rents out kayaks from May to October. Email us to book: info@kajkantenvrango.se.\" \/>\n<meta property=\"og:url\" content=\"https:\/\/kajkantenvrango.se\/en\/kayak-vrango\/\" \/>\n<meta property=\"og:site_name\" content=\"kajkantenvrango\" \/>\n<meta property=\"article:modified_time\" content=\"2025-02-26T20:09:30+00:00\" \/>\n<meta name=\"twitter:card\" content=\"summary_large_image\" \/>\n<meta name=\"twitter:label1\" content=\"Est. reading time\" \/>\n\t<meta name=\"twitter:data1\" content=\"2 minutes\" \/>\n<script type=\"application\/ld+json\" class=\"yoast-schema-graph\">{\"@context\":\"https:\/\/schema.org\",\"@graph\":[{\"@type\":\"WebPage\",\"@id\":\"https:\/\/kajkantenvrango.se\/en\/kayak-vrango\/\",\"url\":\"https:\/\/kajkantenvrango.se\/en\/kayak-vrango\/\",\"name\":\"Kayak - Vr\u00e5ng\u00f6 - kajkantenvrango\",\"isPartOf\":{\"@id\":\"https:\/\/kajkantenvrango.se\/en\/#website\"},\"datePublished\":\"2023-03-21T09:25:47+00:00\",\"dateModified\":\"2025-02-26T20:09:30+00:00\",\"description\":\"Paddle a kayak starting from Vr\u00e5ng\u00f6. Kajkanten rents out kayaks from May to October. Email us to book: info@kajkantenvrango.se.\",\"breadcrumb\":{\"@id\":\"https:\/\/kajkantenvrango.se\/en\/kayak-vrango\/#breadcrumb\"},\"inLanguage\":\"en-US\",\"potentialAction\":[{\"@type\":\"ReadAction\",\"target\":[\"https:\/\/kajkantenvrango.se\/en\/kayak-vrango\/\"]}]},{\"@type\":\"BreadcrumbList\",\"@id\":\"https:\/\/kajkantenvrango.se\/en\/kayak-vrango\/#breadcrumb\",\"itemListElement\":[{\"@type\":\"ListItem\",\"position\":1,\"name\":\"Home\",\"item\":\"https:\/\/kajkantenvrango.se\/en\/\"},{\"@type\":\"ListItem\",\"position\":2,\"name\":\"Kayak &#8211; Vr\u00e5ng\u00f6\"}]},{\"@type\":\"WebSite\",\"@id\":\"https:\/\/kajkantenvrango.se\/en\/#website\",\"url\":\"https:\/\/kajkantenvrango.se\/en\/\",\"name\":\"kajkantenvrango\",\"description\":\"\",\"potentialAction\":[{\"@type\":\"SearchAction\",\"target\":{\"@type\":\"EntryPoint\",\"urlTemplate\":\"https:\/\/kajkantenvrango.se\/en\/?s={search_term_string}\"},\"query-input\":{\"@type\":\"PropertyValueSpecification\",\"valueRequired\":true,\"valueName\":\"search_term_string\"}}],\"inLanguage\":\"en-US\"}]}<\/script>\n<!-- \/ Yoast SEO plugin. -->","yoast_head_json":{"title":"Kayak - Vr\u00e5ng\u00f6 - kajkantenvrango","description":"Paddle a kayak starting from Vr\u00e5ng\u00f6. Kajkanten rents out kayaks from May to October. Email us to book: info@kajkantenvrango.se.","robots":{"index":"index","follow":"follow","max-snippet":"max-snippet:-1","max-image-preview":"max-image-preview:large","max-video-preview":"max-video-preview:-1"},"canonical":"https:\/\/kajkantenvrango.se\/en\/kayak-vrango\/","og_locale":"en_US","og_type":"article","og_title":"Kayak - Vr\u00e5ng\u00f6 - kajkantenvrango","og_description":"Paddle a kayak starting from Vr\u00e5ng\u00f6. Kajkanten rents out kayaks from May to October. Email us to book: info@kajkantenvrango.se.","og_url":"https:\/\/kajkantenvrango.se\/en\/kayak-vrango\/","og_site_name":"kajkantenvrango","article_modified_time":"2025-02-26T20:09:30+00:00","twitter_card":"summary_large_image","twitter_misc":{"Est. reading time":"2 minutes"},"schema":{"@context":"https:\/\/schema.org","@graph":[{"@type":"WebPage","@id":"https:\/\/kajkantenvrango.se\/en\/kayak-vrango\/","url":"https:\/\/kajkantenvrango.se\/en\/kayak-vrango\/","name":"Kayak - Vr\u00e5ng\u00f6 - kajkantenvrango","isPartOf":{"@id":"https:\/\/kajkantenvrango.se\/en\/#website"},"datePublished":"2023-03-21T09:25:47+00:00","dateModified":"2025-02-26T20:09:30+00:00","description":"Paddle a kayak starting from Vr\u00e5ng\u00f6. Kajkanten rents out kayaks from May to October. Email us to book: info@kajkantenvrango.se.","breadcrumb":{"@id":"https:\/\/kajkantenvrango.se\/en\/kayak-vrango\/#breadcrumb"},"inLanguage":"en-US","potentialAction":[{"@type":"ReadAction","target":["https:\/\/kajkantenvrango.se\/en\/kayak-vrango\/"]}]},{"@type":"BreadcrumbList","@id":"https:\/\/kajkantenvrango.se\/en\/kayak-vrango\/#breadcrumb","itemListElement":[{"@type":"ListItem","position":1,"name":"Home","item":"https:\/\/kajkantenvrango.se\/en\/"},{"@type":"ListItem","position":2,"name":"Kayak &#8211; Vr\u00e5ng\u00f6"}]},{"@type":"WebSite","@id":"https:\/\/kajkantenvrango.se\/en\/#website","url":"https:\/\/kajkantenvrango.se\/en\/","name":"kajkantenvrango","description":"","potentialAction":[{"@type":"SearchAction","target":{"@type":"EntryPoint","urlTemplate":"https:\/\/kajkantenvrango.se\/en\/?s={search_term_string}"},"query-input":{"@type":"PropertyValueSpecification","valueRequired":true,"valueName":"search_term_string"}}],"inLanguage":"en-US"}]}},"_links":{"self":[{"href":"https:\/\/kajkantenvrango.se\/en\/wp-json\/wp\/v2\/pages\/13467","targetHints":{"allow":["GET"]}}],"collection":[{"href":"https:\/\/kajkantenvrango.se\/en\/wp-json\/wp\/v2\/pages"}],"about":[{"href":"https:\/\/kajkantenvrango.se\/en\/wp-json\/wp\/v2\/types\/page"}],"author":[{"embeddable":true,"href":"https:\/\/kajkantenvrango.se\/en\/wp-json\/wp\/v2\/users\/2"}],"replies":[{"embeddable":true,"href":"https:\/\/kajkantenvrango.se\/en\/wp-json\/wp\/v2\/comments?post=13467"}],"version-history":[{"count":10,"href":"https:\/\/kajkantenvrango.se\/en\/wp-json\/wp\/v2\/pages\/13467\/revisions"}],"predecessor-version":[{"id":19280,"href":"https:\/\/kajkantenvrango.se\/en\/wp-json\/wp\/v2\/pages\/13467\/revisions\/19280"}],"wp:attachment":[{"href":"https:\/\/kajkantenvrango.se\/en\/wp-json\/wp\/v2\/media?parent=13467"}],"curies":[{"name":"wp","href":"https:\/\/api.w.org\/{rel}","templated":true}]}}